{"id":150155,"date":"2021-01-15T11:01:41","date_gmt":"2021-01-15T11:01:41","guid":{"rendered":"https:\/\/codengine3.ch\/?product=import-placeholder-for-200885"},"modified":"2021-01-15T11:01:45","modified_gmt":"2021-01-15T11:01:45","slug":"les-3-vallees-hors-piste","status":"publish","type":"product","link":"https:\/\/pizbube.ch\/en\/shop\/les-3-vallees-hors-piste\/","title":{"rendered":"Les 3 Vall\u00e9es &#8211; hors piste"},"content":{"rendered":"<p>Variantenf\u00fchrer Couchevel- M\u00e9ribel, Val Thorens- Les M\u00e9nuires.  <\/p>\n<p>Les 3 Vall\u00e9es regroupent 4 stations: M\u00e9ribel, Courchevel, les Menuires et Val<br \/>\nThorens, la station la plus haute d&#8217;Europe (2200 m). Ici le ski hors-pistes<br \/>\ngarde encore un petit caract\u00e8re confidentiel et il n&#8217;est pas n\u00e9cessaire de se<br \/>\npresser pour y faire sa premi\u00e8re trace.  <\/p>\n<p>The Three Valleys is the name given to a group of four well-known ski-resorts:<br \/>\nM\u00e9ribel, Courchevel, Les Menuires, and Val Thorens, which is the highest<br \/>\nresort in Europe (2200m). There, off-piste skiing still retains a character of<br \/>\nfriendly secrecy, and you don&#8217;t necessarily have to rise before dawn to make<br \/>\nyour own track in virgin snow.<br \/>\n256 pages. 40 photos.<\/p>","protected":false},"excerpt":{"rendered":"<p>Variantenf\u00fchrer Couchevel- M\u00e9ribel, Val Thorens- Les M\u00e9nuires. Les 3 Vall\u00e9es regroupent 4 stations: M\u00e9ribel, Courchevel, les Menuires et Val Thorens, la station la plus haute d&#8217;Europe (2200 m). Ici le ski hors-pistes garde encore un petit caract\u00e8re confidentiel et il n&#8217;est pas n\u00e9cessaire de se presser pour y faire sa premi\u00e8re trace. The Three Valleys [&#8230;]\n","protected":false},"featured_media":27985,"template":"","meta":[],"product_brand":[],"product_cat":[21540],"product_tag":[],"class_list":{"0":"post-150155","1":"product","2":"type-product","3":"status-publish","4":"has-post-thumbnail","6":"product_cat-fuehrerliteratur-alpin-winter","7":"pa_autor-baud","8":"pa_erscheinungsjahr-21920","9":"pa_region-frankreich","10":"pa_sprache-fr-en","12":"first","13":"outofstock","14":"taxable","15":"shipping-taxable","16":"purchasable","17":"product-type-simple"},"_links":{"self":[{"href":"https:\/\/pizbube.ch\/en\/wp-json\/wp\/v2\/product\/150155","targetHints":{"allow":["GET"]}}],"collection":[{"href":"https:\/\/pizbube.ch\/en\/wp-json\/wp\/v2\/product"}],"about":[{"href":"https:\/\/pizbube.ch\/en\/wp-json\/wp\/v2\/types\/product"}],"wp:featuredmedia":[{"embeddable":true,"href":"https:\/\/pizbube.ch\/en\/wp-json\/wp\/v2\/media\/27985"}],"wp:attachment":[{"href":"https:\/\/pizbube.ch\/en\/wp-json\/wp\/v2\/media?parent=150155"}],"wp:term":[{"taxonomy":"product_brand","embeddable":true,"href":"https:\/\/pizbube.ch\/en\/wp-json\/wp\/v2\/product_brand?post=150155"},{"taxonomy":"product_cat","embeddable":true,"href":"https:\/\/pizbube.ch\/en\/wp-json\/wp\/v2\/product_cat?post=150155"},{"taxonomy":"product_tag","embeddable":true,"href":"https:\/\/pizbube.ch\/en\/wp-json\/wp\/v2\/product_tag?post=150155"}],"curies":[{"name":"wp","href":"https:\/\/api.w.org\/{rel}","templated":true}]}}