{"id":150157,"date":"2021-01-15T11:01:41","date_gmt":"2021-01-15T11:01:41","guid":{"rendered":"https:\/\/codengine3.ch\/?product=import-placeholder-for-206016"},"modified":"2023-01-17T11:18:19","modified_gmt":"2023-01-17T10:18:19","slug":"vallee-des-belleville-portrait-dune-haute-vallee","status":"publish","type":"product","link":"https:\/\/pizbube.ch\/en\/shop\/vallee-des-belleville-portrait-dune-haute-vallee\/","title":{"rendered":"Vall\u00e9e des Belleville &#8211; Portrait d&#8217;une haute vall\u00e9e"},"content":{"rendered":"<p>Saint Martin, Les Menuires, Val Thorens.<\/p>\n<p>La plus grande des 3 Vall\u00e9es, les Belleville est un endroit unique dans le<br \/>\nmonde des sports d&#8217;hiver, avec trois stations de ski internationales. En deux<br \/>\ng\u00e9n\u00e9rations, elle a profond\u00e9ment chang\u00e9, troquant ses faux et ses vaches pour<br \/>\ndes skis et des t\u00e9l\u00e9si\u00e8ges.<br \/>\nEn tendant l&#8217;oreille, en prenant le temps d&#8217;\u00e9couter, la vall\u00e9e des Belleville<br \/>\nr\u00e9v\u00e8le sa personnalit\u00e9. Ce livre est le carnet de voyage, richement illustr\u00e9<br \/>\net passionn\u00e9ment \u00e9crit, du destin inattendu de ce territoire de haute<br \/>\nmontagne.<br \/>\nPortfolio d&#8217;images de ski, portraits d&#8217;anciens racontant leur enfance<br \/>\npastorale, saga de la cr\u00e9ation des stations des Menuires et Val Thorens : ce<br \/>\nlivre vous emm\u00e8ne explorer la vall\u00e9e des Belleville.<\/p>","protected":false},"excerpt":{"rendered":"<p>Saint Martin, Les Menuires, Val Thorens. La plus grande des 3 Vall\u00e9es, les Belleville est un endroit unique dans le monde des sports d&#8217;hiver, avec trois stations de ski internationales. En deux g\u00e9n\u00e9rations, elle a profond\u00e9ment chang\u00e9, troquant ses faux et ses vaches pour des skis et des t\u00e9l\u00e9si\u00e8ges. En tendant l&#8217;oreille, en prenant le [&#8230;]\n","protected":false},"featured_media":34901,"template":"","meta":[],"product_brand":[],"product_cat":[21542],"product_tag":[],"class_list":{"0":"post-150157","1":"product","2":"type-product","3":"status-publish","4":"has-post-thumbnail","6":"product_cat-sachbuecher-dokumentationen","7":"pa_autor-noisillier","8":"pa_erscheinungsjahr-21693","9":"pa_region-frankreich","10":"pa_sprache-e","11":"pa_sprache-f","13":"first","14":"outofstock","15":"taxable","16":"shipping-taxable","17":"purchasable","18":"product-type-simple"},"_links":{"self":[{"href":"https:\/\/pizbube.ch\/en\/wp-json\/wp\/v2\/product\/150157","targetHints":{"allow":["GET"]}}],"collection":[{"href":"https:\/\/pizbube.ch\/en\/wp-json\/wp\/v2\/product"}],"about":[{"href":"https:\/\/pizbube.ch\/en\/wp-json\/wp\/v2\/types\/product"}],"wp:featuredmedia":[{"embeddable":true,"href":"https:\/\/pizbube.ch\/en\/wp-json\/wp\/v2\/media\/34901"}],"wp:attachment":[{"href":"https:\/\/pizbube.ch\/en\/wp-json\/wp\/v2\/media?parent=150157"}],"wp:term":[{"taxonomy":"product_brand","embeddable":true,"href":"https:\/\/pizbube.ch\/en\/wp-json\/wp\/v2\/product_brand?post=150157"},{"taxonomy":"product_cat","embeddable":true,"href":"https:\/\/pizbube.ch\/en\/wp-json\/wp\/v2\/product_cat?post=150157"},{"taxonomy":"product_tag","embeddable":true,"href":"https:\/\/pizbube.ch\/en\/wp-json\/wp\/v2\/product_tag?post=150157"}],"curies":[{"name":"wp","href":"https:\/\/api.w.org\/{rel}","templated":true}]}}