{"id":150160,"date":"2021-01-15T11:01:41","date_gmt":"2021-01-15T11:01:41","guid":{"rendered":"https:\/\/codengine3.ch\/?product=import-placeholder-for-202043"},"modified":"2021-01-15T12:32:51","modified_gmt":"2021-01-15T12:32:51","slug":"mont-blanc-ski-de-randonnee","status":"publish","type":"product","link":"https:\/\/pizbube.ch\/en\/shop\/mont-blanc-ski-de-randonnee\/","title":{"rendered":"Mont &#8211; Blanc Ski de randonn\u00e9e"},"content":{"rendered":"<p>Topo &#8211; guide avec une s\u00e9lection des principaux itin\u00e9raires de ski de randonn\u00e9e<br \/>\nqui parcourent les massif du Mont- Blanc et des Aiguilles Rouges, au d\u00e9part du<br \/>\nVal Montjoie, de la Vall\u00e9e de Chamonix, de Vallorcine et des versants Suisse<br \/>\net Italien du Mont Blanc.  <\/p>","protected":false},"excerpt":{"rendered":"<p>Topo &#8211; guide avec une s\u00e9lection des principaux itin\u00e9raires de ski de randonn\u00e9e qui parcourent les massif du Mont- Blanc et des Aiguilles Rouges, au d\u00e9part du Val Montjoie, de la Vall\u00e9e de Chamonix, de Vallorcine et des versants Suisse et Italien du Mont Blanc.<\/p>","protected":false},"featured_media":29424,"template":"","meta":[],"product_brand":[],"product_cat":[21540],"product_tag":[],"class_list":{"0":"post-150160","1":"product","2":"type-product","3":"status-publish","4":"has-post-thumbnail","6":"product_cat-fuehrerliteratur-alpin-winter","7":"pa_autor-delaperriere-gentilini","8":"pa_erscheinungsjahr-21750","9":"pa_region-frankreich","10":"pa_sprache-fr","12":"first","13":"instock","14":"taxable","15":"shipping-taxable","16":"purchasable","17":"product-type-simple"},"_links":{"self":[{"href":"https:\/\/pizbube.ch\/en\/wp-json\/wp\/v2\/product\/150160","targetHints":{"allow":["GET"]}}],"collection":[{"href":"https:\/\/pizbube.ch\/en\/wp-json\/wp\/v2\/product"}],"about":[{"href":"https:\/\/pizbube.ch\/en\/wp-json\/wp\/v2\/types\/product"}],"wp:featuredmedia":[{"embeddable":true,"href":"https:\/\/pizbube.ch\/en\/wp-json\/wp\/v2\/media\/29424"}],"wp:attachment":[{"href":"https:\/\/pizbube.ch\/en\/wp-json\/wp\/v2\/media?parent=150160"}],"wp:term":[{"taxonomy":"product_brand","embeddable":true,"href":"https:\/\/pizbube.ch\/en\/wp-json\/wp\/v2\/product_brand?post=150160"},{"taxonomy":"product_cat","embeddable":true,"href":"https:\/\/pizbube.ch\/en\/wp-json\/wp\/v2\/product_cat?post=150160"},{"taxonomy":"product_tag","embeddable":true,"href":"https:\/\/pizbube.ch\/en\/wp-json\/wp\/v2\/product_tag?post=150160"}],"curies":[{"name":"wp","href":"https:\/\/api.w.org\/{rel}","templated":true}]}}