{"id":150163,"date":"2021-01-15T11:01:41","date_gmt":"2021-01-15T11:01:41","guid":{"rendered":"https:\/\/codengine3.ch\/?product=import-placeholder-for-203945"},"modified":"2021-01-15T14:28:08","modified_gmt":"2021-01-15T14:28:08","slug":"blanche-neige-trafic-au-sommet-dvd","status":"publish","type":"product","link":"https:\/\/pizbube.ch\/en\/shop\/blanche-neige-trafic-au-sommet-dvd\/","title":{"rendered":"Blanche neige, trafic au sommet DVD"},"content":{"rendered":"<p>De belles images de glisse contrastent avec l&#8217;agression de l&#8217;environnement par<br \/>\nles camions dans la vall\u00e9e de Chamonix. Film (21 minutes), Bonus ski (30<br \/>\nminutes):<br \/>\n&#8211; Descente du Mont-Blanc<br \/>\n&#8211; Les P\u00e9riades<br \/>\n&#8211; Le Glacier Rond<br \/>\n&#8211; Le Br\u00e9vent<br \/>\n&#8211; Le mauvais temps<br \/>\nInterviews (30 minutes; DVD<\/p>","protected":false},"excerpt":{"rendered":"<p>De belles images de glisse contrastent avec l&#8217;agression de l&#8217;environnement par les camions dans la vall\u00e9e de Chamonix. Film (21 minutes), Bonus ski (30 minutes): &#8211; Descente du Mont-Blanc &#8211; Les P\u00e9riades &#8211; Le Glacier Rond &#8211; Le Br\u00e9vent &#8211; Le mauvais temps Interviews (30 minutes; DVD<\/p>","protected":false},"featured_media":31659,"template":"","meta":[],"product_brand":[],"product_cat":[21628],"product_tag":[],"class_list":{"0":"post-150163","1":"product","2":"type-product","3":"status-publish","4":"has-post-thumbnail","6":"product_cat-video-dvd-multimedia","7":"pa_autor-de-nas-de-tourris","8":"pa_erscheinungsjahr-21920","9":"pa_region-frankreich","10":"pa_sprache-fr","12":"first","13":"instock","14":"taxable","15":"shipping-taxable","16":"purchasable","17":"product-type-simple"},"_links":{"self":[{"href":"https:\/\/pizbube.ch\/en\/wp-json\/wp\/v2\/product\/150163","targetHints":{"allow":["GET"]}}],"collection":[{"href":"https:\/\/pizbube.ch\/en\/wp-json\/wp\/v2\/product"}],"about":[{"href":"https:\/\/pizbube.ch\/en\/wp-json\/wp\/v2\/types\/product"}],"wp:featuredmedia":[{"embeddable":true,"href":"https:\/\/pizbube.ch\/en\/wp-json\/wp\/v2\/media\/31659"}],"wp:attachment":[{"href":"https:\/\/pizbube.ch\/en\/wp-json\/wp\/v2\/media?parent=150163"}],"wp:term":[{"taxonomy":"product_brand","embeddable":true,"href":"https:\/\/pizbube.ch\/en\/wp-json\/wp\/v2\/product_brand?post=150163"},{"taxonomy":"product_cat","embeddable":true,"href":"https:\/\/pizbube.ch\/en\/wp-json\/wp\/v2\/product_cat?post=150163"},{"taxonomy":"product_tag","embeddable":true,"href":"https:\/\/pizbube.ch\/en\/wp-json\/wp\/v2\/product_tag?post=150163"}],"curies":[{"name":"wp","href":"https:\/\/api.w.org\/{rel}","templated":true}]}}