{"id":150165,"date":"2021-01-15T11:01:41","date_gmt":"2021-01-15T11:01:41","guid":{"rendered":"https:\/\/codengine3.ch\/?product=import-placeholder-for-204873"},"modified":"2021-01-15T14:36:56","modified_gmt":"2021-01-15T14:36:56","slug":"le-monde-du-freeride","status":"publish","type":"product","link":"https:\/\/pizbube.ch\/en\/shop\/le-monde-du-freeride\/","title":{"rendered":"Le Monde Du FreeRide"},"content":{"rendered":"<p>Manifestation d&#8217;un besoin de libert\u00e9, le ski a toujours \u00e9t\u00e9 tiraill\u00e9 entre la<br \/>\nnormalisation du piquet et la volont\u00e9 de s&#8217;affranchir des r\u00e8gles pr\u00e9\u00e9tablies.<br \/>\nLe ski libre est ainsi l&#8217;expression d&#8217;une culture de la glisse qui cherche \u00e0<br \/>\nbousculer les convenances et les traditions. De la naissance du ski extr\u00eame \u00e0<br \/>\ncelle du freestyle, la seconde moiti\u00e9 du XXe si\u00e8cle a \u00e9t\u00e9 rythm\u00e9e par<br \/>\nl&#8217;arriv\u00e9e de nouvelles disciplines qui ont influenc\u00e9 l&#8217;\u00e9volution du ski libre<br \/>\net donn\u00e9 naissance \u00e0 une nouvelle mani\u00e8re d&#8217;aborder la montagne : le freeride.<br \/>\nAntoine Grospiron Jaccoux et Dan Ferrer r\u00e9alisent avec cet ouvrage une oeuvre<br \/>\nqui n&#8217;a encore jamais \u00e9t\u00e9 accomplie : rassembler l&#8217;\u00e2me du freeride.  <\/p>\n<p>\u00c0 travers de nombreuses photographies et les t\u00e9moignages des skieurs les plus<br \/>\ninfluents de leur g\u00e9n\u00e9ration ainsi qu&#8217;une chronologie minutieuse de l&#8217;histoire<br \/>\ndu ski libre, cet ouvrage r\u00e9alise une oeuvre qui n&#8217;a encore jamais \u00e9t\u00e9<br \/>\naccomplie : rassembler l&#8217;\u00e2me du freeride.<br \/>\n231 p.  <\/p>","protected":false},"excerpt":{"rendered":"<p>Manifestation d&#8217;un besoin de libert\u00e9, le ski a toujours \u00e9t\u00e9 tiraill\u00e9 entre la normalisation du piquet et la volont\u00e9 de s&#8217;affranchir des r\u00e8gles pr\u00e9\u00e9tablies. Le ski libre est ainsi l&#8217;expression d&#8217;une culture de la glisse qui cherche \u00e0 bousculer les convenances et les traditions. De la naissance du ski extr\u00eame \u00e0 celle du freestyle, la [&#8230;]\n","protected":false},"featured_media":33411,"template":"","meta":[],"product_brand":[],"product_cat":[21542],"product_tag":[],"class_list":{"0":"post-150165","1":"product","2":"type-product","3":"status-publish","4":"has-post-thumbnail","6":"product_cat-sachbuecher-dokumentationen","7":"pa_autor-jaccoux-ferrer","8":"pa_erscheinungsjahr-21763","9":"pa_region-frankreich","10":"pa_sprache-fr","12":"first","13":"instock","14":"taxable","15":"shipping-taxable","16":"purchasable","17":"product-type-simple"},"_links":{"self":[{"href":"https:\/\/pizbube.ch\/en\/wp-json\/wp\/v2\/product\/150165","targetHints":{"allow":["GET"]}}],"collection":[{"href":"https:\/\/pizbube.ch\/en\/wp-json\/wp\/v2\/product"}],"about":[{"href":"https:\/\/pizbube.ch\/en\/wp-json\/wp\/v2\/types\/product"}],"wp:featuredmedia":[{"embeddable":true,"href":"https:\/\/pizbube.ch\/en\/wp-json\/wp\/v2\/media\/33411"}],"wp:attachment":[{"href":"https:\/\/pizbube.ch\/en\/wp-json\/wp\/v2\/media?parent=150165"}],"wp:term":[{"taxonomy":"product_brand","embeddable":true,"href":"https:\/\/pizbube.ch\/en\/wp-json\/wp\/v2\/product_brand?post=150165"},{"taxonomy":"product_cat","embeddable":true,"href":"https:\/\/pizbube.ch\/en\/wp-json\/wp\/v2\/product_cat?post=150165"},{"taxonomy":"product_tag","embeddable":true,"href":"https:\/\/pizbube.ch\/en\/wp-json\/wp\/v2\/product_tag?post=150165"}],"curies":[{"name":"wp","href":"https:\/\/api.w.org\/{rel}","templated":true}]}}