{"id":150167,"date":"2021-01-15T11:01:41","date_gmt":"2021-01-15T11:01:41","guid":{"rendered":"https:\/\/codengine3.ch\/?product=import-placeholder-for-205662"},"modified":"2025-03-26T11:50:22","modified_gmt":"2025-03-26T10:50:22","slug":"mont-blanc-skitouren","status":"publish","type":"product","link":"https:\/\/pizbube.ch\/en\/shop\/mont-blanc-skitouren\/","title":{"rendered":"Mont Blanc Skitouren"},"content":{"rendered":"<p>Meg\u00e8ve &#8211; Chamonix &#8211; Val Ferret<\/p>\n<p><span class=\"value\">Das Mont-Blanc-Gebiet bietet erfahrenen Skitourengehern und Alpinisten eine Vielzahl anspruchsvoller Skitouren und Skihochtouren. Rund um den wei\u00dfen K\u00f6nig der Alpen lassen sich herausfordernde Touren unternehmen. Der Rother Skitourenf\u00fchrer \u00bbMont Blanc\u00ab pr\u00e4sentiert 53 atemberaubende spektakul\u00e4re Touren und Abfahrten, die von Meg\u00e8ve \u00fcber Chamonix bis ins Val Ferret reichen.<\/span><\/p>\n<p>Ob die klassische Besteigung des Mont Blanc, der Aufstieg zum D\u00f4me du Go\u00fbter oder die legend\u00e4re \u00bbLes Trois Cols\u00ab-\u00dcberschreitung \u2013 dieses Buch bietet eine unvergleichliche Auswahl. Auch Freunde alpiner Skiabfahrten kommen auf ihre Kosten: Die Vall\u00e9e Blanche, eine der bekanntesten Gletscherabfahrten der Welt, ist ein Muss f\u00fcr alle, die das Mont-Blanc-Gebiet erkunden m\u00f6chten. F\u00fcr wahre Experten locken Herausforderungen wie die Steilwandabfahrt von Les Courtes oder die spektakul\u00e4re Abfahrt von der Aiguille de Bionnassay \u2013 zweifellos die schwierigste Tour im Buch.<\/p>\n<p>Jede Skitour wird detailliert beschrieben und mit farblich kodierten Schwierigkeitsgraden sowie der franz\u00f6sischen Bewertungsskala versehen. Expositionssymbole geben schnell Auskunft \u00fcber die vorherrschende Hangrichtung und helfen bei der Einsch\u00e4tzung von Lawinengefahr und Schneequalit\u00e4t. \u00dcbersichtliche Charakteristika liefern wertvolle Informationen zu Anforderungen, optimalen Zeitr\u00e4umen und Tourenvarianten. Karten mit eingezeichnetem Routenverlauf runden jede Tourenbeschreibung ab.<\/p>\n<p>Der Autor Hartmut Eberlein, ein erfahrener Skitourengeher und ausgewiesener Kenner des Mont-Blanc-Gebiets, hat die dritte Auflage dieses Klassikers sorgf\u00e4ltig aktualisiert.<\/p>\n<p>182 Seiten mit 89 Farbabbildungen<br \/>\n53 Tourenk\u00e4rtchen im Ma\u00dfstab 1:50.000, eine \u00dcbersichtskarte im Ma\u00dfstab<br \/>\n1:200.000<\/p>\n<p>3. \u00fcberarbeitete Auflage 2025<\/p>","protected":false},"excerpt":{"rendered":"<p>Meg\u00e8ve &#8211; Chamonix &#8211; Val Ferret Das Mont-Blanc-Gebiet bietet erfahrenen Skitourengehern und Alpinisten eine Vielzahl anspruchsvoller Skitouren und Skihochtouren. Rund um den wei\u00dfen K\u00f6nig der Alpen lassen sich herausfordernde Touren unternehmen. Der Rother Skitourenf\u00fchrer \u00bbMont Blanc\u00ab pr\u00e4sentiert 53 atemberaubende spektakul\u00e4re Touren und Abfahrten, die von Meg\u00e8ve \u00fcber Chamonix bis ins Val Ferret reichen. Ob die [&#8230;]\n","protected":false},"featured_media":177186,"template":"","meta":[],"product_brand":[],"product_cat":[21540],"product_tag":[],"class_list":{"0":"post-150167","1":"product","2":"type-product","3":"status-publish","4":"has-post-thumbnail","6":"product_cat-fuehrerliteratur-alpin-winter","7":"pa_autor-eberlein","8":"pa_erscheinungsjahr-27415","9":"pa_region-frankreich","10":"pa_sprache-de","12":"first","13":"instock","14":"taxable","15":"shipping-taxable","16":"purchasable","17":"product-type-simple"},"_links":{"self":[{"href":"https:\/\/pizbube.ch\/en\/wp-json\/wp\/v2\/product\/150167","targetHints":{"allow":["GET"]}}],"collection":[{"href":"https:\/\/pizbube.ch\/en\/wp-json\/wp\/v2\/product"}],"about":[{"href":"https:\/\/pizbube.ch\/en\/wp-json\/wp\/v2\/types\/product"}],"wp:featuredmedia":[{"embeddable":true,"href":"https:\/\/pizbube.ch\/en\/wp-json\/wp\/v2\/media\/177186"}],"wp:attachment":[{"href":"https:\/\/pizbube.ch\/en\/wp-json\/wp\/v2\/media?parent=150167"}],"wp:term":[{"taxonomy":"product_brand","embeddable":true,"href":"https:\/\/pizbube.ch\/en\/wp-json\/wp\/v2\/product_brand?post=150167"},{"taxonomy":"product_cat","embeddable":true,"href":"https:\/\/pizbube.ch\/en\/wp-json\/wp\/v2\/product_cat?post=150167"},{"taxonomy":"product_tag","embeddable":true,"href":"https:\/\/pizbube.ch\/en\/wp-json\/wp\/v2\/product_tag?post=150167"}],"curies":[{"name":"wp","href":"https:\/\/api.w.org\/{rel}","templated":true}]}}