{"id":150170,"date":"2021-01-15T11:01:41","date_gmt":"2021-01-15T11:01:41","guid":{"rendered":"https:\/\/codengine3.ch\/?product=import-placeholder-for-200888"},"modified":"2026-01-07T15:12:00","modified_gmt":"2026-01-07T14:12:00","slug":"haute-savoie-mont-blanc-ski-de-randonnee","status":"publish","type":"product","link":"https:\/\/pizbube.ch\/en\/shop\/haute-savoie-mont-blanc-ski-de-randonnee\/","title":{"rendered":"Haute Savoie &#8211; Mont Blanc Ski de randonn\u00e9e"},"content":{"rendered":"<p class=\"product_title entry-title\">170 itin\u00e9raires de ski-alpinisme dont la Haute-Route<\/p>\n<p>Ce guide a l\u2019ambition de r\u00e9aliser une description compl\u00e8te des courses \u00e0 ski<br \/>\nr\u00e9alisables en Haute-Savoie. Du L\u00e9man au lac d\u2019Annecy, du plateau des Gli\u00e8res<br \/>\n\u00e0 la cha\u00eene du Mont-Blanc, la Haute-Savoie, berceau de l\u2019alpinisme, est en<br \/>\neffet l\u2019une des r\u00e9gions des Alpes les plus favorables \u00e0 la pratique du ski de<br \/>\nrandonn\u00e9e.<\/p>\n<p>Avec, en point d\u2019orgue, le Mont Blanc lui-m\u00eame, monarque absolu, dont<br \/>\nl\u2019ascension et la descente \u00e0 ski constituent toujours un moment inoubliable<br \/>\ndans la carri\u00e8re d\u2019un skieur. Ainsi, plus de 170 itin\u00e9raires, dont 40 pour le<br \/>\nseul versant fran\u00e7ais de la cha\u00eene du Mont-Blanc, de la balade d\u2019initiation au<br \/>\nski extr\u00eame, sont d\u00e9crits dans ce guide, sans compter les nombreuses variantes<br \/>\nmentionn\u00e9es plus bri\u00e8vement. Comme pour tous les ouvrages de la collection,<br \/>\nune fiche technique accompagne chaque course, ainsi qu\u2019un croquis sch\u00e9matique<br \/>\navec trac\u00e9 de l\u2019itin\u00e9raire.<\/p>\n<p>Les raids n\u2019ont pas \u00e9t\u00e9 oubli\u00e9s: l\u2019auteur d\u00e9crit sept possibilit\u00e9s de raids en<br \/>\nHaute-Savoie, d\u2019une dur\u00e9e de deux \u00e0 huit jours, dont des travers\u00e9es du<br \/>\nChablais, des Aravis, ou sur le GR5.<\/p>\n<p>Fran\u00e7ois Labande a aussi r\u00e9serv\u00e9 une place particuli\u00e8re au ski extr\u00eame, \u00e0 son<br \/>\nhistorique \u2013 avec, notamment, le r\u00f4le essentiel d\u2019un Andr\u00e9 Charlet, dans les<br \/>\nann\u00e9es 20 \u2013 et mentionne, au fil des pages, les \u201cpremi\u00e8res\u201d de ces amateurs de<br \/>\npentes raides aux limites du possible.<br \/>\nLes commentaires de l\u2019auteur, li\u00e9s \u00e0 son engagement sans faille en faveur de<br \/>\nla protection du milieu alpin, conservent toute leur vigueur dans la cinqui\u00e8me<br \/>\n\u00e9dition de ce classique du ski de randonn\u00e9e, compl\u00e8tement mis \u00e0 jour.<br \/>\nNouvelle \u00e9dition mise \u00e0 jour!<\/p>","protected":false},"excerpt":{"rendered":"<p>170 itin\u00e9raires de ski-alpinisme dont la Haute-Route Ce guide a l\u2019ambition de r\u00e9aliser une description compl\u00e8te des courses \u00e0 ski r\u00e9alisables en Haute-Savoie. Du L\u00e9man au lac d\u2019Annecy, du plateau des Gli\u00e8res \u00e0 la cha\u00eene du Mont-Blanc, la Haute-Savoie, berceau de l\u2019alpinisme, est en effet l\u2019une des r\u00e9gions des Alpes les plus favorables \u00e0 la [&#8230;]\n","protected":false},"featured_media":182740,"template":"","meta":[],"product_brand":[],"product_cat":[21540],"product_tag":[],"class_list":{"0":"post-150170","1":"product","2":"type-product","3":"status-publish","4":"has-post-thumbnail","6":"product_cat-fuehrerliteratur-alpin-winter","7":"pa_autor-labande","8":"pa_erscheinungsjahr-25440","9":"pa_region-frankreich","10":"pa_sprache-fr","12":"first","13":"instock","14":"taxable","15":"shipping-taxable","16":"purchasable","17":"product-type-simple"},"_links":{"self":[{"href":"https:\/\/pizbube.ch\/en\/wp-json\/wp\/v2\/product\/150170","targetHints":{"allow":["GET"]}}],"collection":[{"href":"https:\/\/pizbube.ch\/en\/wp-json\/wp\/v2\/product"}],"about":[{"href":"https:\/\/pizbube.ch\/en\/wp-json\/wp\/v2\/types\/product"}],"wp:featuredmedia":[{"embeddable":true,"href":"https:\/\/pizbube.ch\/en\/wp-json\/wp\/v2\/media\/182740"}],"wp:attachment":[{"href":"https:\/\/pizbube.ch\/en\/wp-json\/wp\/v2\/media?parent=150170"}],"wp:term":[{"taxonomy":"product_brand","embeddable":true,"href":"https:\/\/pizbube.ch\/en\/wp-json\/wp\/v2\/product_brand?post=150170"},{"taxonomy":"product_cat","embeddable":true,"href":"https:\/\/pizbube.ch\/en\/wp-json\/wp\/v2\/product_cat?post=150170"},{"taxonomy":"product_tag","embeddable":true,"href":"https:\/\/pizbube.ch\/en\/wp-json\/wp\/v2\/product_tag?post=150170"}],"curies":[{"name":"wp","href":"https:\/\/api.w.org\/{rel}","templated":true}]}}