{"id":150174,"date":"2021-01-15T11:01:42","date_gmt":"2021-01-15T11:01:42","guid":{"rendered":"https:\/\/codengine3.ch\/?product=import-placeholder-for-206811"},"modified":"2026-03-25T11:48:14","modified_gmt":"2026-03-25T10:48:14","slug":"ski-de-randonnee-autour-du-mont-blanc-ski-touring-around-mont-blanc-75-ski-tours","status":"publish","type":"product","link":"https:\/\/pizbube.ch\/en\/shop\/ski-de-randonnee-autour-du-mont-blanc-ski-touring-around-mont-blanc-75-ski-tours\/","title":{"rendered":"SKI DE RANDONN\u00c9E autour du Mont-Blanc \/ Ski Touring Around Mont Blanc 75 Ski Tours"},"content":{"rendered":"<p>75 id\u00e9es de sommets et d\u2019itin\u00e9raires \u00e0 ski de rando (France, Italie,<br \/>\nSuisse)<\/p>\n<p>Ce topo-guide est un mixte d\u2019itin\u00e9raires classiques, de sommets<br \/>\nincontournables et de p\u00e9pites oubli\u00e9es du plus grand nombre. C\u2019est aussi une<br \/>\nproposition jouant des trois pays limitrophes : France\/Italie\/Suisse. Suivant<br \/>\nles conditions, la m\u00e9t\u00e9o et l\u2019enneigement, ce topo incite de jouer \u00e0 saute-<br \/>\nfronti\u00e8res pour trouver les meilleures neiges de novembre \u00e0 mai&#8230;<\/p>\n<p>Pas d\u2019ambition d\u2019exhaustivit\u00e9, mais au contraire un soin particulier \u00e0<br \/>\nproposer des sorties accessibles au plus grand nombre en panachant itin\u00e9raires<br \/>\npermettant la d\u00e9couverte du ski de randonn\u00e9e et de grandes \u00e9chapp\u00e9es pour le<br \/>\nskieur confirm\u00e9.<\/p>\n<p>&nbsp;<\/p>\n<p>Ski Touring Around Mont Blanc &#8211; 75 Ski Tours (France, Italy, Switzerland)<\/p>\n<p>Combining the delights of exploring new peaks with those of a superb descent &#8211;<br \/>\nthat&#8217;s the magic of ski touring.<\/p>\n<p>This new guidebook describes a selection of classic ski tours together with<br \/>\nseveral lesser-known and often-overlooked gems that will inspire skiers to<br \/>\nexpand their horizons.<\/p>\n<p>It covers all three countries surrounding Mont Blanc: France, Italy and<br \/>\nSwitzerland and depending on snow conditions, the weather and the height of<br \/>\nthe snow line, this guide allows skiers to hop from country-to-country in<br \/>\norder to find the best snow from November to May&#8230;<\/p>\n<p>Rather than attempting to produce a comprehensive guide, the aim was to<br \/>\ndescribe a selection of routes that should be within the capabilities of most<br \/>\nskiers and to include outings suitable for newcomers to the sport, as well as<br \/>\nlonger and more technical itineraries for experienced ski tourers.<\/p>","protected":false},"excerpt":{"rendered":"<p>75 id\u00e9es de sommets et d\u2019itin\u00e9raires \u00e0 ski de rando (France, Italie, Suisse) Ce topo-guide est un mixte d\u2019itin\u00e9raires classiques, de sommets incontournables et de p\u00e9pites oubli\u00e9es du plus grand nombre. C\u2019est aussi une proposition jouant des trois pays limitrophes : France\/Italie\/Suisse. Suivant les conditions, la m\u00e9t\u00e9o et l\u2019enneigement, ce topo incite de jouer \u00e0 [&#8230;]\n","protected":false},"featured_media":183066,"template":"","meta":[],"product_brand":[],"product_cat":[21540],"product_tag":[],"class_list":{"0":"post-150174","1":"product","2":"type-product","3":"status-publish","4":"has-post-thumbnail","6":"product_cat-fuehrerliteratur-alpin-winter","7":"pa_autor-matet","8":"pa_erscheinungsjahr-21558","9":"pa_region-frankreich","10":"pa_sprache-fr-en","12":"first","13":"instock","14":"taxable","15":"shipping-taxable","16":"purchasable","17":"product-type-simple"},"_links":{"self":[{"href":"https:\/\/pizbube.ch\/en\/wp-json\/wp\/v2\/product\/150174","targetHints":{"allow":["GET"]}}],"collection":[{"href":"https:\/\/pizbube.ch\/en\/wp-json\/wp\/v2\/product"}],"about":[{"href":"https:\/\/pizbube.ch\/en\/wp-json\/wp\/v2\/types\/product"}],"wp:featuredmedia":[{"embeddable":true,"href":"https:\/\/pizbube.ch\/en\/wp-json\/wp\/v2\/media\/183066"}],"wp:attachment":[{"href":"https:\/\/pizbube.ch\/en\/wp-json\/wp\/v2\/media?parent=150174"}],"wp:term":[{"taxonomy":"product_brand","embeddable":true,"href":"https:\/\/pizbube.ch\/en\/wp-json\/wp\/v2\/product_brand?post=150174"},{"taxonomy":"product_cat","embeddable":true,"href":"https:\/\/pizbube.ch\/en\/wp-json\/wp\/v2\/product_cat?post=150174"},{"taxonomy":"product_tag","embeddable":true,"href":"https:\/\/pizbube.ch\/en\/wp-json\/wp\/v2\/product_tag?post=150174"}],"curies":[{"name":"wp","href":"https:\/\/api.w.org\/{rel}","templated":true}]}}