{"id":150175,"date":"2021-01-15T11:01:46","date_gmt":"2021-01-15T11:01:46","guid":{"rendered":"https:\/\/codengine3.ch\/?product=import-placeholder-for-204447"},"modified":"2025-03-24T15:57:29","modified_gmt":"2025-03-24T14:57:29","slug":"vanoise-toponeige-tarantaise-maurienne","status":"publish","type":"product","link":"https:\/\/pizbube.ch\/en\/shop\/vanoise-toponeige-tarantaise-maurienne\/","title":{"rendered":"Vanoise Toponeige: Tarantaise &#8211; Maurienne"},"content":{"rendered":"<p>Tarantaise &#8211; Maurienne<\/p>\n<p>Ce toponeige est consacr\u00e9 \u00e0 des massifs d&#8217;altitude, avec une majorit\u00e9 de<br \/>\nsommets d\u00e9passant les 3000 m. Un grand choix de courses abordables en milieu<br \/>\nglaciaire. Fr\u00e9quent\u00e9 principalement au printemps.<\/p>\n<p>Les deux versants de la Vanoise, Tarentaise et Maurienne, avec :<br \/>\nle coeur du massif depuis les sources de l&#8217;Arc et de l&#8217;is\u00e8re jusqu&#8217;au col des<br \/>\nEncombres<br \/>\nla cha\u00eene fronti\u00e8re de Haute-Tarentaise, au sud du col du Petit-Saint-Bernard<br \/>\nla cha\u00eene fronti\u00e8re de Haute-Maurienne, \u00e0 l&#8217;est du col du Mont-Cenis<br \/>\n184 courses de base, une moiti\u00e9 au d\u00e9part de la Tarentaise, l&#8217;autre au d\u00e9part<br \/>\nde la Maurienne<br \/>\n320 pages en couleurs &#8211; 285 photos avec trac\u00e9s d&#8217;itin\u00e9raires<\/p>","protected":false},"excerpt":{"rendered":"<p>Tarantaise &#8211; Maurienne Ce toponeige est consacr\u00e9 \u00e0 des massifs d&#8217;altitude, avec une majorit\u00e9 de sommets d\u00e9passant les 3000 m. Un grand choix de courses abordables en milieu glaciaire. Fr\u00e9quent\u00e9 principalement au printemps. Les deux versants de la Vanoise, Tarentaise et Maurienne, avec : le coeur du massif depuis les sources de l&#8217;Arc et de [&#8230;]\n","protected":false},"featured_media":166308,"template":"","meta":[],"product_brand":[],"product_cat":[21540],"product_tag":[],"class_list":{"0":"post-150175","1":"product","2":"type-product","3":"status-publish","4":"has-post-thumbnail","6":"product_cat-fuehrerliteratur-alpin-winter","7":"pa_autor-shahshahani","8":"pa_erscheinungsjahr-21842","9":"pa_region-frankreich","10":"pa_sprache-fr","12":"first","13":"instock","14":"taxable","15":"shipping-taxable","16":"purchasable","17":"product-type-simple"},"_links":{"self":[{"href":"https:\/\/pizbube.ch\/en\/wp-json\/wp\/v2\/product\/150175","targetHints":{"allow":["GET"]}}],"collection":[{"href":"https:\/\/pizbube.ch\/en\/wp-json\/wp\/v2\/product"}],"about":[{"href":"https:\/\/pizbube.ch\/en\/wp-json\/wp\/v2\/types\/product"}],"wp:featuredmedia":[{"embeddable":true,"href":"https:\/\/pizbube.ch\/en\/wp-json\/wp\/v2\/media\/166308"}],"wp:attachment":[{"href":"https:\/\/pizbube.ch\/en\/wp-json\/wp\/v2\/media?parent=150175"}],"wp:term":[{"taxonomy":"product_brand","embeddable":true,"href":"https:\/\/pizbube.ch\/en\/wp-json\/wp\/v2\/product_brand?post=150175"},{"taxonomy":"product_cat","embeddable":true,"href":"https:\/\/pizbube.ch\/en\/wp-json\/wp\/v2\/product_cat?post=150175"},{"taxonomy":"product_tag","embeddable":true,"href":"https:\/\/pizbube.ch\/en\/wp-json\/wp\/v2\/product_tag?post=150175"}],"curies":[{"name":"wp","href":"https:\/\/api.w.org\/{rel}","templated":true}]}}