{"id":150176,"date":"2021-01-15T11:01:46","date_gmt":"2021-01-15T11:01:46","guid":{"rendered":"https:\/\/codengine3.ch\/?product=import-placeholder-for-204448"},"modified":"2021-01-15T14:33:17","modified_gmt":"2021-01-15T14:33:17","slug":"beaufortain-lauziere","status":"publish","type":"product","link":"https:\/\/pizbube.ch\/en\/shop\/beaufortain-lauziere\/","title":{"rendered":"Beaufortain Lauzi\u00e8re"},"content":{"rendered":"<p>toponeige: Doron &#8211; Tarentaise &#8211; Maurienne<br \/>\nGroupe Beaufortain : comprend tout le massif ainsi que le &#8218;pays&#8216; ; la<br \/>\ncouverture jusqu&#8217;\u00e0 la limite du Mont-Blanc dans le Val-Montjoie et l&#8217;Arly.<br \/>\nGroupe Lauzi\u00e8re : outre l&#8217;appendice occidental du Grand Arc, comprend aussi<br \/>\ntout le massif des Encombres jusqu\u00e0 la limite de la Vanoise<br \/>\n179 courses de base au d\u00e9part des vall\u00e9es de la Maurienne, de la combe de<br \/>\nSavoie, de la Tarentaise, du Doron, de l&#8217;Arly et du Val-Montjoie.<br \/>\n250 photos avec trac\u00e9s d&#8217;itin\u00e9raires<\/p>","protected":false},"excerpt":{"rendered":"<p>toponeige: Doron &#8211; Tarentaise &#8211; Maurienne Groupe Beaufortain : comprend tout le massif ainsi que le &#8218;pays&#8216; ; la couverture jusqu&#8217;\u00e0 la limite du Mont-Blanc dans le Val-Montjoie et l&#8217;Arly. Groupe Lauzi\u00e8re : outre l&#8217;appendice occidental du Grand Arc, comprend aussi tout le massif des Encombres jusqu\u00e0 la limite de la Vanoise 179 courses de [&#8230;]\n","protected":false},"featured_media":32321,"template":"","meta":[],"product_brand":[],"product_cat":[21540],"product_tag":[],"class_list":{"0":"post-150176","1":"product","2":"type-product","3":"status-publish","4":"has-post-thumbnail","6":"product_cat-fuehrerliteratur-alpin-winter","7":"pa_autor-hagenmuller-andre-dugit","8":"pa_erscheinungsjahr-21763","9":"pa_region-frankreich","10":"pa_sprache-fr","12":"first","13":"instock","14":"taxable","15":"shipping-taxable","16":"purchasable","17":"product-type-simple"},"_links":{"self":[{"href":"https:\/\/pizbube.ch\/en\/wp-json\/wp\/v2\/product\/150176","targetHints":{"allow":["GET"]}}],"collection":[{"href":"https:\/\/pizbube.ch\/en\/wp-json\/wp\/v2\/product"}],"about":[{"href":"https:\/\/pizbube.ch\/en\/wp-json\/wp\/v2\/types\/product"}],"wp:featuredmedia":[{"embeddable":true,"href":"https:\/\/pizbube.ch\/en\/wp-json\/wp\/v2\/media\/32321"}],"wp:attachment":[{"href":"https:\/\/pizbube.ch\/en\/wp-json\/wp\/v2\/media?parent=150176"}],"wp:term":[{"taxonomy":"product_brand","embeddable":true,"href":"https:\/\/pizbube.ch\/en\/wp-json\/wp\/v2\/product_brand?post=150176"},{"taxonomy":"product_cat","embeddable":true,"href":"https:\/\/pizbube.ch\/en\/wp-json\/wp\/v2\/product_cat?post=150176"},{"taxonomy":"product_tag","embeddable":true,"href":"https:\/\/pizbube.ch\/en\/wp-json\/wp\/v2\/product_tag?post=150176"}],"curies":[{"name":"wp","href":"https:\/\/api.w.org\/{rel}","templated":true}]}}