{"id":150178,"date":"2021-01-15T11:01:46","date_gmt":"2021-01-15T11:01:46","guid":{"rendered":"https:\/\/codengine3.ch\/?product=import-placeholder-for-204864"},"modified":"2021-01-15T14:36:51","modified_gmt":"2021-01-15T14:36:51","slug":"guide-blanc-de-la-maurienne","status":"publish","type":"product","link":"https:\/\/pizbube.ch\/en\/shop\/guide-blanc-de-la-maurienne\/","title":{"rendered":"GUIDE BLANC DE LA MAURIENNE"},"content":{"rendered":"<p>Un topo guide &#8218;bouche \u00e0 oreille&#8216; qui pr\u00e9sente les domaines skiables de 23<br \/>\nstations, plus les zones de hors piste, les domaines de ski de fond, de<br \/>\nraquettes et de ski de randonn\u00e9e. Des informations tr\u00e8s techniques et<br \/>\npratiques pour vous permettre de choisir ce qui vous conviendra le mieux.<br \/>\nAccompagn\u00e9 par des fonds de carte ign, et des itin\u00e9raires sur photos.<br \/>\nnb de page :344<\/p>","protected":false},"excerpt":{"rendered":"<p>Un topo guide &#8218;bouche \u00e0 oreille&#8216; qui pr\u00e9sente les domaines skiables de 23 stations, plus les zones de hors piste, les domaines de ski de fond, de raquettes et de ski de randonn\u00e9e. Des informations tr\u00e8s techniques et pratiques pour vous permettre de choisir ce qui vous conviendra le mieux. Accompagn\u00e9 par des fonds de [&#8230;]\n","protected":false},"featured_media":26131,"template":"","meta":[],"product_brand":[],"product_cat":[21540],"product_tag":[],"class_list":{"0":"post-150178","1":"product","2":"type-product","3":"status-publish","4":"has-post-thumbnail","6":"product_cat-fuehrerliteratur-alpin-winter","7":"pa_autor-col","8":"pa_erscheinungsjahr-22151","9":"pa_region-frankreich","10":"pa_sprache-fr","12":"first","13":"instock","14":"taxable","15":"shipping-taxable","16":"purchasable","17":"product-type-simple"},"_links":{"self":[{"href":"https:\/\/pizbube.ch\/en\/wp-json\/wp\/v2\/product\/150178","targetHints":{"allow":["GET"]}}],"collection":[{"href":"https:\/\/pizbube.ch\/en\/wp-json\/wp\/v2\/product"}],"about":[{"href":"https:\/\/pizbube.ch\/en\/wp-json\/wp\/v2\/types\/product"}],"wp:featuredmedia":[{"embeddable":true,"href":"https:\/\/pizbube.ch\/en\/wp-json\/wp\/v2\/media\/26131"}],"wp:attachment":[{"href":"https:\/\/pizbube.ch\/en\/wp-json\/wp\/v2\/media?parent=150178"}],"wp:term":[{"taxonomy":"product_brand","embeddable":true,"href":"https:\/\/pizbube.ch\/en\/wp-json\/wp\/v2\/product_brand?post=150178"},{"taxonomy":"product_cat","embeddable":true,"href":"https:\/\/pizbube.ch\/en\/wp-json\/wp\/v2\/product_cat?post=150178"},{"taxonomy":"product_tag","embeddable":true,"href":"https:\/\/pizbube.ch\/en\/wp-json\/wp\/v2\/product_tag?post=150178"}],"curies":[{"name":"wp","href":"https:\/\/api.w.org\/{rel}","templated":true}]}}