{"id":150180,"date":"2021-01-15T11:01:46","date_gmt":"2021-01-15T11:01:46","guid":{"rendered":"https:\/\/codengine3.ch\/?product=import-placeholder-for-206354"},"modified":"2026-01-26T10:25:40","modified_gmt":"2026-01-26T09:25:40","slug":"les-plus-belles-traces-du-beaufortain","status":"publish","type":"product","link":"https:\/\/pizbube.ch\/en\/shop\/les-plus-belles-traces-du-beaufortain\/","title":{"rendered":"Les Plus Belles Traces du Beaufortain"},"content":{"rendered":"<p>Ce livre grand format de 212 pages couleur d\u00e9crit une cinquantaine<br \/>\nd&#8217;itin\u00e9raires (plus environ 300 variantes) \u00e0 ski de randonn\u00e9e et en raquettes<br \/>\ndans tout le Beaufortain.<br \/>\nLe livre vous conduira aussi bien sur les sommets les plus connus (souvent par<br \/>\ndes boucles ou circuits in\u00e9dits) qu&#8217;au coeur du massif.<br \/>\nLes itin\u00e9raires sont regroup\u00e9s en cinq chapitres pour d\u00e9couvrir le massif en<br \/>\nhiver sous diff\u00e9rents aspects. Le bois, l&#8217;eau, l&#8217;histoire, la pierre et le<br \/>\npastoralisme sont ainsi successivement abord\u00e9s tandis que la faune, la flore<br \/>\net l&#8217;habitat sont omnipr\u00e9sents tout au long de l&#8217;ouvrage.<\/p>\n<p>This coffe table book describes 50 ski tours in the Beaufortin Region.<br \/>\nThe ski routes are indicated on the IGN maps 1:25&#8217;000.<\/p>","protected":false},"excerpt":{"rendered":"<p>Ce livre grand format de 212 pages couleur d\u00e9crit une cinquantaine d&#8217;itin\u00e9raires (plus environ 300 variantes) \u00e0 ski de randonn\u00e9e et en raquettes dans tout le Beaufortain. Le livre vous conduira aussi bien sur les sommets les plus connus (souvent par des boucles ou circuits in\u00e9dits) qu&#8217;au coeur du massif. Les itin\u00e9raires sont regroup\u00e9s en [&#8230;]\n","protected":false},"featured_media":35362,"template":"","meta":[],"product_brand":[],"product_cat":[21542],"product_tag":[],"class_list":{"0":"post-150180","1":"product","2":"type-product","3":"status-publish","4":"has-post-thumbnail","6":"product_cat-sachbuecher-dokumentationen","7":"pa_autor-hagenmuller","8":"pa_erscheinungsjahr-21763","9":"pa_region-frankreich","10":"pa_sprache-e","11":"pa_sprache-f","13":"first","14":"onbackorder","15":"taxable","16":"shipping-taxable","17":"purchasable","18":"product-type-simple"},"_links":{"self":[{"href":"https:\/\/pizbube.ch\/en\/wp-json\/wp\/v2\/product\/150180","targetHints":{"allow":["GET"]}}],"collection":[{"href":"https:\/\/pizbube.ch\/en\/wp-json\/wp\/v2\/product"}],"about":[{"href":"https:\/\/pizbube.ch\/en\/wp-json\/wp\/v2\/types\/product"}],"wp:featuredmedia":[{"embeddable":true,"href":"https:\/\/pizbube.ch\/en\/wp-json\/wp\/v2\/media\/35362"}],"wp:attachment":[{"href":"https:\/\/pizbube.ch\/en\/wp-json\/wp\/v2\/media?parent=150180"}],"wp:term":[{"taxonomy":"product_brand","embeddable":true,"href":"https:\/\/pizbube.ch\/en\/wp-json\/wp\/v2\/product_brand?post=150180"},{"taxonomy":"product_cat","embeddable":true,"href":"https:\/\/pizbube.ch\/en\/wp-json\/wp\/v2\/product_cat?post=150180"},{"taxonomy":"product_tag","embeddable":true,"href":"https:\/\/pizbube.ch\/en\/wp-json\/wp\/v2\/product_tag?post=150180"}],"curies":[{"name":"wp","href":"https:\/\/api.w.org\/{rel}","templated":true}]}}