{"id":150181,"date":"2021-01-15T11:01:46","date_gmt":"2021-01-15T11:01:46","guid":{"rendered":"https:\/\/codengine3.ch\/?product=import-placeholder-for-206796"},"modified":"2024-02-13T10:45:39","modified_gmt":"2024-02-13T09:45:39","slug":"cerces-thabor-ambin","status":"publish","type":"product","link":"https:\/\/pizbube.ch\/en\/shop\/cerces-thabor-ambin\/","title":{"rendered":"Cerces &#8211; Thabor &#8211; Ambin"},"content":{"rendered":"<p>toponeige de ski<\/p>\n<p>Couvre l\u2019espace entre les cols du Galibier et du Mont-Cenis. Celui-ci comprend de part et d\u2019autre du col de Fr\u00e9jus, deux massifs :<br \/>\n\u00e0 l\u2019ouest l\u2019ensemble Cerces-Thabor et \u00e0 l\u2019est l\u2019ensemble Ambin-Scolette.<\/p>\n<p>Ce toponeige comprend tous les versants :<br \/>\nau nord la Maurienne, au sud, le Brian\u00e7onnais et le val Susa.<\/p>\n<p>&#8211; Les fiches techniques d\u00e9crivent en d\u00e9tail 193 itin\u00e9raires de base (et 545<br \/>\nvariantes), trac\u00e9s sur 313 photos.<\/p>","protected":false},"excerpt":{"rendered":"<p>toponeige de ski Couvre l\u2019espace entre les cols du Galibier et du Mont-Cenis. Celui-ci comprend de part et d\u2019autre du col de Fr\u00e9jus, deux massifs : \u00e0 l\u2019ouest l\u2019ensemble Cerces-Thabor et \u00e0 l\u2019est l\u2019ensemble Ambin-Scolette. Ce toponeige comprend tous les versants : au nord la Maurienne, au sud, le Brian\u00e7onnais et le val Susa. &#8211; [&#8230;]\n","protected":false},"featured_media":171584,"template":"","meta":[],"product_brand":[],"product_cat":[21540],"product_tag":[],"class_list":{"0":"post-150181","1":"product","2":"type-product","3":"status-publish","4":"has-post-thumbnail","6":"product_cat-fuehrerliteratur-alpin-winter","7":"pa_autor-volle","8":"pa_erscheinungsjahr-27129","9":"pa_region-frankreich","10":"pa_sprache-fr","12":"first","13":"instock","14":"taxable","15":"shipping-taxable","16":"purchasable","17":"product-type-simple"},"_links":{"self":[{"href":"https:\/\/pizbube.ch\/en\/wp-json\/wp\/v2\/product\/150181","targetHints":{"allow":["GET"]}}],"collection":[{"href":"https:\/\/pizbube.ch\/en\/wp-json\/wp\/v2\/product"}],"about":[{"href":"https:\/\/pizbube.ch\/en\/wp-json\/wp\/v2\/types\/product"}],"wp:featuredmedia":[{"embeddable":true,"href":"https:\/\/pizbube.ch\/en\/wp-json\/wp\/v2\/media\/171584"}],"wp:attachment":[{"href":"https:\/\/pizbube.ch\/en\/wp-json\/wp\/v2\/media?parent=150181"}],"wp:term":[{"taxonomy":"product_brand","embeddable":true,"href":"https:\/\/pizbube.ch\/en\/wp-json\/wp\/v2\/product_brand?post=150181"},{"taxonomy":"product_cat","embeddable":true,"href":"https:\/\/pizbube.ch\/en\/wp-json\/wp\/v2\/product_cat?post=150181"},{"taxonomy":"product_tag","embeddable":true,"href":"https:\/\/pizbube.ch\/en\/wp-json\/wp\/v2\/product_tag?post=150181"}],"curies":[{"name":"wp","href":"https:\/\/api.w.org\/{rel}","templated":true}]}}