{"id":150182,"date":"2021-01-15T11:01:46","date_gmt":"2021-01-15T11:01:46","guid":{"rendered":"https:\/\/codengine3.ch\/?product=import-placeholder-for-201833"},"modified":"2021-01-15T12:04:58","modified_gmt":"2021-01-15T12:04:58","slug":"belledonne","status":"publish","type":"product","link":"https:\/\/pizbube.ch\/en\/shop\/belledonne\/","title":{"rendered":"Belledonne"},"content":{"rendered":"<p>157 randonn\u00e9es, illustr\u00e9es en d\u00e9tail: premier guide exhaustif consacr\u00e9 \u00e0 ce<br \/>\nmassif.<br \/>\nUn massif typ\u00e9 haute-montagne mais ne d\u00e9passant pas 3000 m et sans probl\u00e8mes<br \/>\nglaciaires. En utilisant les diff\u00e9rents acc\u00e8s on skie tous les ans dans<br \/>\nBelledonne de novembre \u00e0 mi-juin. Belledonne, Sept Laux, Allevard; 185 courses<br \/>\nde base au d\u00e9part des vall\u00e9es de : Is\u00e8re, Arc, Romanche  <\/p>","protected":false},"excerpt":{"rendered":"<p>157 randonn\u00e9es, illustr\u00e9es en d\u00e9tail: premier guide exhaustif consacr\u00e9 \u00e0 ce massif. Un massif typ\u00e9 haute-montagne mais ne d\u00e9passant pas 3000 m et sans probl\u00e8mes glaciaires. En utilisant les diff\u00e9rents acc\u00e8s on skie tous les ans dans Belledonne de novembre \u00e0 mi-juin. Belledonne, Sept Laux, Allevard; 185 courses de base au d\u00e9part des vall\u00e9es de [&#8230;]\n","protected":false},"featured_media":29219,"template":"","meta":[],"product_brand":[],"product_cat":[21540],"product_tag":[],"class_list":{"0":"post-150182","1":"product","2":"type-product","3":"status-publish","4":"has-post-thumbnail","6":"product_cat-fuehrerliteratur-alpin-winter","7":"pa_autor-shahshahani","8":"pa_erscheinungsjahr-21693","9":"pa_region-frankreich","10":"pa_sprache-fr","12":"first","13":"instock","14":"taxable","15":"shipping-taxable","16":"purchasable","17":"product-type-simple"},"_links":{"self":[{"href":"https:\/\/pizbube.ch\/en\/wp-json\/wp\/v2\/product\/150182","targetHints":{"allow":["GET"]}}],"collection":[{"href":"https:\/\/pizbube.ch\/en\/wp-json\/wp\/v2\/product"}],"about":[{"href":"https:\/\/pizbube.ch\/en\/wp-json\/wp\/v2\/types\/product"}],"wp:featuredmedia":[{"embeddable":true,"href":"https:\/\/pizbube.ch\/en\/wp-json\/wp\/v2\/media\/29219"}],"wp:attachment":[{"href":"https:\/\/pizbube.ch\/en\/wp-json\/wp\/v2\/media?parent=150182"}],"wp:term":[{"taxonomy":"product_brand","embeddable":true,"href":"https:\/\/pizbube.ch\/en\/wp-json\/wp\/v2\/product_brand?post=150182"},{"taxonomy":"product_cat","embeddable":true,"href":"https:\/\/pizbube.ch\/en\/wp-json\/wp\/v2\/product_cat?post=150182"},{"taxonomy":"product_tag","embeddable":true,"href":"https:\/\/pizbube.ch\/en\/wp-json\/wp\/v2\/product_tag?post=150182"}],"curies":[{"name":"wp","href":"https:\/\/api.w.org\/{rel}","templated":true}]}}