{"id":150185,"date":"2021-01-15T11:01:46","date_gmt":"2021-01-15T11:01:46","guid":{"rendered":"https:\/\/codengine3.ch\/?product=import-placeholder-for-208446"},"modified":"2021-01-15T17:54:07","modified_gmt":"2021-01-15T17:54:07","slug":"randonnees-a-raquettes-en-savoie-t1","status":"publish","type":"product","link":"https:\/\/pizbube.ch\/en\/shop\/randonnees-a-raquettes-en-savoie-t1\/","title":{"rendered":"Randonn\u00e9es \u00e0 raquettes en Savoie T1"},"content":{"rendered":"<p>Val d&#8217;Arly, Beaufortain, Tarentaise, Vanoise, Trois Vall\u00e9es<\/p>\n<p>Une centaine d\u2019itin\u00e9raires \u00e0 raquettes pour d\u00e9couvrir le d\u00e9partement de la<br \/>\nSavoie autrement !<\/p>\n<p>Val d\u2019Arly, Beaufortain, Tarentaise, Vanoise et Trois Vall\u00e9es\u2026 nombre<br \/>\nd\u2019itin\u00e9raires \u00e0 raquettes s\u2019offrent \u00e0 vous pour d\u00e9couvrir des alpages enneig\u00e9s<br \/>\net gravir de nombreux sommets d\u2019altitudes modestes. La raquette est<br \/>\ncertainement le moyen de d\u00e9placement sur neige le plus polyvalent et celui qui<br \/>\nouvre les plus vastes terrains d\u2019exploration.<\/p>\n<p>Ce guide recense les plus belles randonn\u00e9es \u00e0 raquettes parmi celles<br \/>\nparcourues, pour une pratique loisir, des premi\u00e8res neiges jusqu\u2019au printemps!<\/p>","protected":false},"excerpt":{"rendered":"<p>Val d&#8217;Arly, Beaufortain, Tarentaise, Vanoise, Trois Vall\u00e9es Une centaine d\u2019itin\u00e9raires \u00e0 raquettes pour d\u00e9couvrir le d\u00e9partement de la Savoie autrement ! Val d\u2019Arly, Beaufortain, Tarentaise, Vanoise et Trois Vall\u00e9es\u2026 nombre d\u2019itin\u00e9raires \u00e0 raquettes s\u2019offrent \u00e0 vous pour d\u00e9couvrir des alpages enneig\u00e9s et gravir de nombreux sommets d\u2019altitudes modestes. La raquette est certainement le moyen de [&#8230;]\n","protected":false},"featured_media":40232,"template":"","meta":[],"product_brand":[],"product_cat":[21540],"product_tag":[],"class_list":{"0":"post-150185","1":"product","2":"type-product","3":"status-publish","4":"has-post-thumbnail","6":"product_cat-fuehrerliteratur-alpin-winter","7":"pa_autor-ridoin-lamory","8":"pa_erscheinungsjahr-21597","9":"pa_region-frankreich","10":"pa_sprache-fr","12":"first","13":"instock","14":"taxable","15":"shipping-taxable","16":"purchasable","17":"product-type-simple"},"_links":{"self":[{"href":"https:\/\/pizbube.ch\/en\/wp-json\/wp\/v2\/product\/150185","targetHints":{"allow":["GET"]}}],"collection":[{"href":"https:\/\/pizbube.ch\/en\/wp-json\/wp\/v2\/product"}],"about":[{"href":"https:\/\/pizbube.ch\/en\/wp-json\/wp\/v2\/types\/product"}],"wp:featuredmedia":[{"embeddable":true,"href":"https:\/\/pizbube.ch\/en\/wp-json\/wp\/v2\/media\/40232"}],"wp:attachment":[{"href":"https:\/\/pizbube.ch\/en\/wp-json\/wp\/v2\/media?parent=150185"}],"wp:term":[{"taxonomy":"product_brand","embeddable":true,"href":"https:\/\/pizbube.ch\/en\/wp-json\/wp\/v2\/product_brand?post=150185"},{"taxonomy":"product_cat","embeddable":true,"href":"https:\/\/pizbube.ch\/en\/wp-json\/wp\/v2\/product_cat?post=150185"},{"taxonomy":"product_tag","embeddable":true,"href":"https:\/\/pizbube.ch\/en\/wp-json\/wp\/v2\/product_tag?post=150185"}],"curies":[{"name":"wp","href":"https:\/\/api.w.org\/{rel}","templated":true}]}}