{"id":150191,"date":"2021-01-15T11:01:47","date_gmt":"2021-01-15T11:01:47","guid":{"rendered":"https:\/\/codengine3.ch\/?product=import-placeholder-for-203141"},"modified":"2021-01-15T12:54:30","modified_gmt":"2021-01-15T12:54:30","slug":"dolomiten-winterzauber","status":"publish","type":"product","link":"https:\/\/pizbube.ch\/en\/shop\/dolomiten-winterzauber\/","title":{"rendered":"Dolomiten Winterzauber"},"content":{"rendered":"<p>Dieser Band will eine neue Sichtweise vermitteln, indem er das ewig<br \/>\nFaszinierende der Felst\u00fcrme mit der verg\u00e4nglichen Leichtigkeit des Schnees<br \/>\nverbindet. Das jungfr\u00e4ulich leuchtende Wei\u00df, die kalte und klare Winterluft,<br \/>\nim Gegensatz zum tiefblauen Himmel und dem unverwechselbaren Rosa des<br \/>\nDolomitgesteins, zeigen in diesem Band eine gro\u00dfartige Natur, wo die Gipfel<br \/>\ndem staunenden Betrachter, der lautlos \u00fcber den Schnee gleitet, zum Greifen<br \/>\nnahe scheinen. Denn die Skier sind das ideale Fortbewegungsmittel, um in den<br \/>\nsch\u00f6nsten Bergen der Welt ein Tal nach dem anderen zu erkunden. Eine neue Form<br \/>\ndes traditionellen Tourismus, gest\u00fctzt auf ein System von Skigebieten, das<br \/>\nweltweit seinesgleichen sucht und die ber\u00fchmtesten Ortschaften miteinander<br \/>\nverbindet. Dieser Band zeigt die Sch\u00f6nheit der Landschaft und technischen<br \/>\nM\u00f6glichkeiten der Skiregionen in einzigartigen Bildern und Texten, die<br \/>\nwegf\u00fchren wollen von der Werbeprospekte-Banalit\u00e4t. Es handelt sich also um ein<br \/>\nganz besonderes Werk, wie es bisher auf dem Markt nicht zu finden ist, denn es<br \/>\nvermittelt ein unverf\u00e4lschtes und neue Ma\u00dfst\u00e4be setzendes Bild der Winterwelt<br \/>\nder Dolomiten.  <\/p>","protected":false},"excerpt":{"rendered":"<p>Dieser Band will eine neue Sichtweise vermitteln, indem er das ewig Faszinierende der Felst\u00fcrme mit der verg\u00e4nglichen Leichtigkeit des Schnees verbindet. Das jungfr\u00e4ulich leuchtende Wei\u00df, die kalte und klare Winterluft, im Gegensatz zum tiefblauen Himmel und dem unverwechselbaren Rosa des Dolomitgesteins, zeigen in diesem Band eine gro\u00dfartige Natur, wo die Gipfel dem staunenden Betrachter, der [&#8230;]\n","protected":false},"featured_media":30677,"template":"","meta":[],"product_brand":[],"product_cat":[21542],"product_tag":[],"class_list":{"0":"post-150191","1":"product","2":"type-product","3":"status-publish","4":"has-post-thumbnail","6":"product_cat-sachbuecher-dokumentationen","7":"pa_autor-bottonelli","8":"pa_erscheinungsjahr-22292","9":"pa_region-italien","10":"pa_sprache-d","11":"pa_sprache-i","13":"first","14":"instock","15":"taxable","16":"shipping-taxable","17":"purchasable","18":"product-type-simple"},"_links":{"self":[{"href":"https:\/\/pizbube.ch\/en\/wp-json\/wp\/v2\/product\/150191","targetHints":{"allow":["GET"]}}],"collection":[{"href":"https:\/\/pizbube.ch\/en\/wp-json\/wp\/v2\/product"}],"about":[{"href":"https:\/\/pizbube.ch\/en\/wp-json\/wp\/v2\/types\/product"}],"wp:featuredmedia":[{"embeddable":true,"href":"https:\/\/pizbube.ch\/en\/wp-json\/wp\/v2\/media\/30677"}],"wp:attachment":[{"href":"https:\/\/pizbube.ch\/en\/wp-json\/wp\/v2\/media?parent=150191"}],"wp:term":[{"taxonomy":"product_brand","embeddable":true,"href":"https:\/\/pizbube.ch\/en\/wp-json\/wp\/v2\/product_brand?post=150191"},{"taxonomy":"product_cat","embeddable":true,"href":"https:\/\/pizbube.ch\/en\/wp-json\/wp\/v2\/product_cat?post=150191"},{"taxonomy":"product_tag","embeddable":true,"href":"https:\/\/pizbube.ch\/en\/wp-json\/wp\/v2\/product_tag?post=150191"}],"curies":[{"name":"wp","href":"https:\/\/api.w.org\/{rel}","templated":true}]}}