{"id":150192,"date":"2021-01-15T11:01:47","date_gmt":"2021-01-15T11:01:47","guid":{"rendered":"https:\/\/codengine3.ch\/?product=import-placeholder-for-200893"},"modified":"2021-01-15T11:01:51","modified_gmt":"2021-01-15T11:01:51","slug":"bergwerke","status":"publish","type":"product","link":"https:\/\/pizbube.ch\/en\/shop\/bergwerke\/","title":{"rendered":"Bergwerke"},"content":{"rendered":"<p>`Bergwerke` ist eine bunte Sammlung von Erlebnissen aus elf Jahren Alpintouren<br \/>\nim Rahmen eines Firmensportclubs `Berg &#038; Ski`. Geschrieben wurden sie f\u00fcr sehr<br \/>\nunterschiedliche Zielgruppen: ein breiteres Publikum, Clubmitglieder,<br \/>\nBeteiligte an den jeweiligen Touren, engste Freunde &#8211; oder ganz privat.<br \/>\nManches wird hier erstmals \u00f6ffentlich zug\u00e4nglich; anderes ist eigens f\u00fcr<br \/>\ndieses Buch entstanden. So finden Summarisches und Vertieftes, Heiteres und<br \/>\nErnstes, Allgemeines und Pers\u00f6nliches, Hohes und Geringeres zusammen. Oft<br \/>\nwurden Gipfel von Rang und Namen erreicht, manchmal nicht. Meist spielte die<br \/>\nlegend\u00e4re Bergkameradschaft, gelegentlich wurde es laut. Geschichten aus dem<br \/>\nwirklichen Tourenleben also, und dazu geh\u00f6rt selbstverst\u00e4ndlich auch eine<br \/>\nBesteigung des beliebten Piz Matraz.<\/p>","protected":false},"excerpt":{"rendered":"<p>`Bergwerke` ist eine bunte Sammlung von Erlebnissen aus elf Jahren Alpintouren im Rahmen eines Firmensportclubs `Berg &#038; Ski`. Geschrieben wurden sie f\u00fcr sehr unterschiedliche Zielgruppen: ein breiteres Publikum, Clubmitglieder, Beteiligte an den jeweiligen Touren, engste Freunde &#8211; oder ganz privat. Manches wird hier erstmals \u00f6ffentlich zug\u00e4nglich; anderes ist eigens f\u00fcr dieses Buch entstanden. So finden [&#8230;]\n","protected":false},"featured_media":27993,"template":"","meta":[],"product_brand":[],"product_cat":[21629],"product_tag":[],"class_list":{"0":"post-150192","1":"product","2":"type-product","3":"status-publish","4":"has-post-thumbnail","6":"product_cat-belletristik","7":"pa_autor-frey","8":"pa_erscheinungsjahr-22144","9":"pa_region-schweiz","10":"pa_sprache-de","12":"first","13":"instock","14":"taxable","15":"shipping-taxable","16":"purchasable","17":"product-type-simple"},"_links":{"self":[{"href":"https:\/\/pizbube.ch\/en\/wp-json\/wp\/v2\/product\/150192","targetHints":{"allow":["GET"]}}],"collection":[{"href":"https:\/\/pizbube.ch\/en\/wp-json\/wp\/v2\/product"}],"about":[{"href":"https:\/\/pizbube.ch\/en\/wp-json\/wp\/v2\/types\/product"}],"wp:featuredmedia":[{"embeddable":true,"href":"https:\/\/pizbube.ch\/en\/wp-json\/wp\/v2\/media\/27993"}],"wp:attachment":[{"href":"https:\/\/pizbube.ch\/en\/wp-json\/wp\/v2\/media?parent=150192"}],"wp:term":[{"taxonomy":"product_brand","embeddable":true,"href":"https:\/\/pizbube.ch\/en\/wp-json\/wp\/v2\/product_brand?post=150192"},{"taxonomy":"product_cat","embeddable":true,"href":"https:\/\/pizbube.ch\/en\/wp-json\/wp\/v2\/product_cat?post=150192"},{"taxonomy":"product_tag","embeddable":true,"href":"https:\/\/pizbube.ch\/en\/wp-json\/wp\/v2\/product_tag?post=150192"}],"curies":[{"name":"wp","href":"https:\/\/api.w.org\/{rel}","templated":true}]}}