{"id":150193,"date":"2021-01-15T11:01:47","date_gmt":"2021-01-15T11:01:47","guid":{"rendered":"https:\/\/codengine3.ch\/?product=import-placeholder-for-206262"},"modified":"2021-01-15T14:47:40","modified_gmt":"2021-01-15T14:47:40","slug":"quer-durch-natur-und-kultur","status":"publish","type":"product","link":"https:\/\/pizbube.ch\/en\/shop\/quer-durch-natur-und-kultur\/","title":{"rendered":"Quer durch Natur und Kultur"},"content":{"rendered":"<p>40 Touren in Europa \u2013 Von Kreta bis Teneriffa \u2013 Safari in S\u00fcdafrika  <\/p>\n<p>Das Buch bl\u00e4ttert viele sch\u00f6ne Seiten Europas vor Ihnen auf. Der Bogen spannt<br \/>\nsich von Kreta bis zum Cabo S\u00e3o Vicente im \u00e4u\u00dfersten S\u00fcdwesten Portugals, ja<br \/>\nbis Teneriffa. Dazu gesellt sich eine Safari in drei Wildreservate S\u00fcdafrikas.<br \/>\nManchmal werden Sie sagen: Da oder dort wollte ich schon l\u00e4ngst mal hin. 43<br \/>\nJahre Mitgliedschaft im Deutschen Alpenverein haben den Autor gepr\u00e4gt und<br \/>\nflie\u00dfen in seine Zeilen ein. Tiefe Ehrfurcht vor der Sch\u00f6pfung ist<br \/>\nLebensinhalt f\u00fcr ihn, radikaler Schutz der uns noch heil verbliebenen Natur<br \/>\nund Kultur unabdingbar. Daf\u00fcr leibt er, daf\u00fcr schreibt er! Drei Dinge kann man<br \/>\nmit dem Buch tun: Lesen, die Touren nacherleben oder einen guten Freund damit<br \/>\nbeschenken.  <\/p>","protected":false},"excerpt":{"rendered":"<p>40 Touren in Europa \u2013 Von Kreta bis Teneriffa \u2013 Safari in S\u00fcdafrika Das Buch bl\u00e4ttert viele sch\u00f6ne Seiten Europas vor Ihnen auf. Der Bogen spannt sich von Kreta bis zum Cabo S\u00e3o Vicente im \u00e4u\u00dfersten S\u00fcdwesten Portugals, ja bis Teneriffa. Dazu gesellt sich eine Safari in drei Wildreservate S\u00fcdafrikas. Manchmal werden Sie sagen: Da [&#8230;]\n","protected":false},"featured_media":35243,"template":"","meta":[],"product_brand":[],"product_cat":[21542],"product_tag":[],"class_list":{"0":"post-150193","1":"product","2":"type-product","3":"status-publish","4":"has-post-thumbnail","6":"product_cat-sachbuecher-dokumentationen","7":"pa_autor-michel","8":"pa_erscheinungsjahr-21763","9":"pa_region-deutschland","10":"pa_sprache-de","12":"first","13":"instock","14":"taxable","15":"shipping-taxable","16":"purchasable","17":"product-type-simple"},"_links":{"self":[{"href":"https:\/\/pizbube.ch\/en\/wp-json\/wp\/v2\/product\/150193","targetHints":{"allow":["GET"]}}],"collection":[{"href":"https:\/\/pizbube.ch\/en\/wp-json\/wp\/v2\/product"}],"about":[{"href":"https:\/\/pizbube.ch\/en\/wp-json\/wp\/v2\/types\/product"}],"wp:featuredmedia":[{"embeddable":true,"href":"https:\/\/pizbube.ch\/en\/wp-json\/wp\/v2\/media\/35243"}],"wp:attachment":[{"href":"https:\/\/pizbube.ch\/en\/wp-json\/wp\/v2\/media?parent=150193"}],"wp:term":[{"taxonomy":"product_brand","embeddable":true,"href":"https:\/\/pizbube.ch\/en\/wp-json\/wp\/v2\/product_brand?post=150193"},{"taxonomy":"product_cat","embeddable":true,"href":"https:\/\/pizbube.ch\/en\/wp-json\/wp\/v2\/product_cat?post=150193"},{"taxonomy":"product_tag","embeddable":true,"href":"https:\/\/pizbube.ch\/en\/wp-json\/wp\/v2\/product_tag?post=150193"}],"curies":[{"name":"wp","href":"https:\/\/api.w.org\/{rel}","templated":true}]}}