{"id":150194,"date":"2021-01-15T11:01:47","date_gmt":"2021-01-15T11:01:47","guid":{"rendered":"https:\/\/codengine3.ch\/?product=import-placeholder-for-200894"},"modified":"2021-01-15T11:01:51","modified_gmt":"2021-01-15T11:01:51","slug":"baerentrek","status":"publish","type":"product","link":"https:\/\/pizbube.ch\/en\/shop\/baerentrek\/","title":{"rendered":"B\u00e4rentrek"},"content":{"rendered":"<p>Mit zu den glanzvollsten Weitwanderungen z\u00e4hlt der B\u00e4rentrek, der das Berner<br \/>\nOberland in 7 Tagen (ca. 120 km) von Ost nach West durchquert und die<br \/>\nspektakul\u00e4rsten Landstriche erfasst. Im Banne gigantischer Gletscher und<br \/>\nimposanter Felsw\u00e4nde folgt die Route den Spuren der B\u00e4ren, die einst in grauer<br \/>\nVorzeit die P\u00e4sse \u00fcberquerten.<\/p>\n<p>Ausgangspunkt ist Meiringen im Haslital, Endpunkt Gsteig im Saanenland. Dank<br \/>\ndes vorbildlichen \u00f6ffentlichen Verkehrsnetzes kann man sich die Tour auch in<br \/>\nk\u00fcrzeren Etappen gestalten oder in Wochenendtrips aufteilen.<br \/>\n106 Seiten, eine Farbkarte, 7 Skizzen und Illustrationen, 22 farbige<br \/>\nAbbildungen, 5 schwarz-wei\u00df Abbildungen.<br \/>\n3. aktualis. Auflg. 2017<\/p>","protected":false},"excerpt":{"rendered":"<p>Mit zu den glanzvollsten Weitwanderungen z\u00e4hlt der B\u00e4rentrek, der das Berner Oberland in 7 Tagen (ca. 120 km) von Ost nach West durchquert und die spektakul\u00e4rsten Landstriche erfasst. Im Banne gigantischer Gletscher und imposanter Felsw\u00e4nde folgt die Route den Spuren der B\u00e4ren, die einst in grauer Vorzeit die P\u00e4sse \u00fcberquerten. Ausgangspunkt ist Meiringen im Haslital, [&#8230;]\n","protected":false},"featured_media":27994,"template":"","meta":[],"product_brand":[],"product_cat":[21605],"product_tag":[],"class_list":{"0":"post-150194","1":"product","2":"type-product","3":"status-publish","4":"has-post-thumbnail","6":"product_cat-wanderfuehrer-trekking","7":"pa_autor-kuerschner","8":"pa_erscheinungsjahr-21830","9":"pa_region-schweiz","10":"pa_sprache-de","12":"first","13":"instock","14":"taxable","15":"shipping-taxable","16":"purchasable","17":"product-type-simple"},"_links":{"self":[{"href":"https:\/\/pizbube.ch\/en\/wp-json\/wp\/v2\/product\/150194","targetHints":{"allow":["GET"]}}],"collection":[{"href":"https:\/\/pizbube.ch\/en\/wp-json\/wp\/v2\/product"}],"about":[{"href":"https:\/\/pizbube.ch\/en\/wp-json\/wp\/v2\/types\/product"}],"wp:featuredmedia":[{"embeddable":true,"href":"https:\/\/pizbube.ch\/en\/wp-json\/wp\/v2\/media\/27994"}],"wp:attachment":[{"href":"https:\/\/pizbube.ch\/en\/wp-json\/wp\/v2\/media?parent=150194"}],"wp:term":[{"taxonomy":"product_brand","embeddable":true,"href":"https:\/\/pizbube.ch\/en\/wp-json\/wp\/v2\/product_brand?post=150194"},{"taxonomy":"product_cat","embeddable":true,"href":"https:\/\/pizbube.ch\/en\/wp-json\/wp\/v2\/product_cat?post=150194"},{"taxonomy":"product_tag","embeddable":true,"href":"https:\/\/pizbube.ch\/en\/wp-json\/wp\/v2\/product_tag?post=150194"}],"curies":[{"name":"wp","href":"https:\/\/api.w.org\/{rel}","templated":true}]}}