{"id":150196,"date":"2021-01-15T11:01:47","date_gmt":"2021-01-15T11:01:47","guid":{"rendered":"https:\/\/codengine3.ch\/?product=import-placeholder-for-205157"},"modified":"2021-08-24T13:49:43","modified_gmt":"2021-08-24T11:49:43","slug":"alpenpaesseweg-wanderland-schweiz-band-6","status":"publish","type":"product","link":"https:\/\/pizbube.ch\/en\/shop\/alpenpaesseweg-wanderland-schweiz-band-6\/","title":{"rendered":"Alpenp\u00e4sseweg Wanderland Schweiz Band 6"},"content":{"rendered":"<p>Die nationale Route 6 Alpenp\u00e4sse-Weg f\u00fchrt von Chur in stetem Auf und Ab \u00fcber<br \/>\ndie sch\u00f6nsten und eindr\u00fccklichsten \u00dcberg\u00e4nge der B\u00fcndner und Walliser Alpen<br \/>\nbis an den Genfersee.<\/p>\n<p>Eine fordernde, aber auch begeisternde Alpinwandertour in 34 Etappen und 600<br \/>\nKilometern mit vielen landschaftlichen Highlights und Einblicken in eine<br \/>\nabwechslungsreiche Kulturlandschaft.<\/p>\n<p>Mit allen praktischen Informationen, \u00fcbersichtlichen Kartenausschnitten und<br \/>\nH\u00f6henprofilen, einer F\u00fclle an Hinweisen auf Sehensw\u00fcrdigkeiten und<br \/>\nAttraktionen am Weg sowie mit Farbfotos reich illustriert.<\/p>\n<p>92 Seiten; Farbfotos, Karten und H\u00f6henprofile;<br \/>\n2. Auflage 2019<\/p>","protected":false},"excerpt":{"rendered":"<p>Die nationale Route 6 Alpenp\u00e4sse-Weg f\u00fchrt von Chur in stetem Auf und Ab \u00fcber die sch\u00f6nsten und eindr\u00fccklichsten \u00dcberg\u00e4nge der B\u00fcndner und Walliser Alpen bis an den Genfersee. Eine fordernde, aber auch begeisternde Alpinwandertour in 34 Etappen und 600 Kilometern mit vielen landschaftlichen Highlights und Einblicken in eine abwechslungsreiche Kulturlandschaft. Mit allen praktischen Informationen, \u00fcbersichtlichen [&#8230;]\n","protected":false},"featured_media":157178,"template":"","meta":[],"product_brand":[],"product_cat":[21605],"product_tag":[],"class_list":{"0":"post-150196","1":"product","2":"type-product","3":"status-publish","4":"has-post-thumbnail","6":"product_cat-wanderfuehrer-trekking","7":"pa_autor-coulin","8":"pa_erscheinungsjahr-21586","9":"pa_region-schweiz","10":"pa_sprache-de","12":"first","13":"outofstock","14":"taxable","15":"shipping-taxable","16":"purchasable","17":"product-type-simple"},"_links":{"self":[{"href":"https:\/\/pizbube.ch\/en\/wp-json\/wp\/v2\/product\/150196","targetHints":{"allow":["GET"]}}],"collection":[{"href":"https:\/\/pizbube.ch\/en\/wp-json\/wp\/v2\/product"}],"about":[{"href":"https:\/\/pizbube.ch\/en\/wp-json\/wp\/v2\/types\/product"}],"wp:featuredmedia":[{"embeddable":true,"href":"https:\/\/pizbube.ch\/en\/wp-json\/wp\/v2\/media\/157178"}],"wp:attachment":[{"href":"https:\/\/pizbube.ch\/en\/wp-json\/wp\/v2\/media?parent=150196"}],"wp:term":[{"taxonomy":"product_brand","embeddable":true,"href":"https:\/\/pizbube.ch\/en\/wp-json\/wp\/v2\/product_brand?post=150196"},{"taxonomy":"product_cat","embeddable":true,"href":"https:\/\/pizbube.ch\/en\/wp-json\/wp\/v2\/product_cat?post=150196"},{"taxonomy":"product_tag","embeddable":true,"href":"https:\/\/pizbube.ch\/en\/wp-json\/wp\/v2\/product_tag?post=150196"}],"curies":[{"name":"wp","href":"https:\/\/api.w.org\/{rel}","templated":true}]}}