{"id":150200,"date":"2021-01-15T11:01:47","date_gmt":"2021-01-15T11:01:47","guid":{"rendered":"https:\/\/codengine3.ch\/?product=import-placeholder-for-202588"},"modified":"2021-01-15T12:37:36","modified_gmt":"2021-01-15T12:37:36","slug":"topografien-der-nation","status":"publish","type":"product","link":"https:\/\/pizbube.ch\/en\/shop\/topografien-der-nation\/","title":{"rendered":"Topografien der Nation"},"content":{"rendered":"<p>Landkarten ordnen den Raum und bestimmen die Verh\u00e4ltnisse seiner nat\u00fcrlichen<br \/>\nund politischen Elemente. Wer \u00fcber die entsprechende kartografische<br \/>\nLekt\u00fcretechnik verf\u00fcgt, dem steht die Karte als r\u00e4umliches<br \/>\nOrientierungsmittel, als politische Entscheidungsgrundlage oder als Instrument<br \/>\nder sozialen Selbstverortung zur Verf\u00fcgung.<\/p>\n<p>Auch die Kartografie des 19. Jahrhunderts hat dieses Ziel verfolgt und daf\u00fcr<br \/>\neigene Wege und Methoden entwickelt. Dank wissenschaftlicher Pr\u00e4zision,<br \/>\nabstrakter \u00c4sthetik und organisatorischer Innovation hat sie Produkte<br \/>\nhervorgebracht, die sich einer neuartigen Legitimation durch Verfahren<br \/>\nerfreuten. Die neuen Bilder erm\u00f6glichten gleichzeitig eine nationalistische<br \/>\nLekt\u00fcre die Landschaft und die kartografische Reproduktion der Nation.<\/p>\n<p>Die Selbstverst\u00e4ndlichkeit, mit der sich Karte und Nation gegen Ende des<br \/>\nJahrhunderts schliesslich zur Deckung bringen liessen, hat eine Geschichte,<br \/>\ndie nur als historische Konfiguration von Politik, kartografischer Ordnung und<br \/>\nLandschaft verstanden werden kann. Sie ist Gegenstand dieses Buches. Am<br \/>\nBeispiel der schweizerischen Landesvermessung, die zwischen 1832 und 1865<br \/>\nunter der Leitung von General Guillaume-Henri Dufour durchgef\u00fchrt worden ist,<br \/>\nuntersucht &#8218;Topografien der Nation&#8216; die sozialen Voraussetzungen der<br \/>\nkartografischen Lesbarkeit der Welt.  <\/p>","protected":false},"excerpt":{"rendered":"<p>Landkarten ordnen den Raum und bestimmen die Verh\u00e4ltnisse seiner nat\u00fcrlichen und politischen Elemente. Wer \u00fcber die entsprechende kartografische Lekt\u00fcretechnik verf\u00fcgt, dem steht die Karte als r\u00e4umliches Orientierungsmittel, als politische Entscheidungsgrundlage oder als Instrument der sozialen Selbstverortung zur Verf\u00fcgung. Auch die Kartografie des 19. Jahrhunderts hat dieses Ziel verfolgt und daf\u00fcr eigene Wege und Methoden entwickelt. [&#8230;]\n","protected":false},"featured_media":30000,"template":"","meta":[],"product_brand":[],"product_cat":[21542],"product_tag":[],"class_list":{"0":"post-150200","1":"product","2":"type-product","3":"status-publish","4":"has-post-thumbnail","6":"product_cat-sachbuecher-dokumentationen","7":"pa_autor-gugerli-speich","8":"pa_erscheinungsjahr-22144","9":"pa_region-schweiz","10":"pa_sprache-de","12":"first","13":"instock","14":"taxable","15":"shipping-taxable","16":"purchasable","17":"product-type-simple"},"_links":{"self":[{"href":"https:\/\/pizbube.ch\/en\/wp-json\/wp\/v2\/product\/150200","targetHints":{"allow":["GET"]}}],"collection":[{"href":"https:\/\/pizbube.ch\/en\/wp-json\/wp\/v2\/product"}],"about":[{"href":"https:\/\/pizbube.ch\/en\/wp-json\/wp\/v2\/types\/product"}],"wp:featuredmedia":[{"embeddable":true,"href":"https:\/\/pizbube.ch\/en\/wp-json\/wp\/v2\/media\/30000"}],"wp:attachment":[{"href":"https:\/\/pizbube.ch\/en\/wp-json\/wp\/v2\/media?parent=150200"}],"wp:term":[{"taxonomy":"product_brand","embeddable":true,"href":"https:\/\/pizbube.ch\/en\/wp-json\/wp\/v2\/product_brand?post=150200"},{"taxonomy":"product_cat","embeddable":true,"href":"https:\/\/pizbube.ch\/en\/wp-json\/wp\/v2\/product_cat?post=150200"},{"taxonomy":"product_tag","embeddable":true,"href":"https:\/\/pizbube.ch\/en\/wp-json\/wp\/v2\/product_tag?post=150200"}],"curies":[{"name":"wp","href":"https:\/\/api.w.org\/{rel}","templated":true}]}}