{"id":150201,"date":"2021-01-15T11:01:47","date_gmt":"2021-01-15T11:01:47","guid":{"rendered":"https:\/\/codengine3.ch\/?product=import-placeholder-for-203850"},"modified":"2021-01-15T14:27:13","modified_gmt":"2021-01-15T14:27:13","slug":"berge-aus-dem-all","status":"publish","type":"product","link":"https:\/\/pizbube.ch\/en\/shop\/berge-aus-dem-all\/","title":{"rendered":"Berge aus dem All"},"content":{"rendered":"<p>Ein Blick aus Satellitenperspektive auf die Bergwelten der Erde, wie es ihn<br \/>\nnie zuvor gab. 2004 traf Reinhold Messner Wissenschaftler des Deutschen<br \/>\nZentrums f\u00fcr Luft- und Raumfahrt. Den Bergsteiger schlugen Gebirgsansichen in<br \/>\nden Bann, die selbst ihm neu waren: Berge, H\u00f6henz\u00fcge &#8211; gesehen aus der<br \/>\nUmlaufbahn von Satelliten, aufgenommen zu Forschungszwecken und spektakul\u00e4r<br \/>\nsch\u00f6n. So entstand das Buchprojekt, herausgegeben vom Deutschen Zentrum f\u00fcr<br \/>\nLuft- und Raumfahrt (DLR). Mit der neuesten Version des frequenzmodulierten<br \/>\nRasters gedruckt, sind die Bilder im Buch an Brillanz und Tiefensch\u00e4rfe nicht<br \/>\nzu \u00fcberbieten. Ein Muss f\u00fcr alle, die das Besondere und Ungew\u00f6hnliche lieben.<br \/>\n148 Farbfotos, Karten.<\/p>","protected":false},"excerpt":{"rendered":"<p>Ein Blick aus Satellitenperspektive auf die Bergwelten der Erde, wie es ihn nie zuvor gab. 2004 traf Reinhold Messner Wissenschaftler des Deutschen Zentrums f\u00fcr Luft- und Raumfahrt. Den Bergsteiger schlugen Gebirgsansichen in den Bann, die selbst ihm neu waren: Berge, H\u00f6henz\u00fcge &#8211; gesehen aus der Umlaufbahn von Satelliten, aufgenommen zu Forschungszwecken und spektakul\u00e4r sch\u00f6n. So [&#8230;]\n","protected":false},"featured_media":31546,"template":"","meta":[],"product_brand":[],"product_cat":[21542],"product_tag":[],"class_list":{"0":"post-150201","1":"product","2":"type-product","3":"status-publish","4":"has-post-thumbnail","6":"product_cat-sachbuecher-dokumentationen","7":"pa_autor-dech-messner","8":"pa_erscheinungsjahr-21776","9":"pa_region-deutschland","10":"pa_sprache-de","12":"first","13":"instock","14":"taxable","15":"shipping-taxable","16":"purchasable","17":"product-type-simple"},"_links":{"self":[{"href":"https:\/\/pizbube.ch\/en\/wp-json\/wp\/v2\/product\/150201","targetHints":{"allow":["GET"]}}],"collection":[{"href":"https:\/\/pizbube.ch\/en\/wp-json\/wp\/v2\/product"}],"about":[{"href":"https:\/\/pizbube.ch\/en\/wp-json\/wp\/v2\/types\/product"}],"wp:featuredmedia":[{"embeddable":true,"href":"https:\/\/pizbube.ch\/en\/wp-json\/wp\/v2\/media\/31546"}],"wp:attachment":[{"href":"https:\/\/pizbube.ch\/en\/wp-json\/wp\/v2\/media?parent=150201"}],"wp:term":[{"taxonomy":"product_brand","embeddable":true,"href":"https:\/\/pizbube.ch\/en\/wp-json\/wp\/v2\/product_brand?post=150201"},{"taxonomy":"product_cat","embeddable":true,"href":"https:\/\/pizbube.ch\/en\/wp-json\/wp\/v2\/product_cat?post=150201"},{"taxonomy":"product_tag","embeddable":true,"href":"https:\/\/pizbube.ch\/en\/wp-json\/wp\/v2\/product_tag?post=150201"}],"curies":[{"name":"wp","href":"https:\/\/api.w.org\/{rel}","templated":true}]}}