{"id":150203,"date":"2021-01-15T11:01:47","date_gmt":"2021-01-15T11:01:47","guid":{"rendered":"https:\/\/codengine3.ch\/?product=import-placeholder-for-200897"},"modified":"2021-01-15T11:01:52","modified_gmt":"2021-01-15T11:01:52","slug":"cassin-vita-di-un-alpinista","status":"publish","type":"product","link":"https:\/\/pizbube.ch\/en\/shop\/cassin-vita-di-un-alpinista\/","title":{"rendered":"Cassin, Vita di un alpinista"},"content":{"rendered":"<p>Riccardo Cassin ha raccontato tutto del suo rapporto con la montagna. Ma, come<br \/>\nsempre, sugli aspetti della sua vita non alpinistica, pur narrando pi\u00f9 del<br \/>\nsolito, \u00e8 stato parco di parole. Eppure, un uomo che ha attraversato un secolo<br \/>\n\u00e8 stato testimone di molte vicende, quando non protagonista diretto. Lontano,<br \/>\nma non troppo, dalle sue montagne ecco il Cassin che pochissimi conoscono. Lo<br \/>\nraccontano in questo volume il figlio e un giornalista amico di famiglia da<br \/>\nantica data. L&#8217;infanzia sulle rive del Tagliamento di un piccolo orfano. Il<br \/>\ndramma della Grande Guerra e, soprattutto, Caporetto e gli eroismi degli<br \/>\nsconfitti. Il pugilato, grande amore. Quella lettera a Irma&#8230; La guerra<br \/>\npartigiana, dapprima segreta e poi insanguinata. Grandi rivali sulle pareti e<br \/>\nsplendidi amici dopo le sfide. E, vissuta giorno dopo giorno, l&#8217;eccezionale,<br \/>\ncommovente, avventura del ritrovamento della tomba del padre in Canada 85 anni<br \/>\ndopo la morte. Poi le fotografie, in grandissima parte inedite, delle sue<br \/>\nmontagne e dei suoi compagni di scalate, i documenti, alcuni storicamente<br \/>\ninteressanti.<\/p>","protected":false},"excerpt":{"rendered":"<p>Riccardo Cassin ha raccontato tutto del suo rapporto con la montagna. Ma, come sempre, sugli aspetti della sua vita non alpinistica, pur narrando pi\u00f9 del solito, \u00e8 stato parco di parole. Eppure, un uomo che ha attraversato un secolo \u00e8 stato testimone di molte vicende, quando non protagonista diretto. Lontano, ma non troppo, dalle sue [&#8230;]\n","protected":false},"featured_media":27997,"template":"","meta":[],"product_brand":[],"product_cat":[21542],"product_tag":[],"class_list":{"0":"post-150203","1":"product","2":"type-product","3":"status-publish","4":"has-post-thumbnail","6":"product_cat-sachbuecher-dokumentationen","7":"pa_autor-cassin","8":"pa_autor-redaelli","9":"pa_erscheinungsjahr-22242","10":"pa_region-italien","11":"pa_sprache-it","13":"first","14":"instock","15":"taxable","16":"shipping-taxable","17":"purchasable","18":"product-type-simple"},"_links":{"self":[{"href":"https:\/\/pizbube.ch\/en\/wp-json\/wp\/v2\/product\/150203","targetHints":{"allow":["GET"]}}],"collection":[{"href":"https:\/\/pizbube.ch\/en\/wp-json\/wp\/v2\/product"}],"about":[{"href":"https:\/\/pizbube.ch\/en\/wp-json\/wp\/v2\/types\/product"}],"wp:featuredmedia":[{"embeddable":true,"href":"https:\/\/pizbube.ch\/en\/wp-json\/wp\/v2\/media\/27997"}],"wp:attachment":[{"href":"https:\/\/pizbube.ch\/en\/wp-json\/wp\/v2\/media?parent=150203"}],"wp:term":[{"taxonomy":"product_brand","embeddable":true,"href":"https:\/\/pizbube.ch\/en\/wp-json\/wp\/v2\/product_brand?post=150203"},{"taxonomy":"product_cat","embeddable":true,"href":"https:\/\/pizbube.ch\/en\/wp-json\/wp\/v2\/product_cat?post=150203"},{"taxonomy":"product_tag","embeddable":true,"href":"https:\/\/pizbube.ch\/en\/wp-json\/wp\/v2\/product_tag?post=150203"}],"curies":[{"name":"wp","href":"https:\/\/api.w.org\/{rel}","templated":true}]}}