{"id":150205,"date":"2021-01-15T11:01:48","date_gmt":"2021-01-15T11:01:48","guid":{"rendered":"https:\/\/codengine3.ch\/?product=import-placeholder-for-208388"},"modified":"2021-01-15T17:53:26","modified_gmt":"2021-01-15T17:53:26","slug":"riccardo-cassin-mckinley-face-sud-dvd","status":"publish","type":"product","link":"https:\/\/pizbube.ch\/en\/shop\/riccardo-cassin-mckinley-face-sud-dvd\/","title":{"rendered":"Riccardo Cassin &#8211; McKINLEY FACE SUD (DVD)"},"content":{"rendered":"<p>FILM 1 : McKINLEY 1961, UNE HISTOIRE D&#8217;AMITI\u00c9 : UN FILM DE PAOLA NESSI En<br \/>\n2011, cinquante ans apr\u00e8s la premi\u00e8re ascension victorieuse de la Face Sud du<br \/>\nMcKINLEY (6194 m\u00e8tres) par l&#8217;exp\u00e9dition dirig\u00e9e par Riccardo Cassin, les<br \/>\nprincipaux protagonistes de cet exploit, Gigi Alippi, Romano Perego, Luigino<br \/>\nAiroldi et Annibale Zucchi, \u00e0 l&#8217;\u00e9poque simples grimpeurs \u00e0 Lecco, nous font<br \/>\nrevivre ces moments h\u00e9ro\u00efques \u00e0 l&#8217;aide d&#8217;images in\u00e9dites. Ils \u00e9voquent avec<br \/>\n\u00e9motion et humour toute l&#8217;histoire de cette incroyable exp\u00e9dition, \u00e0 commencer<br \/>\npar leur embauche, haute en couleurs :<\/p>\n<p>-TOI ! APPROCHE, JE DOIS TE PARLER ! &#8230; Cours t&#8217;inscrire au Club Alpin de Lecco !<br \/>\nj&#8217;organise une exp\u00e9dition au McKinley !<br \/>\n&#8211; Le McKinley ?&#8230; Mais \u00e7a ne se trouve pas en Alaska ?<br \/>\n&#8211; Oui, bien s\u00fbr !<br \/>\n&#8211; Mais l&#8217;alaska c&#8217;est tout l\u00e0-haut ! il fait un froid de tous les diables !<br \/>\n&#8211; Parce que tu as peur du froid ?<br \/>\n&#8211; Non&#8230;<\/p>\n<p>FILM 2 : Mc KINLEY FACE SUD : LES IMAGES TOURN\u00c9ES PAR RICCARDO CASSIN La<br \/>\nFondation Riccardo Cassin, qui assure la conservation et la restauration des<br \/>\nimages tourn\u00e9es par Riccardo Cassin au cours de ses nombreuses exp\u00e9ditions<br \/>\ndans le monde entier, nous permet de d\u00e9couvrir aujourd&#8217;hui ces images<br \/>\nr\u00e9alis\u00e9es au cours de l&#8217;ascension de la Face Sud du McKinley. Un document<br \/>\nunique et \u00e9mouvant, compl\u00e9ment indispensable \u00e0 la lecture du livre McKINLEY<br \/>\nFACE SUD.<\/p>\n<p>Version originale italienne sous-titr\u00e9e en fran\u00e7ais.<\/p>\n<p>LIVRE : McKINLEY FACE SUD est l&#8217;un des grands classiques de la litt\u00e9rature de<br \/>\nmontagne. Le r\u00e9cit de ces heures h\u00e9ro\u00efques, sur la face Sud encore invaincue<br \/>\ndu Mont McKinley (6194 m\u00e8tres), est devenu mythique. Riccardo Cassin nous fait<br \/>\nvivre avec une rare intensit\u00e9 cette incroyable ascension sur le plus haut<br \/>\nsommet de l&#8217;Am\u00e9rique du Nord. La descente infernale, par -40 degr\u00e9s pendant<br \/>\ntrois longues journ\u00e9es donnera lieu \u00e0 des actes d&#8217;h\u00e9ro\u00efsme qui marqueront \u00e0<br \/>\njamais les alpinistes exceptionnels qui composent cette exp\u00e9dition. Entre le<br \/>\njour de leur arriv\u00e9e sur le glacier de Kahiltna et le jour o\u00f9 ils atteignent<br \/>\nle sommet, ils vont vivre un mois d&#8217;efforts, de froid, de temp\u00eates, un mois<br \/>\nracont\u00e9 dans les moindres d\u00e9tails, avec une simplicit\u00e9 d\u00e9sarmante, par<br \/>\nRiccardo Cassin : une premi\u00e8re mondiale qui leur vaudra les f\u00e9licitations du<br \/>\nPr\u00e9sident Kennedy.<\/p>\n<p>Description du COFFRET COLLECTOR:<\/p>\n<p>. DVD comprenant 2 films :<br \/>\n&#8211; McKINLEY UNE HISTOIRE D&#8217;AMITIE, un film de Paola Nessi (29 minutes)<br \/>\n&#8211; McKINLEY FACE SUD, un film e Riccardo Cassin (29 minutes)<br \/>\n&#8211; Bonus : Galerie de photographies, biographie<\/p>\n<p>. Livre : McKINLEY FACE SUD de Riccardo Cassin (160 pages)<br \/>\n. Couverture en quadrichromie<br \/>\n. Format ferm\u00e9 : 19 cm x 13,5 cm<\/p>","protected":false},"excerpt":{"rendered":"<ul>\n<li><a href=\"https:\/\/youtu.be\/IaobU48y-y8\" target=\"_blank\" rel=\"noopener\">Video: Trailer Riccardo Cassin<\/a><\/li>\n<\/ul>","protected":false},"featured_media":40055,"template":"","meta":[],"product_brand":[],"product_cat":[21628],"product_tag":[],"class_list":{"0":"post-150205","1":"product","2":"type-product","3":"status-publish","4":"has-post-thumbnail","6":"product_cat-video-dvd-multimedia","7":"pa_autor-nessi","8":"pa_erscheinungsjahr-21568","9":"pa_region-amerika-nord","10":"pa_sprache-it-fr","12":"first","13":"instock","14":"taxable","15":"shipping-taxable","16":"purchasable","17":"product-type-simple"},"_links":{"self":[{"href":"https:\/\/pizbube.ch\/en\/wp-json\/wp\/v2\/product\/150205","targetHints":{"allow":["GET"]}}],"collection":[{"href":"https:\/\/pizbube.ch\/en\/wp-json\/wp\/v2\/product"}],"about":[{"href":"https:\/\/pizbube.ch\/en\/wp-json\/wp\/v2\/types\/product"}],"wp:featuredmedia":[{"embeddable":true,"href":"https:\/\/pizbube.ch\/en\/wp-json\/wp\/v2\/media\/40055"}],"wp:attachment":[{"href":"https:\/\/pizbube.ch\/en\/wp-json\/wp\/v2\/media?parent=150205"}],"wp:term":[{"taxonomy":"product_brand","embeddable":true,"href":"https:\/\/pizbube.ch\/en\/wp-json\/wp\/v2\/product_brand?post=150205"},{"taxonomy":"product_cat","embeddable":true,"href":"https:\/\/pizbube.ch\/en\/wp-json\/wp\/v2\/product_cat?post=150205"},{"taxonomy":"product_tag","embeddable":true,"href":"https:\/\/pizbube.ch\/en\/wp-json\/wp\/v2\/product_tag?post=150205"}],"curies":[{"name":"wp","href":"https:\/\/api.w.org\/{rel}","templated":true}]}}