{"id":150215,"date":"2021-01-15T11:01:48","date_gmt":"2021-01-15T11:01:48","guid":{"rendered":"https:\/\/codengine3.ch\/?product=import-placeholder-for-205810"},"modified":"2021-01-15T14:44:07","modified_gmt":"2021-01-15T14:44:07","slug":"manual-de-autorrescate","status":"publish","type":"product","link":"https:\/\/pizbube.ch\/en\/shop\/manual-de-autorrescate\/","title":{"rendered":"Manual de autorrescate"},"content":{"rendered":"<p>S\u00f3lo el conocimiento y el buen manejo de las t\u00e9cnicas de autorrescate te<br \/>\nsalvar\u00e1n si sufres un accidente escalando en una pared aislada o en una zona<br \/>\nque carezca de cobertura telef\u00f3nica para solicitar ayuda. Que todos posean<br \/>\nestas herramientas fundamentales es el objetivo de este manual. En \u00e9l se<br \/>\nmuestra de forma did\u00e1ctica una exhaustiva recopilaci\u00f3n de maniobras -tanto con<br \/>\nmedios de fortuna como mec\u00e1nicos- que ayudan a resolver los incidentes que<br \/>\npueden darse escalando o caminando por monta\u00f1a, as\u00ed como a salir adelante de<br \/>\nforma aut\u00f3noma en caso de sufrir un accidente, si no hay posibilidad de avisar<br \/>\na los equipos de rescate.  <\/p>\n<p>Te ense\u00f1a desde el ascenso y descenso de heridos con nudos o con bloqueadores,<br \/>\nhasta un correcto uso de los distintos tipos de polipasto, pasando por el<br \/>\nprotocolo de actuaci\u00f3n en caso de accidente, as\u00ed como multitud de recursos<br \/>\npara todos esos casos especiales que puedes encontrarte en las paredes.<br \/>\nSe trata de un libro imprescindible para todo escalador y monta\u00f1ero, escrito<br \/>\ncon un lenguaje sencillo y directo, y de f\u00e1cil comprensi\u00f3n visual gracias a<br \/>\nsus detalladas fotograf\u00edas a todo color de cada elemento y cada secuencia de<br \/>\nmovimientos.  <\/p>","protected":false},"excerpt":{"rendered":"<p>S\u00f3lo el conocimiento y el buen manejo de las t\u00e9cnicas de autorrescate te salvar\u00e1n si sufres un accidente escalando en una pared aislada o en una zona que carezca de cobertura telef\u00f3nica para solicitar ayuda. Que todos posean estas herramientas fundamentales es el objetivo de este manual. En \u00e9l se muestra de forma did\u00e1ctica una [&#8230;]\n","protected":false},"featured_media":34635,"template":"","meta":[],"product_brand":[],"product_cat":[21538],"product_tag":[],"class_list":{"0":"post-150215","1":"product","2":"type-product","3":"status-publish","4":"has-post-thumbnail","6":"product_cat-lehrbuecher","7":"pa_autor-sanchez","8":"pa_erscheinungsjahr-21693","9":"pa_region-klettertechnik","10":"pa_sprache-sp","12":"first","13":"instock","14":"taxable","15":"shipping-taxable","16":"purchasable","17":"product-type-simple"},"_links":{"self":[{"href":"https:\/\/pizbube.ch\/en\/wp-json\/wp\/v2\/product\/150215","targetHints":{"allow":["GET"]}}],"collection":[{"href":"https:\/\/pizbube.ch\/en\/wp-json\/wp\/v2\/product"}],"about":[{"href":"https:\/\/pizbube.ch\/en\/wp-json\/wp\/v2\/types\/product"}],"wp:featuredmedia":[{"embeddable":true,"href":"https:\/\/pizbube.ch\/en\/wp-json\/wp\/v2\/media\/34635"}],"wp:attachment":[{"href":"https:\/\/pizbube.ch\/en\/wp-json\/wp\/v2\/media?parent=150215"}],"wp:term":[{"taxonomy":"product_brand","embeddable":true,"href":"https:\/\/pizbube.ch\/en\/wp-json\/wp\/v2\/product_brand?post=150215"},{"taxonomy":"product_cat","embeddable":true,"href":"https:\/\/pizbube.ch\/en\/wp-json\/wp\/v2\/product_cat?post=150215"},{"taxonomy":"product_tag","embeddable":true,"href":"https:\/\/pizbube.ch\/en\/wp-json\/wp\/v2\/product_tag?post=150215"}],"curies":[{"name":"wp","href":"https:\/\/api.w.org\/{rel}","templated":true}]}}