{"id":150230,"date":"2021-01-15T11:01:49","date_gmt":"2021-01-15T11:01:49","guid":{"rendered":"https:\/\/codengine3.ch\/?product=import-placeholder-for-200902"},"modified":"2021-01-15T11:01:53","modified_gmt":"2021-01-15T11:01:53","slug":"suedtirol-skitouren-fuers-wochenende","status":"publish","type":"product","link":"https:\/\/pizbube.ch\/en\/shop\/suedtirol-skitouren-fuers-wochenende\/","title":{"rendered":"S\u00fcdtirol Skitouren f\u00fcrs Wochenende"},"content":{"rendered":"<p>56 Skitouren im s\u00fcdlichen Tirol<\/p>","protected":false},"excerpt":{"rendered":"<p>56 Skitouren im s\u00fcdlichen Tirol<\/p>","protected":false},"featured_media":28005,"template":"","meta":[],"product_brand":[],"product_cat":[21540],"product_tag":[],"class_list":{"0":"post-150230","1":"product","2":"type-product","3":"status-publish","4":"has-post-thumbnail","6":"product_cat-fuehrerliteratur-alpin-winter","7":"pa_autor-weiss","8":"pa_erscheinungsjahr-22275","9":"pa_region-italien","10":"pa_sprache-de","12":"first","13":"outofstock","14":"taxable","15":"shipping-taxable","16":"purchasable","17":"product-type-simple"},"_links":{"self":[{"href":"https:\/\/pizbube.ch\/en\/wp-json\/wp\/v2\/product\/150230","targetHints":{"allow":["GET"]}}],"collection":[{"href":"https:\/\/pizbube.ch\/en\/wp-json\/wp\/v2\/product"}],"about":[{"href":"https:\/\/pizbube.ch\/en\/wp-json\/wp\/v2\/types\/product"}],"wp:featuredmedia":[{"embeddable":true,"href":"https:\/\/pizbube.ch\/en\/wp-json\/wp\/v2\/media\/28005"}],"wp:attachment":[{"href":"https:\/\/pizbube.ch\/en\/wp-json\/wp\/v2\/media?parent=150230"}],"wp:term":[{"taxonomy":"product_brand","embeddable":true,"href":"https:\/\/pizbube.ch\/en\/wp-json\/wp\/v2\/product_brand?post=150230"},{"taxonomy":"product_cat","embeddable":true,"href":"https:\/\/pizbube.ch\/en\/wp-json\/wp\/v2\/product_cat?post=150230"},{"taxonomy":"product_tag","embeddable":true,"href":"https:\/\/pizbube.ch\/en\/wp-json\/wp\/v2\/product_tag?post=150230"}],"curies":[{"name":"wp","href":"https:\/\/api.w.org\/{rel}","templated":true}]}}