{"id":150231,"date":"2021-01-15T11:01:49","date_gmt":"2021-01-15T11:01:49","guid":{"rendered":"https:\/\/codengine3.ch\/?product=import-placeholder-for-200903"},"modified":"2021-01-15T11:01:53","modified_gmt":"2021-01-15T11:01:53","slug":"ortleralpen-av-skifuehrer","status":"publish","type":"product","link":"https:\/\/pizbube.ch\/en\/shop\/ortleralpen-av-skifuehrer\/","title":{"rendered":"Ortleralpen AV Skif\u00fchrer"},"content":{"rendered":"<p>Ausf\u00fchrlicher Skitourenf\u00fchrer (mit Skiroutenkarte 1: 50 000)<\/p>","protected":false},"excerpt":{"rendered":"<ul>\n<li><b>INFO: keine Neuauflage vorgesehen<b><\/li>\n<\/ul>","protected":false},"featured_media":28006,"template":"","meta":[],"product_brand":[],"product_cat":[21540],"product_tag":[],"class_list":{"0":"post-150231","1":"product","2":"type-product","3":"status-publish","4":"has-post-thumbnail","6":"product_cat-fuehrerliteratur-alpin-winter","7":"pa_autor-weiss","8":"pa_erscheinungsjahr-22154","9":"pa_region-italien","10":"pa_sprache-de","12":"first","13":"outofstock","14":"taxable","15":"shipping-taxable","16":"purchasable","17":"product-type-simple"},"_links":{"self":[{"href":"https:\/\/pizbube.ch\/en\/wp-json\/wp\/v2\/product\/150231","targetHints":{"allow":["GET"]}}],"collection":[{"href":"https:\/\/pizbube.ch\/en\/wp-json\/wp\/v2\/product"}],"about":[{"href":"https:\/\/pizbube.ch\/en\/wp-json\/wp\/v2\/types\/product"}],"wp:featuredmedia":[{"embeddable":true,"href":"https:\/\/pizbube.ch\/en\/wp-json\/wp\/v2\/media\/28006"}],"wp:attachment":[{"href":"https:\/\/pizbube.ch\/en\/wp-json\/wp\/v2\/media?parent=150231"}],"wp:term":[{"taxonomy":"product_brand","embeddable":true,"href":"https:\/\/pizbube.ch\/en\/wp-json\/wp\/v2\/product_brand?post=150231"},{"taxonomy":"product_cat","embeddable":true,"href":"https:\/\/pizbube.ch\/en\/wp-json\/wp\/v2\/product_cat?post=150231"},{"taxonomy":"product_tag","embeddable":true,"href":"https:\/\/pizbube.ch\/en\/wp-json\/wp\/v2\/product_tag?post=150231"}],"curies":[{"name":"wp","href":"https:\/\/api.w.org\/{rel}","templated":true}]}}