{"id":150233,"date":"2021-01-15T11:01:49","date_gmt":"2021-01-15T11:01:49","guid":{"rendered":"https:\/\/codengine3.ch\/?product=import-placeholder-for-201712"},"modified":"2021-01-15T12:03:57","modified_gmt":"2021-01-15T12:03:57","slug":"ortleralpen-avf","status":"publish","type":"product","link":"https:\/\/pizbube.ch\/en\/shop\/ortleralpen-avf\/","title":{"rendered":"Ortleralpen AVF"},"content":{"rendered":"<p>Das umfangreiche Werk enth\u00e4lt alle wichtigen Anstiege in den Ortleralpen. Vor<br \/>\nallem die Anstiege im Ortlerhauptkamm wurden aktualisiert und teilweise<br \/>\nkomplett neu beschrieben, da sich die Verh\u00e4ltnisse durch die Gletscherschmelze<br \/>\nder letzten Jahre gravierend ver\u00e4ndert haben. Seit der 8. Auflage erg\u00e4nzt ein<br \/>\nAnhang mit den H\u00f6henwegen des Gebiets das Angebot des F\u00fchrers.<br \/>\nAV- F\u00fchrer, 9. Auflage 2003, 488 Seiten mit 45 Schwarz-Wei\u00df-Abbildungen , 3<br \/>\nSkizzen, eine farbige \u00dcbersichtskarte im Ma\u00dfstab 1:450.000  <\/p>","protected":false},"excerpt":{"rendered":"<p>Das umfangreiche Werk enth\u00e4lt alle wichtigen Anstiege in den Ortleralpen. Vor allem die Anstiege im Ortlerhauptkamm wurden aktualisiert und teilweise komplett neu beschrieben, da sich die Verh\u00e4ltnisse durch die Gletscherschmelze der letzten Jahre gravierend ver\u00e4ndert haben. Seit der 8. Auflage erg\u00e4nzt ein Anhang mit den H\u00f6henwegen des Gebiets das Angebot des F\u00fchrers. AV- F\u00fchrer, 9. [&#8230;]\n","protected":false},"featured_media":29095,"template":"","meta":[],"product_brand":[],"product_cat":[21544],"product_tag":[],"class_list":{"0":"post-150233","1":"product","2":"type-product","3":"status-publish","4":"has-post-thumbnail","6":"product_cat-fuehrerliteratur-alpin-sommer","7":"pa_autor-holl","8":"pa_erscheinungsjahr-22292","9":"pa_region-italien","10":"pa_sprache-de","12":"first","13":"outofstock","14":"taxable","15":"shipping-taxable","16":"purchasable","17":"product-type-simple"},"_links":{"self":[{"href":"https:\/\/pizbube.ch\/en\/wp-json\/wp\/v2\/product\/150233","targetHints":{"allow":["GET"]}}],"collection":[{"href":"https:\/\/pizbube.ch\/en\/wp-json\/wp\/v2\/product"}],"about":[{"href":"https:\/\/pizbube.ch\/en\/wp-json\/wp\/v2\/types\/product"}],"wp:featuredmedia":[{"embeddable":true,"href":"https:\/\/pizbube.ch\/en\/wp-json\/wp\/v2\/media\/29095"}],"wp:attachment":[{"href":"https:\/\/pizbube.ch\/en\/wp-json\/wp\/v2\/media?parent=150233"}],"wp:term":[{"taxonomy":"product_brand","embeddable":true,"href":"https:\/\/pizbube.ch\/en\/wp-json\/wp\/v2\/product_brand?post=150233"},{"taxonomy":"product_cat","embeddable":true,"href":"https:\/\/pizbube.ch\/en\/wp-json\/wp\/v2\/product_cat?post=150233"},{"taxonomy":"product_tag","embeddable":true,"href":"https:\/\/pizbube.ch\/en\/wp-json\/wp\/v2\/product_tag?post=150233"}],"curies":[{"name":"wp","href":"https:\/\/api.w.org\/{rel}","templated":true}]}}