{"id":150234,"date":"2021-01-15T11:01:49","date_gmt":"2021-01-15T11:01:49","guid":{"rendered":"https:\/\/codengine3.ch\/?product=import-placeholder-for-202548"},"modified":"2021-01-15T12:37:15","modified_gmt":"2021-01-15T12:37:15","slug":"ostalpen-band-7-suedtirol-west","status":"publish","type":"product","link":"https:\/\/pizbube.ch\/en\/shop\/ostalpen-band-7-suedtirol-west\/","title":{"rendered":"Ostalpen Band 7 S\u00fcdtirol West"},"content":{"rendered":"<p>Erfahrene Gebietskenner haben in den s\u00fcdlichen Stubaier und \u00d6tztaler Alpen, in<br \/>\nden Sarntaler Alpen, Ultental, Langtauferstal, Vinschgau, oberes Eisacktal, in<br \/>\nTeilen der Ortlergruppe und in der Sesvennagruppe die sch\u00f6nsten und<br \/>\nlohnendsten Tourenm\u00f6glichkeiten ausfindig gemacht, systematisch geordnet,<br \/>\ndetailliert beschrieben und anschaulich illustriert.<br \/>\nAlpenvereinsf\u00fchrer, 256 Seiten mit 45 Schwarz-Wei\u00df-Abbildungen 33 farbige<br \/>\nKartenausschnitte, eine farbige \u00dcbersichtskarte im Ma\u00dfstab 1:200.000  <\/p>","protected":false},"excerpt":{"rendered":"<p>Erfahrene Gebietskenner haben in den s\u00fcdlichen Stubaier und \u00d6tztaler Alpen, in den Sarntaler Alpen, Ultental, Langtauferstal, Vinschgau, oberes Eisacktal, in Teilen der Ortlergruppe und in der Sesvennagruppe die sch\u00f6nsten und lohnendsten Tourenm\u00f6glichkeiten ausfindig gemacht, systematisch geordnet, detailliert beschrieben und anschaulich illustriert. Alpenvereinsf\u00fchrer, 256 Seiten mit 45 Schwarz-Wei\u00df-Abbildungen 33 farbige Kartenausschnitte, eine farbige \u00dcbersichtskarte im Ma\u00dfstab [&#8230;]\n","protected":false},"featured_media":29951,"template":"","meta":[],"product_brand":[],"product_cat":[21540],"product_tag":[],"class_list":{"0":"post-150234","1":"product","2":"type-product","3":"status-publish","4":"has-post-thumbnail","6":"product_cat-fuehrerliteratur-alpin-winter","7":"pa_autor-gruber-pescoller","8":"pa_erscheinungsjahr-22368","9":"pa_region-italien","10":"pa_sprache-de","12":"first","13":"outofstock","14":"taxable","15":"shipping-taxable","16":"purchasable","17":"product-type-simple"},"_links":{"self":[{"href":"https:\/\/pizbube.ch\/en\/wp-json\/wp\/v2\/product\/150234","targetHints":{"allow":["GET"]}}],"collection":[{"href":"https:\/\/pizbube.ch\/en\/wp-json\/wp\/v2\/product"}],"about":[{"href":"https:\/\/pizbube.ch\/en\/wp-json\/wp\/v2\/types\/product"}],"wp:featuredmedia":[{"embeddable":true,"href":"https:\/\/pizbube.ch\/en\/wp-json\/wp\/v2\/media\/29951"}],"wp:attachment":[{"href":"https:\/\/pizbube.ch\/en\/wp-json\/wp\/v2\/media?parent=150234"}],"wp:term":[{"taxonomy":"product_brand","embeddable":true,"href":"https:\/\/pizbube.ch\/en\/wp-json\/wp\/v2\/product_brand?post=150234"},{"taxonomy":"product_cat","embeddable":true,"href":"https:\/\/pizbube.ch\/en\/wp-json\/wp\/v2\/product_cat?post=150234"},{"taxonomy":"product_tag","embeddable":true,"href":"https:\/\/pizbube.ch\/en\/wp-json\/wp\/v2\/product_tag?post=150234"}],"curies":[{"name":"wp","href":"https:\/\/api.w.org\/{rel}","templated":true}]}}