{"id":150235,"date":"2021-01-15T11:01:49","date_gmt":"2021-01-15T11:01:49","guid":{"rendered":"https:\/\/codengine3.ch\/?product=import-placeholder-for-201267"},"modified":"2021-01-15T12:00:05","modified_gmt":"2021-01-15T12:00:05","slug":"zeit-im-eis","status":"publish","type":"product","link":"https:\/\/pizbube.ch\/en\/shop\/zeit-im-eis\/","title":{"rendered":"Zeit im Eis"},"content":{"rendered":"<p>Bildband \u00fcber den Krieg am Ortler 1915-18:<br \/>\nDen eigentlichen Anla\u00df zu diesem Buch hat ein Naturereignis gegeben &#8211; der<br \/>\nR\u00fcckgang des \u00bbewigen\u00ab Eises infolge der j\u00fcngst eingetretenen<br \/>\nTemperaturanstiege. Vor allem im Ortlergebiet deckten die ausapernden<br \/>\nGletscher in geradezu makabrer Weise Gebein und Ger\u00e4t der Front von 1915 bis<br \/>\n1918 auf. Damit setzte eine Welle neuer Forschung ein, die im dritten Teil<br \/>\ndieses Buches durch Farbbilder aus allerneuester Zeit dokumentiert ist. &#8211; Aber<br \/>\ndie Autoren wollten mehr als nur Fundst\u00fccke zeigen; deshalb wurde als erster<br \/>\nTeil das Archiv des Oberleutnants Franz Haller (1894-1989) ausgewertet, in dem<br \/>\nsich ausgezeichnete Fotos aus dem Alltag eines in der Geschichte einzigartigen<br \/>\nHochgebirgskrieges finden. &#8211; Der zentrale Textteil des Buches wurde aus<br \/>\ngr\u00fcndlichem Studium der Fachliteratur und aus zahlreichen Begehungen und<br \/>\nBefragungen heraus erarbeitet und literarisch gestaltet; dabei geht es dem<br \/>\nVerfasser in erster Linie um die innere Handlung, um das stumme Ertragen eines<br \/>\nharten Gesetzes und um alles Leid, das der Krieg mit sich bringt. &#8211; Fast<br \/>\ngespenstisch wirkt im Anschlu\u00df daran die Bilddokumentation von heute; sie ist<br \/>\neine Mahnung zum Frieden, aber auch ein Monument des Opfergeistes jener<br \/>\nM\u00e4nner, denen die Verteidigung der Heimat \u00fcber alles gegangen war.  <\/p>","protected":false},"excerpt":{"rendered":"<p>Bildband \u00fcber den Krieg am Ortler 1915-18: Den eigentlichen Anla\u00df zu diesem Buch hat ein Naturereignis gegeben &#8211; der R\u00fcckgang des \u00bbewigen\u00ab Eises infolge der j\u00fcngst eingetretenen Temperaturanstiege. Vor allem im Ortlergebiet deckten die ausapernden Gletscher in geradezu makabrer Weise Gebein und Ger\u00e4t der Front von 1915 bis 1918 auf. Damit setzte eine Welle neuer [&#8230;]\n","protected":false},"featured_media":28560,"template":"","meta":[],"product_brand":[],"product_cat":[21542],"product_tag":[],"class_list":{"0":"post-150235","1":"product","2":"type-product","3":"status-publish","4":"has-post-thumbnail","6":"product_cat-sachbuecher-dokumentationen","7":"pa_autor-marseiler-u-a","8":"pa_erscheinungsjahr-22151","9":"pa_region-italien","10":"pa_sprache-de","12":"first","13":"outofstock","14":"taxable","15":"shipping-taxable","16":"purchasable","17":"product-type-simple"},"_links":{"self":[{"href":"https:\/\/pizbube.ch\/en\/wp-json\/wp\/v2\/product\/150235","targetHints":{"allow":["GET"]}}],"collection":[{"href":"https:\/\/pizbube.ch\/en\/wp-json\/wp\/v2\/product"}],"about":[{"href":"https:\/\/pizbube.ch\/en\/wp-json\/wp\/v2\/types\/product"}],"wp:featuredmedia":[{"embeddable":true,"href":"https:\/\/pizbube.ch\/en\/wp-json\/wp\/v2\/media\/28560"}],"wp:attachment":[{"href":"https:\/\/pizbube.ch\/en\/wp-json\/wp\/v2\/media?parent=150235"}],"wp:term":[{"taxonomy":"product_brand","embeddable":true,"href":"https:\/\/pizbube.ch\/en\/wp-json\/wp\/v2\/product_brand?post=150235"},{"taxonomy":"product_cat","embeddable":true,"href":"https:\/\/pizbube.ch\/en\/wp-json\/wp\/v2\/product_cat?post=150235"},{"taxonomy":"product_tag","embeddable":true,"href":"https:\/\/pizbube.ch\/en\/wp-json\/wp\/v2\/product_tag?post=150235"}],"curies":[{"name":"wp","href":"https:\/\/api.w.org\/{rel}","templated":true}]}}