{"id":150236,"date":"2021-01-15T11:01:53","date_gmt":"2021-01-15T11:01:53","guid":{"rendered":"https:\/\/codengine3.ch\/?product=import-placeholder-for-200904"},"modified":"2021-01-15T11:01:58","modified_gmt":"2021-01-15T11:01:58","slug":"bayerische-alpen-50-skitouren-zwischen-inn-und-lech","status":"publish","type":"product","link":"https:\/\/pizbube.ch\/en\/shop\/bayerische-alpen-50-skitouren-zwischen-inn-und-lech\/","title":{"rendered":"Bayerische Alpen &#8211; 50 Skitouren zwischen Inn und Lech"},"content":{"rendered":"<p>Zwischen Inn und Lech &#8211; Skitouren f\u00fcr Einsteiger und Genie\u00dfer  <\/p>\n<p>Stille Anstiege, berauschende Abfahrten, Touren f\u00fcr jede Schneelage und f\u00fcr<br \/>\njeden Geschmack \u2013 in den Bayerischen Alpen, zwischen Inn und lassen sich<br \/>\neinige Schmankerl f\u00fcr Skitourengeher entdecken.<br \/>\nRobert Demmel und Markus Stadler, beide hervorragende Kenner der winterlichen<br \/>\nM\u00fcnchner Skiberge, pr\u00e4sentieren in diesem Rother Skitourenf\u00fchrer die 50<br \/>\nsch\u00f6nsten Skitouren f\u00fcr Einsteiger und Genie\u00dfer. Dazu geh\u00f6ren neben s\u00e4mtlichen<br \/>\nlohnenden Touren in den sanften Vorbergen zwischen Ammergau und Wendelstein<br \/>\nauch Landschaftsgen\u00fcsse in den angrenzenden Tiroler Berggruppen.  <\/p>\n<p>Die Tourenvorschl\u00e4ge verf\u00fcgen \u00fcber pr\u00e4zise Anstiegsbeschreibungen und<br \/>\nKartenausschnitte mit eingetragenem Routenverlauf. Kompakt und \u00fcbersichtlich<br \/>\ngibt es au\u00dferdem Infos zu Anforderung, Lawinengef\u00e4hrdung, Hangausrichtung und<br \/>\ng\u00fcnstiger Jahreszeit. Zahlreiche Farbfotos steigern die Vorfreude auf die<br \/>\nTouren.  <\/p>\n<p>Die Routenf\u00fchrungen wurden auf \u00f6kologische Unbedenklichkeit und auf die<br \/>\nEmpfehlungen des Projektes \u00bbSkibergsteigen umweltfreundlich\u00ab des Deutschen<br \/>\nAlpenvereins (DAV) abgestimmt. Daf\u00fcr wurde dieses Buch mit dem G\u00fctesiegel<br \/>\n\u00bbNat\u00fcrlich auf Tour\u00ab ausgezeichnet.<br \/>\nDie siebte Auflage des Rother Skitourenf\u00fchrers \u00bbBayerische Alpen\u00ab wurde<br \/>\ngr\u00fcndlich aktualisiert.<br \/>\n8. Auflage 2017  <\/p>\n<p>152 Seiten mit 78 Farbabbildungen<br \/>\n49 Tourenk\u00e4rtchen im Ma\u00dfstab 1:50.000 und 1:75.000, zwei \u00dcbersichtskarten im<br \/>\nMa\u00dfstab 1:600.000 und 1:800.000  <\/p>","protected":false},"excerpt":{"rendered":"<ul>\n<li><a href=\"https:\/\/pizbube.ch\/wp-content\/uploads\/attachments\/a_025\/9F30E807D52C2F9AC116C01E1349EEDA.pdf\" target=\"_blank\" rel=\"noopener\">PDF: bayerische_alpen_ski_inhalt.pdf<\/a><\/li>\n<\/ul>","protected":false},"featured_media":38102,"template":"","meta":[],"product_brand":[],"product_cat":[21540],"product_tag":[],"class_list":{"0":"post-150236","1":"product","2":"type-product","3":"status-publish","4":"has-post-thumbnail","6":"product_cat-fuehrerliteratur-alpin-winter","7":"pa_autor-demmel-stadler","8":"pa_erscheinungsjahr-21574","9":"pa_region-deutschland","10":"pa_sprache-de","12":"first","13":"instock","14":"taxable","15":"shipping-taxable","16":"purchasable","17":"product-type-simple"},"_links":{"self":[{"href":"https:\/\/pizbube.ch\/en\/wp-json\/wp\/v2\/product\/150236","targetHints":{"allow":["GET"]}}],"collection":[{"href":"https:\/\/pizbube.ch\/en\/wp-json\/wp\/v2\/product"}],"about":[{"href":"https:\/\/pizbube.ch\/en\/wp-json\/wp\/v2\/types\/product"}],"wp:featuredmedia":[{"embeddable":true,"href":"https:\/\/pizbube.ch\/en\/wp-json\/wp\/v2\/media\/38102"}],"wp:attachment":[{"href":"https:\/\/pizbube.ch\/en\/wp-json\/wp\/v2\/media?parent=150236"}],"wp:term":[{"taxonomy":"product_brand","embeddable":true,"href":"https:\/\/pizbube.ch\/en\/wp-json\/wp\/v2\/product_brand?post=150236"},{"taxonomy":"product_cat","embeddable":true,"href":"https:\/\/pizbube.ch\/en\/wp-json\/wp\/v2\/product_cat?post=150236"},{"taxonomy":"product_tag","embeddable":true,"href":"https:\/\/pizbube.ch\/en\/wp-json\/wp\/v2\/product_tag?post=150236"}],"curies":[{"name":"wp","href":"https:\/\/api.w.org\/{rel}","templated":true}]}}