{"id":150238,"date":"2021-01-15T11:01:54","date_gmt":"2021-01-15T11:01:54","guid":{"rendered":"https:\/\/codengine3.ch\/?product=import-placeholder-for-205428"},"modified":"2021-01-15T14:41:09","modified_gmt":"2021-01-15T14:41:09","slug":"die-schoensten-skitouren-allgaeuer-und-lechtaler-alpen","status":"publish","type":"product","link":"https:\/\/pizbube.ch\/en\/shop\/die-schoensten-skitouren-allgaeuer-und-lechtaler-alpen\/","title":{"rendered":"Die sch\u00f6nsten Skitouren Allg\u00e4uer und Lechtaler Alpen"},"content":{"rendered":"<p>55 abwechslungsreiche Touren zwischen Wiesengel\u00e4nde und Steilabfahrt  <\/p>\n<p>Die Allg\u00e4uer und Lechtaler Alpen bieten dem Skitourengeher \u00fcberaus<br \/>\nabwechslungsreiches Gel\u00e4nde, das von sanften Wiesenh\u00e4ngen \u00fcber rassige<br \/>\nSteilabfahrten bis hin zu weiten, einsamen Karen reicht. Andrea und Andreas<br \/>\nStrau\u00df stellen die lohnendsten Touren vor &#8211; und kommen dabei auf \u00fcber 50<br \/>\ngelungene Tourenziele! Praktische Hinweise zu L\u00e4nge, Zeit, Schwierigkeit und<br \/>\nLawinengef\u00e4hrdung erleichtern die Planung ebenso wie Kartenskizzen und gut<br \/>\nverst\u00e4ndliche Wegbeschreibungen.<\/p>","protected":false},"excerpt":{"rendered":"<p>55 abwechslungsreiche Touren zwischen Wiesengel\u00e4nde und Steilabfahrt Die Allg\u00e4uer und Lechtaler Alpen bieten dem Skitourengeher \u00fcberaus abwechslungsreiches Gel\u00e4nde, das von sanften Wiesenh\u00e4ngen \u00fcber rassige Steilabfahrten bis hin zu weiten, einsamen Karen reicht. Andrea und Andreas Strau\u00df stellen die lohnendsten Touren vor &#8211; und kommen dabei auf \u00fcber 50 gelungene Tourenziele! Praktische Hinweise zu L\u00e4nge, Zeit, [&#8230;]\n","protected":false},"featured_media":34133,"template":"","meta":[],"product_brand":[],"product_cat":[21540],"product_tag":[],"class_list":{"0":"post-150238","1":"product","2":"type-product","3":"status-publish","4":"has-post-thumbnail","6":"product_cat-fuehrerliteratur-alpin-winter","7":"pa_autor-strauss","8":"pa_erscheinungsjahr-21591","9":"pa_region-deutschland","10":"pa_sprache-de","12":"first","13":"outofstock","14":"taxable","15":"shipping-taxable","16":"purchasable","17":"product-type-simple"},"_links":{"self":[{"href":"https:\/\/pizbube.ch\/en\/wp-json\/wp\/v2\/product\/150238","targetHints":{"allow":["GET"]}}],"collection":[{"href":"https:\/\/pizbube.ch\/en\/wp-json\/wp\/v2\/product"}],"about":[{"href":"https:\/\/pizbube.ch\/en\/wp-json\/wp\/v2\/types\/product"}],"wp:featuredmedia":[{"embeddable":true,"href":"https:\/\/pizbube.ch\/en\/wp-json\/wp\/v2\/media\/34133"}],"wp:attachment":[{"href":"https:\/\/pizbube.ch\/en\/wp-json\/wp\/v2\/media?parent=150238"}],"wp:term":[{"taxonomy":"product_brand","embeddable":true,"href":"https:\/\/pizbube.ch\/en\/wp-json\/wp\/v2\/product_brand?post=150238"},{"taxonomy":"product_cat","embeddable":true,"href":"https:\/\/pizbube.ch\/en\/wp-json\/wp\/v2\/product_cat?post=150238"},{"taxonomy":"product_tag","embeddable":true,"href":"https:\/\/pizbube.ch\/en\/wp-json\/wp\/v2\/product_tag?post=150238"}],"curies":[{"name":"wp","href":"https:\/\/api.w.org\/{rel}","templated":true}]}}