{"id":150239,"date":"2021-01-15T11:01:54","date_gmt":"2021-01-15T11:01:54","guid":{"rendered":"https:\/\/codengine3.ch\/?product=import-placeholder-for-205590"},"modified":"2021-01-15T14:42:25","modified_gmt":"2021-01-15T14:42:25","slug":"achensee-rofan-unterinntal-1-50-000","status":"publish","type":"product","link":"https:\/\/pizbube.ch\/en\/shop\/achensee-rofan-unterinntal-1-50-000\/","title":{"rendered":"Achensee, Rofan, Unterinntal 1: 50 000"},"content":{"rendered":"<p>Wanderkarte. Ortsverzeichnis, Kultur, Sehensw\u00fcrdigkeiten, Brauchtum.<br \/>\nAlpinistisch-touristische Informationen, Schutzh\u00fctten und Ausflugsgasth\u00e4user.<br \/>\nTourenvorschl\u00e4ge. Mit Radwanderrouten. (WK 321).<\/p>","protected":false},"excerpt":{"rendered":"<p>Wanderkarte. Ortsverzeichnis, Kultur, Sehensw\u00fcrdigkeiten, Brauchtum. Alpinistisch-touristische Informationen, Schutzh\u00fctten und Ausflugsgasth\u00e4user. Tourenvorschl\u00e4ge. Mit Radwanderrouten. (WK 321).<\/p>","protected":false},"featured_media":34362,"template":"","meta":[],"product_brand":[],"product_cat":[21543],"product_tag":[],"class_list":{"0":"post-150239","1":"product","2":"type-product","3":"status-publish","4":"has-post-thumbnail","6":"product_cat-landkarten","7":"pa_autor-freytag-berndt","8":"pa_erscheinungsjahr-21842","9":"pa_region-oesterreich","10":"pa_sprache-de","12":"first","13":"instock","14":"taxable","15":"shipping-taxable","16":"purchasable","17":"product-type-simple"},"_links":{"self":[{"href":"https:\/\/pizbube.ch\/en\/wp-json\/wp\/v2\/product\/150239","targetHints":{"allow":["GET"]}}],"collection":[{"href":"https:\/\/pizbube.ch\/en\/wp-json\/wp\/v2\/product"}],"about":[{"href":"https:\/\/pizbube.ch\/en\/wp-json\/wp\/v2\/types\/product"}],"wp:featuredmedia":[{"embeddable":true,"href":"https:\/\/pizbube.ch\/en\/wp-json\/wp\/v2\/media\/34362"}],"wp:attachment":[{"href":"https:\/\/pizbube.ch\/en\/wp-json\/wp\/v2\/media?parent=150239"}],"wp:term":[{"taxonomy":"product_brand","embeddable":true,"href":"https:\/\/pizbube.ch\/en\/wp-json\/wp\/v2\/product_brand?post=150239"},{"taxonomy":"product_cat","embeddable":true,"href":"https:\/\/pizbube.ch\/en\/wp-json\/wp\/v2\/product_cat?post=150239"},{"taxonomy":"product_tag","embeddable":true,"href":"https:\/\/pizbube.ch\/en\/wp-json\/wp\/v2\/product_tag?post=150239"}],"curies":[{"name":"wp","href":"https:\/\/api.w.org\/{rel}","templated":true}]}}