{"id":150241,"date":"2021-01-15T11:01:54","date_gmt":"2021-01-15T11:01:54","guid":{"rendered":"https:\/\/codengine3.ch\/?product=import-placeholder-for-206334"},"modified":"2021-01-15T14:48:09","modified_gmt":"2021-01-15T14:48:09","slug":"bayerns-skitouren-berge","status":"publish","type":"product","link":"https:\/\/pizbube.ch\/en\/shop\/bayerns-skitouren-berge\/","title":{"rendered":"Bayerns Skitouren-Berge"},"content":{"rendered":"<p>50 Klassiker zwischen Bodensee und K\u00f6nigssee  <\/p>\n<p>50 Skitouren-Klassiker in den Bayerischen Alpen zwischen Bodensee und<br \/>\nK\u00f6nigssee. Leichte Vorschl\u00e4ge f\u00fcr Anf\u00e4nger, aber auch ambitionierte Routen f\u00fcr<br \/>\nK\u00f6nner. Einzigartig: alle Touren mit grandiosen, zum Teil noch nie gezeigten<br \/>\nLuftbildaufnahmen, pr\u00e4zisen Beschreibungen und Karten.<br \/>\nDie einzelnen Tourensteckbriefe enthalten alle wesentlichen Informationen, die<br \/>\nlebendig geschriebenen Texte vermitteln dar\u00fcber hinaus auch Geschichten und<br \/>\nHintergrundwissen, die das Besondere und Eigent\u00fcmliche eines Berges oder einer<br \/>\nLandschaft beleuchten. Knapp und \u00fcbersichtlich sind die Kapitel zu<br \/>\nTourenplanung, Risikomanagement und dem richtigen Verhalten in Notf\u00e4llen sowie<br \/>\neiner umweltfreundlichen, naturvertr\u00e4glichen Tourenplanung gehalten.  <\/p>","protected":false},"excerpt":{"rendered":"<p>50 Klassiker zwischen Bodensee und K\u00f6nigssee 50 Skitouren-Klassiker in den Bayerischen Alpen zwischen Bodensee und K\u00f6nigssee. Leichte Vorschl\u00e4ge f\u00fcr Anf\u00e4nger, aber auch ambitionierte Routen f\u00fcr K\u00f6nner. Einzigartig: alle Touren mit grandiosen, zum Teil noch nie gezeigten Luftbildaufnahmen, pr\u00e4zisen Beschreibungen und Karten. Die einzelnen Tourensteckbriefe enthalten alle wesentlichen Informationen, die lebendig geschriebenen Texte vermitteln dar\u00fcber hinaus [&#8230;]\n","protected":false},"featured_media":35335,"template":"","meta":[],"product_brand":[],"product_cat":[21540],"product_tag":[],"class_list":{"0":"post-150241","1":"product","2":"type-product","3":"status-publish","4":"has-post-thumbnail","6":"product_cat-fuehrerliteratur-alpin-winter","7":"pa_autor-winter-bodenbender","8":"pa_erscheinungsjahr-21610","9":"pa_region-deutschland","10":"pa_sprache-de","12":"first","13":"instock","14":"taxable","15":"shipping-taxable","16":"purchasable","17":"product-type-simple"},"_links":{"self":[{"href":"https:\/\/pizbube.ch\/en\/wp-json\/wp\/v2\/product\/150241","targetHints":{"allow":["GET"]}}],"collection":[{"href":"https:\/\/pizbube.ch\/en\/wp-json\/wp\/v2\/product"}],"about":[{"href":"https:\/\/pizbube.ch\/en\/wp-json\/wp\/v2\/types\/product"}],"wp:featuredmedia":[{"embeddable":true,"href":"https:\/\/pizbube.ch\/en\/wp-json\/wp\/v2\/media\/35335"}],"wp:attachment":[{"href":"https:\/\/pizbube.ch\/en\/wp-json\/wp\/v2\/media?parent=150241"}],"wp:term":[{"taxonomy":"product_brand","embeddable":true,"href":"https:\/\/pizbube.ch\/en\/wp-json\/wp\/v2\/product_brand?post=150241"},{"taxonomy":"product_cat","embeddable":true,"href":"https:\/\/pizbube.ch\/en\/wp-json\/wp\/v2\/product_cat?post=150241"},{"taxonomy":"product_tag","embeddable":true,"href":"https:\/\/pizbube.ch\/en\/wp-json\/wp\/v2\/product_tag?post=150241"}],"curies":[{"name":"wp","href":"https:\/\/api.w.org\/{rel}","templated":true}]}}