{"id":150242,"date":"2021-01-15T11:01:54","date_gmt":"2021-01-15T11:01:54","guid":{"rendered":"https:\/\/codengine3.ch\/?product=import-placeholder-for-206380"},"modified":"2021-01-15T14:48:32","modified_gmt":"2021-01-15T14:48:32","slug":"muenchner-berge-54-schneeschuhtouren","status":"publish","type":"product","link":"https:\/\/pizbube.ch\/en\/shop\/muenchner-berge-54-schneeschuhtouren\/","title":{"rendered":"M\u00fcnchner Berge &#8211; 54 Schneeschuhtouren"},"content":{"rendered":"<p>Bayerische Alpen und angrenzendes Nordtirol  <\/p>\n<p>Romantische Wanderungen durch verschneite W\u00e4lder oder Gipfelgl\u00fcck in<br \/>\nglei\u00dfender Wintersonne? Mit Schneeschuhen kein Problem denn selbst bei hoher<br \/>\nSchneelage kommen Sie mit den &#8218;B\u00e4rentatzen&#8216; noch gut voran. Die Autorin stellt<br \/>\nin diesem Buch die sch\u00f6nsten Seiten des winterlichen Gebirges in 50<br \/>\nSchneeschuhtouren vor &#8211; von der einfachen, talnahen Winterwanderung bis zur<br \/>\nanspruchsvollen, hochalpinen Gipfeltour. Bekannte Ziele und Klassiker finden<br \/>\nebenso ihren Platz wie stille Geheimtipps und unbekannte Rundtouren. Dabei<br \/>\nwurde gro\u00dfer Wert auf eine umweltvertr\u00e4gliche Routenwahl gelegt.  <\/p>\n<p>144 Seiten mit 83 Farbabbildungen<br \/>\n56 H\u00f6henprofilen, 54 Tourenk\u00e4rtchen im Ma\u00dfstab 1:50.000 und 1:75.000, zwei<br \/>\n\u00dcbersichtskarten im Ma\u00dfstab 1:600.000 und 1:1.000.000,<br \/>\n1. Auflage 2011  <\/p>","protected":false},"excerpt":{"rendered":"<p>Bayerische Alpen und angrenzendes Nordtirol Romantische Wanderungen durch verschneite W\u00e4lder oder Gipfelgl\u00fcck in glei\u00dfender Wintersonne? Mit Schneeschuhen kein Problem denn selbst bei hoher Schneelage kommen Sie mit den &#8218;B\u00e4rentatzen&#8216; noch gut voran. Die Autorin stellt in diesem Buch die sch\u00f6nsten Seiten des winterlichen Gebirges in 50 Schneeschuhtouren vor &#8211; von der einfachen, talnahen Winterwanderung bis [&#8230;]\n","protected":false},"featured_media":35397,"template":"","meta":[],"product_brand":[],"product_cat":[21540],"product_tag":[],"class_list":{"0":"post-150242","1":"product","2":"type-product","3":"status-publish","4":"has-post-thumbnail","6":"product_cat-fuehrerliteratur-alpin-winter","7":"pa_autor-wecker","8":"pa_erscheinungsjahr-21610","9":"pa_region-deutschland","10":"pa_sprache-de","12":"first","13":"instock","14":"taxable","15":"shipping-taxable","16":"purchasable","17":"product-type-simple"},"_links":{"self":[{"href":"https:\/\/pizbube.ch\/en\/wp-json\/wp\/v2\/product\/150242","targetHints":{"allow":["GET"]}}],"collection":[{"href":"https:\/\/pizbube.ch\/en\/wp-json\/wp\/v2\/product"}],"about":[{"href":"https:\/\/pizbube.ch\/en\/wp-json\/wp\/v2\/types\/product"}],"wp:featuredmedia":[{"embeddable":true,"href":"https:\/\/pizbube.ch\/en\/wp-json\/wp\/v2\/media\/35397"}],"wp:attachment":[{"href":"https:\/\/pizbube.ch\/en\/wp-json\/wp\/v2\/media?parent=150242"}],"wp:term":[{"taxonomy":"product_brand","embeddable":true,"href":"https:\/\/pizbube.ch\/en\/wp-json\/wp\/v2\/product_brand?post=150242"},{"taxonomy":"product_cat","embeddable":true,"href":"https:\/\/pizbube.ch\/en\/wp-json\/wp\/v2\/product_cat?post=150242"},{"taxonomy":"product_tag","embeddable":true,"href":"https:\/\/pizbube.ch\/en\/wp-json\/wp\/v2\/product_tag?post=150242"}],"curies":[{"name":"wp","href":"https:\/\/api.w.org\/{rel}","templated":true}]}}