{"id":150243,"date":"2021-01-15T11:01:54","date_gmt":"2021-01-15T11:01:54","guid":{"rendered":"https:\/\/codengine3.ch\/?product=import-placeholder-for-208482"},"modified":"2023-12-21T10:15:35","modified_gmt":"2023-12-21T09:15:35","slug":"skitourenfuehrer-karwendel-rofan-wetterstein-2","status":"publish","type":"product","link":"https:\/\/pizbube.ch\/en\/shop\/skitourenfuehrer-karwendel-rofan-wetterstein-2\/","title":{"rendered":"Skitourenf\u00fchrer Karwendel &#8211; Rofan &#8211; Wetterstein"},"content":{"rendered":"<p>Mit Ammergauer Alpen, Estergebirge, Isarwinkel und Mieminger Kette.<\/p>\n<p>Karwendel, Rofan, Wetterstein, ein wenig Ammergauer und die Voralpen \u2013 viel<br \/>\nGebirge in einem Band. So erlesen die Auswahl der vorgestellten Routen ist, so<br \/>\ngro\u00df ist auch deren Vielfalt: W\u00e4hrend man in den Bayerischen Alpen h\u00e4ufig<br \/>\nsanfte Wald- und Wiesenberge antrifft, so ragen im Rofan, im Karwendel sowie<br \/>\nim Wetterstein- und Mieminger Gebirge hohe Felsmassive mit wilden Karen und<br \/>\nSteilflanken in den Himmel. Viele Skitouren der Bayerischen Alpen eignen sich<br \/>\ndaher gut f\u00fcr Anf\u00e4nger und Gelegenheitstourengeher.<\/p>\n<p>Dagegen sind die oft langen und anspruchsvollen Unternehmungen in den h\u00f6heren<br \/>\nGebieten den erfahrenen Skibergsteigern vorbehalten. Gerade das<br \/>\nKarwendelgebirge hat seinen urspr\u00fcnglichen und wilden Charakter gr\u00f6\u00dftenteils<br \/>\nbewahrt \u2013 gerade im Winter. Es gibt kaum bewirtschaftete H\u00fctten und die<br \/>\nZug\u00e4nge zu den Winterr\u00e4umen f\u00fchren durch lange T\u00e4ler. Einsamkeit und<br \/>\nAbgeschiedenheit sind dort also garantiert \u2013 im Handy-Zeitalter nicht<br \/>\njedermanns Sache.<\/p>\n<p>Die vorliegende 4. Auflage wurde um 19 Skitouren erweitert. Wer seine<br \/>\nwinterlichen Ausfl\u00fcge digital plant, wird sich \u00fcber die Option zum Download<br \/>\nder GPS-Daten freuen.<\/p>\n<p><strong>SONDERPREIS 4. Auflage 2020: CHF 19.00 STATT 36.80<\/strong><\/p>\n<p>312 Seiten, 120 x 185 mm, Softcover, komplett 4 Farbig<\/p>","protected":false},"excerpt":{"rendered":"<ul>\n<li><a href=\"https:\/\/pizbube.ch\/wp-content\/uploads\/attachments\/a_030\/E1FFE23FD37E38B7FF52A870D6C222F7.pdf\" target=\"_blank\" rel=\"noopener\">PDF: Skitouren_Karwendel-Rofan-Wetterstein-Leseprobe<\/a><\/li>\n<\/ul>","protected":false},"featured_media":40330,"template":"","meta":[],"product_brand":[],"product_cat":[21540],"product_tag":[],"class_list":{"0":"post-150243","1":"product","2":"type-product","3":"status-publish","4":"has-post-thumbnail","6":"product_cat-fuehrerliteratur-alpin-winter","7":"pa_autor-neumayr","8":"pa_erscheinungsjahr-21558","9":"pa_region-deutschland","10":"pa_sprache-de","12":"first","13":"instock","14":"sale","15":"taxable","16":"shipping-taxable","17":"purchasable","18":"product-type-simple"},"_links":{"self":[{"href":"https:\/\/pizbube.ch\/en\/wp-json\/wp\/v2\/product\/150243","targetHints":{"allow":["GET"]}}],"collection":[{"href":"https:\/\/pizbube.ch\/en\/wp-json\/wp\/v2\/product"}],"about":[{"href":"https:\/\/pizbube.ch\/en\/wp-json\/wp\/v2\/types\/product"}],"wp:featuredmedia":[{"embeddable":true,"href":"https:\/\/pizbube.ch\/en\/wp-json\/wp\/v2\/media\/40330"}],"wp:attachment":[{"href":"https:\/\/pizbube.ch\/en\/wp-json\/wp\/v2\/media?parent=150243"}],"wp:term":[{"taxonomy":"product_brand","embeddable":true,"href":"https:\/\/pizbube.ch\/en\/wp-json\/wp\/v2\/product_brand?post=150243"},{"taxonomy":"product_cat","embeddable":true,"href":"https:\/\/pizbube.ch\/en\/wp-json\/wp\/v2\/product_cat?post=150243"},{"taxonomy":"product_tag","embeddable":true,"href":"https:\/\/pizbube.ch\/en\/wp-json\/wp\/v2\/product_tag?post=150243"}],"curies":[{"name":"wp","href":"https:\/\/api.w.org\/{rel}","templated":true}]}}