{"id":150244,"date":"2021-01-15T11:01:54","date_gmt":"2021-01-15T11:01:54","guid":{"rendered":"https:\/\/codengine3.ch\/?product=import-placeholder-for-207594"},"modified":"2024-01-16T08:49:11","modified_gmt":"2024-01-16T07:49:11","slug":"freeski-tirol-skialpinismus-in-der-miemingerkette","status":"publish","type":"product","link":"https:\/\/pizbube.ch\/en\/shop\/freeski-tirol-skialpinismus-in-der-miemingerkette\/","title":{"rendered":"Freeski Tirol \u2013 Skialpinismus in der Miemingerkette"},"content":{"rendered":"<p>The times they are a-changin` &#8211; auch beim Skifahren. H\u00e4nge, die vor Jahren<br \/>\nnoch als extrem galten, sind heute nach dem ersten Sch\u00f6nwettertag zerfurcht<br \/>\nund auch abseits der Piste gibt es kein Halten mehr. Reini Scherer kennt in<br \/>\nTirol alles, was steil ist, und im brandneuen F\u00fchrer Freeski Tirol bietet er<br \/>\neinen umfassenden \u00dcberblick \u00fcber das Steilwandfahren in Tirol und dazu<br \/>\ndetaillierte Beschreibungen von 130 steilen Abfahrten in den Mieminger Bergen,<br \/>\ndem Tiroler Top-Spot der extremen Skibergsteiger sowie im angrenzenden<br \/>\nWetterstein. F\u00fcr alle, denen normales Skitourengehen langsam zu langweilig<br \/>\nwird genau das passende Infofutter.<\/p>\n<p>Im Anhang werden weit \u00fcber 100 weitere Steilabfahrten in Tirol mit den<br \/>\ndazugeh\u00f6rigen Basic-Infos aufgef\u00fchrt. Eine Einf\u00fchrung ins Steilwandfahren<br \/>\nsowie dazugeh\u00f6riges Know-How runden das fette 408-seitige Werk ab.<\/p>","protected":false},"excerpt":{"rendered":"<ul>\n<li><a href=\"https:\/\/pizbube.ch\/wp-content\/uploads\/attachments\/a_025\/994EB59DEED765B631D07483E4AC2C02.pdf\" target=\"_blank\" rel=\"noopener\">PDF: Freeski Tirol Leseprobe <\/a><\/li>\n<\/ul>","protected":false},"featured_media":37926,"template":"","meta":[],"product_brand":[],"product_cat":[21540],"product_tag":[],"class_list":{"0":"post-150244","1":"product","2":"type-product","3":"status-publish","4":"has-post-thumbnail","6":"product_cat-fuehrerliteratur-alpin-winter","7":"pa_autor-scherer","8":"pa_erscheinungsjahr-21621","9":"pa_region-oesterreich","10":"pa_sprache-de","12":"first","13":"outofstock","14":"taxable","15":"shipping-taxable","16":"purchasable","17":"product-type-simple"},"_links":{"self":[{"href":"https:\/\/pizbube.ch\/en\/wp-json\/wp\/v2\/product\/150244","targetHints":{"allow":["GET"]}}],"collection":[{"href":"https:\/\/pizbube.ch\/en\/wp-json\/wp\/v2\/product"}],"about":[{"href":"https:\/\/pizbube.ch\/en\/wp-json\/wp\/v2\/types\/product"}],"wp:featuredmedia":[{"embeddable":true,"href":"https:\/\/pizbube.ch\/en\/wp-json\/wp\/v2\/media\/37926"}],"wp:attachment":[{"href":"https:\/\/pizbube.ch\/en\/wp-json\/wp\/v2\/media?parent=150244"}],"wp:term":[{"taxonomy":"product_brand","embeddable":true,"href":"https:\/\/pizbube.ch\/en\/wp-json\/wp\/v2\/product_brand?post=150244"},{"taxonomy":"product_cat","embeddable":true,"href":"https:\/\/pizbube.ch\/en\/wp-json\/wp\/v2\/product_cat?post=150244"},{"taxonomy":"product_tag","embeddable":true,"href":"https:\/\/pizbube.ch\/en\/wp-json\/wp\/v2\/product_tag?post=150244"}],"curies":[{"name":"wp","href":"https:\/\/api.w.org\/{rel}","templated":true}]}}