{"id":150248,"date":"2021-01-15T11:01:54","date_gmt":"2021-01-15T11:01:54","guid":{"rendered":"https:\/\/codengine3.ch\/?product=import-placeholder-for-200905"},"modified":"2024-02-22T17:32:16","modified_gmt":"2024-02-22T16:32:16","slug":"sellrain-kuehtai-skitouren-fuer-einsteiger-und-geniesser","status":"publish","type":"product","link":"https:\/\/pizbube.ch\/en\/shop\/sellrain-kuehtai-skitouren-fuer-einsteiger-und-geniesser\/","title":{"rendered":"Sellrain &#8211; K\u00fchtai Skitourenf\u00fchrer"},"content":{"rendered":"<p>Kematen &#8211; Gries &#8211; Praxmar &#8211; Lisens &#8211; St. Sigmund;<\/p>\n<p><span class=\"value\">Schneesicherheit fast den ganzen Winter hindurch \u2013 daf\u00fcr steht das Tourengebiet im Sellraintal und rund um den K\u00fchtaier Sattel in Tirol. Der Rother Skitourenf\u00fchrer \u00bbSellrain und K\u00fchtai\u00ab h\u00e4lt 50 Tourenvorschl\u00e4ge f\u00fcr Einsteiger und K\u00f6nner bereit, dazu gibt es noch so manchen Geheimtipp f\u00fcr erfahrene Insider auf der Suche nach neuen Zielen.<\/span><\/p>\n<p>Neben Klassikern wie Zwieselbacher Ro\u00dfkogel, Lisenser Fernerkogel oder Rietzer Grie\u00dfkogel haben die Autoren Stephan Baur, Rudolf und Siegrun Weiss besonders die weniger bekannten \u00bbRosinen\u00ab aus dem prachtvollen Tourenangebot gepickt: bisher noch kaum beschriebene Gipfelziele, die dennoch rauschende Pulverschneeabfahrten oder zischendes Firnvergn\u00fcgen versprechen.<\/p>\n<p>Jeder Tourenvorschlag ist mit einem Detailk\u00e4rtchen mit eingetragenem Routenverlauf und Fotos illustriert. Eine Schwierigkeitsskala und ein \u00dcbersichtsk\u00e4rtchen erleichtern die Tourenauswahl und -planung. Zuverl\u00e4ssige Anstiegsbeschreibungen sowie Infos zu Talorten, Ausgangspunkten, H\u00f6henunterschieden, Gehzeiten, Anforderungen, Lawinengef\u00e4hrdung und Hangausrichtung machen die Information komplett.<\/p>\n<p>S\u00e4mtliche Routen in diesem Rother Skitourenf\u00fchrer wurden so ausgew\u00e4hlt, dass sie im Einklang mit den Naturschutzbestimmungen stehen. Schongebiete und Wildruhezonen werden respektiert.<\/p>\n<p>6. aktual. Auflage 2021; 144 Seiten mit 64 Farbabbildungen<br \/>\n50 Tourenk\u00e4rtchen im Ma\u00dfstab 1:50.000, eine \u00dcbersichtskarte im Ma\u00dfstab<br \/>\n1:250.000<\/p>","protected":false},"excerpt":{"rendered":"<p>Kematen &#8211; Gries &#8211; Praxmar &#8211; Lisens &#8211; St. Sigmund; Schneesicherheit fast den ganzen Winter hindurch \u2013 daf\u00fcr steht das Tourengebiet im Sellraintal und rund um den K\u00fchtaier Sattel in Tirol. Der Rother Skitourenf\u00fchrer \u00bbSellrain und K\u00fchtai\u00ab h\u00e4lt 50 Tourenvorschl\u00e4ge f\u00fcr Einsteiger und K\u00f6nner bereit, dazu gibt es noch so manchen Geheimtipp f\u00fcr erfahrene Insider [&#8230;]\n","protected":false},"featured_media":166764,"template":"","meta":[],"product_brand":[],"product_cat":[21540],"product_tag":[],"class_list":{"0":"post-150248","1":"product","2":"type-product","3":"status-publish","4":"has-post-thumbnail","6":"product_cat-fuehrerliteratur-alpin-winter","7":"pa_autor-weiss","8":"pa_erscheinungsjahr-25440","9":"pa_region-oesterreich","10":"pa_sprache-de","12":"first","13":"instock","14":"taxable","15":"shipping-taxable","16":"purchasable","17":"product-type-simple"},"_links":{"self":[{"href":"https:\/\/pizbube.ch\/en\/wp-json\/wp\/v2\/product\/150248","targetHints":{"allow":["GET"]}}],"collection":[{"href":"https:\/\/pizbube.ch\/en\/wp-json\/wp\/v2\/product"}],"about":[{"href":"https:\/\/pizbube.ch\/en\/wp-json\/wp\/v2\/types\/product"}],"wp:featuredmedia":[{"embeddable":true,"href":"https:\/\/pizbube.ch\/en\/wp-json\/wp\/v2\/media\/166764"}],"wp:attachment":[{"href":"https:\/\/pizbube.ch\/en\/wp-json\/wp\/v2\/media?parent=150248"}],"wp:term":[{"taxonomy":"product_brand","embeddable":true,"href":"https:\/\/pizbube.ch\/en\/wp-json\/wp\/v2\/product_brand?post=150248"},{"taxonomy":"product_cat","embeddable":true,"href":"https:\/\/pizbube.ch\/en\/wp-json\/wp\/v2\/product_cat?post=150248"},{"taxonomy":"product_tag","embeddable":true,"href":"https:\/\/pizbube.ch\/en\/wp-json\/wp\/v2\/product_tag?post=150248"}],"curies":[{"name":"wp","href":"https:\/\/api.w.org\/{rel}","templated":true}]}}