{"id":150249,"date":"2021-01-15T11:01:54","date_gmt":"2021-01-15T11:01:54","guid":{"rendered":"https:\/\/codengine3.ch\/?product=import-placeholder-for-205125"},"modified":"2024-02-07T11:38:33","modified_gmt":"2024-02-07T10:38:33","slug":"scialpinismo-in-tirolo-ski-mountaineering-in-tyrol","status":"publish","type":"product","link":"https:\/\/pizbube.ch\/en\/shop\/scialpinismo-in-tirolo-ski-mountaineering-in-tyrol\/","title":{"rendered":"SCIALPINISMO IN TIROLO \/ SKI MOUNTAINEERING IN TYROL"},"content":{"rendered":"<p>Le pi\u00f9 belle gite fra Innsbruck e il Brennero<\/p>\n<p>Con questo libro si apre un minuzioso spaccato non solo su un vastissimo<br \/>\npotenziale scialpinistico ancora poco noto al pubblico italiano, ma anche<br \/>\nsulla societ\u00e0, sulla storia e sulle particolarit\u00e0 pi\u00f9 insolite del Tirolo<br \/>\naustriaco.<\/p>\n<p>La sistematica ricerca durata tre intensi anni nelle valli tra Innsbruck e il<br \/>\nBrennero si \u00e8 concretizzata in una guida &#8218;vissuta&#8216;.<br \/>\nOgni gita qui relazionata, infatti, \u00e8 stata ripetuta, fotografata e descritta<br \/>\ndall&#8217;autore stesso. In queste pagine si concentra u&#8217;unica esperienza diretta,<br \/>\nimpostata con un unico metro da un&#8217;unica persona.<\/p>\n<p>&nbsp;<\/p>\n<p>In three intense years he has covered the valleys from Innsbruck\/ Stubai to<br \/>\nthe Brenner Pass, putting his systematic research into practice through this<br \/>\nguide. Each trip reported here has been undertaken, photographed and described<br \/>\nby the author himself.<\/p>\n<p>A direct, unique experience is concentrated within these pages, set up with<br \/>\none measure by one person. A meticulous cross-section beginning not only with<br \/>\nthe description of the vast ski-mountaineering potential still unfamiliar to<br \/>\nthe Italian audience, but it also describes the society, history and the most<br \/>\nunusual aspects of life in the Austrian Tyrol.<\/p>","protected":false},"excerpt":{"rendered":"<p>Le pi\u00f9 belle gite fra Innsbruck e il Brennero Con questo libro si apre un minuzioso spaccato non solo su un vastissimo potenziale scialpinistico ancora poco noto al pubblico italiano, ma anche sulla societ\u00e0, sulla storia e sulle particolarit\u00e0 pi\u00f9 insolite del Tirolo austriaco. La sistematica ricerca durata tre intensi anni nelle valli tra Innsbruck [&#8230;]\n","protected":false},"featured_media":171512,"template":"","meta":[],"product_brand":[],"product_cat":[21540],"product_tag":[],"class_list":{"0":"post-150249","1":"product","2":"type-product","3":"status-publish","4":"has-post-thumbnail","6":"product_cat-fuehrerliteratur-alpin-winter","7":"pa_autor-iacopelli","8":"pa_erscheinungsjahr-21693","9":"pa_region-oesterreich","10":"pa_sprache-it-en","12":"first","13":"instock","14":"taxable","15":"shipping-taxable","16":"purchasable","17":"product-type-simple"},"_links":{"self":[{"href":"https:\/\/pizbube.ch\/en\/wp-json\/wp\/v2\/product\/150249","targetHints":{"allow":["GET"]}}],"collection":[{"href":"https:\/\/pizbube.ch\/en\/wp-json\/wp\/v2\/product"}],"about":[{"href":"https:\/\/pizbube.ch\/en\/wp-json\/wp\/v2\/types\/product"}],"wp:featuredmedia":[{"embeddable":true,"href":"https:\/\/pizbube.ch\/en\/wp-json\/wp\/v2\/media\/171512"}],"wp:attachment":[{"href":"https:\/\/pizbube.ch\/en\/wp-json\/wp\/v2\/media?parent=150249"}],"wp:term":[{"taxonomy":"product_brand","embeddable":true,"href":"https:\/\/pizbube.ch\/en\/wp-json\/wp\/v2\/product_brand?post=150249"},{"taxonomy":"product_cat","embeddable":true,"href":"https:\/\/pizbube.ch\/en\/wp-json\/wp\/v2\/product_cat?post=150249"},{"taxonomy":"product_tag","embeddable":true,"href":"https:\/\/pizbube.ch\/en\/wp-json\/wp\/v2\/product_tag?post=150249"}],"curies":[{"name":"wp","href":"https:\/\/api.w.org\/{rel}","templated":true}]}}