{"id":150251,"date":"2021-01-15T11:01:54","date_gmt":"2021-01-15T11:01:54","guid":{"rendered":"https:\/\/codengine3.ch\/?product=import-placeholder-for-206411"},"modified":"2021-01-15T14:48:46","modified_gmt":"2021-01-15T14:48:46","slug":"skitourenfuehrer-tirol-die-schoensten-skitouren-von-kitzbuehel-bis-ins-sellraintal","status":"publish","type":"product","link":"https:\/\/pizbube.ch\/en\/shop\/skitourenfuehrer-tirol-die-schoensten-skitouren-von-kitzbuehel-bis-ins-sellraintal\/","title":{"rendered":"Skitourenf\u00fchrer Tirol &#8211; Die sch\u00f6nsten Skitouren von Kitzb\u00fchel bis ins Sellraintal"},"content":{"rendered":"<p>Im \u201eSkitourenf\u00fchrer Tirol\u201c werden sch\u00f6ne Genusstouren, aber auch fast<br \/>\nunbekannte Tourenziele, gewaltige Freeride-Abfahrten, steile Rinnen und<br \/>\nDurchquerungen beschrieben. Die 2. Auflage beinhaltet viele zus\u00e4tzliche<br \/>\nTouren, neue Varianten und zahlreiche neue Routenbilder. Die Tourenregion<br \/>\nerstreckt sich von den Kitzb\u00fcheler, Zillertaler, Tuxer, Stubaier und<br \/>\nChiemgauer Alpen \u00fcber das Kaisergebirge und das Karwendel bis zum Rofangebirge<br \/>\n\u2013 ca. 450 Touren inkl. Abfahrten und Varianten werden vorgestellt.<\/p>\n<p>Der F\u00fchrer bietet neben den ausf\u00fchrlichen Tourenbeschreibungen mit genauen<br \/>\nBundesamtskarten auch viele \u00dcbersichtsbilder, auf denen der Aufstieg genau<br \/>\neingezeichnet ist \u2013 so ist es leichter sich eine gute Vorstellung von der<br \/>\ngew\u00e4hlten Tour zu machen. Die dazugeh\u00f6rigen GPS-Tracks gibt es im Internet als<br \/>\nDownload.<\/p>\n<p>448 Seiten, an die 450 Touren, Varianten und Abfahrten. Format 15,4 x 22 cm,<br \/>\nbroschierte Fadenbindung, Kartenausschnitte, viele Fotos und Luftbilder! 2.<br \/>\nAuflage<\/p>","protected":false},"excerpt":{"rendered":"<ul>\n<li><a href=\"https:\/\/pizbube.ch\/wp-content\/uploads\/attachments\/a_001\/0CBD6150FB28A45A5D3B9D440E5EA401.pdf\" target=\"_blank\" rel=\"noopener\">PDF: inhalt_skitouren_tirol.pdf<\/a><\/li>\n<\/ul>","protected":false},"featured_media":25992,"template":"","meta":[],"product_brand":[],"product_cat":[21540],"product_tag":[],"class_list":{"0":"post-150251","1":"product","2":"type-product","3":"status-publish","4":"has-post-thumbnail","6":"product_cat-fuehrerliteratur-alpin-winter","7":"pa_autor-jentzsch-rabl-zagajsek","8":"pa_erscheinungsjahr-21597","9":"pa_region-oesterreich","10":"pa_sprache-de","12":"first","13":"instock","14":"taxable","15":"shipping-taxable","16":"purchasable","17":"product-type-simple"},"_links":{"self":[{"href":"https:\/\/pizbube.ch\/en\/wp-json\/wp\/v2\/product\/150251","targetHints":{"allow":["GET"]}}],"collection":[{"href":"https:\/\/pizbube.ch\/en\/wp-json\/wp\/v2\/product"}],"about":[{"href":"https:\/\/pizbube.ch\/en\/wp-json\/wp\/v2\/types\/product"}],"wp:featuredmedia":[{"embeddable":true,"href":"https:\/\/pizbube.ch\/en\/wp-json\/wp\/v2\/media\/25992"}],"wp:attachment":[{"href":"https:\/\/pizbube.ch\/en\/wp-json\/wp\/v2\/media?parent=150251"}],"wp:term":[{"taxonomy":"product_brand","embeddable":true,"href":"https:\/\/pizbube.ch\/en\/wp-json\/wp\/v2\/product_brand?post=150251"},{"taxonomy":"product_cat","embeddable":true,"href":"https:\/\/pizbube.ch\/en\/wp-json\/wp\/v2\/product_cat?post=150251"},{"taxonomy":"product_tag","embeddable":true,"href":"https:\/\/pizbube.ch\/en\/wp-json\/wp\/v2\/product_tag?post=150251"}],"curies":[{"name":"wp","href":"https:\/\/api.w.org\/{rel}","templated":true}]}}