{"id":150252,"date":"2021-01-15T11:01:54","date_gmt":"2021-01-15T11:01:54","guid":{"rendered":"https:\/\/codengine3.ch\/?product=import-placeholder-for-202508"},"modified":"2021-01-15T12:36:51","modified_gmt":"2021-01-15T12:36:51","slug":"ski-touren-fuer-jede-jahreszeit-rund-um-innsbruck","status":"publish","type":"product","link":"https:\/\/pizbube.ch\/en\/shop\/ski-touren-fuer-jede-jahreszeit-rund-um-innsbruck\/","title":{"rendered":"Ski Touren f\u00fcr jede Jahreszeit rund um Innsbruck."},"content":{"rendered":"<p>In diesem Werk werden 36 Skitouren rund um Innsbruck vorgestellt, gegliedert<br \/>\nnach Jahreszeiten vom Sp\u00e4therbst bis zum Fr\u00fchsommer und nicht wie \u00fcblich nach<br \/>\nGebirgsgruppen oder T\u00e4lern.  <\/p>\n<p>Genaue Routenzeichnungen und anregende Bilder zu jeder Tour lassen jene<br \/>\nUnentwegten besser verstehen, die in guten Jahren bereits im Oktober nach den<br \/>\nTourenski greifen.<br \/>\nZahlr. Farbfotos u. Routen-Skizz. 202 g. 112 S.<\/p>","protected":false},"excerpt":{"rendered":"<p>In diesem Werk werden 36 Skitouren rund um Innsbruck vorgestellt, gegliedert nach Jahreszeiten vom Sp\u00e4therbst bis zum Fr\u00fchsommer und nicht wie \u00fcblich nach Gebirgsgruppen oder T\u00e4lern. Genaue Routenzeichnungen und anregende Bilder zu jeder Tour lassen jene Unentwegten besser verstehen, die in guten Jahren bereits im Oktober nach den Tourenski greifen. Zahlr. Farbfotos u. Routen-Skizz. 202 [&#8230;]\n","protected":false},"featured_media":29904,"template":"","meta":[],"product_brand":[],"product_cat":[21540],"product_tag":[],"class_list":{"0":"post-150252","1":"product","2":"type-product","3":"status-publish","4":"has-post-thumbnail","6":"product_cat-fuehrerliteratur-alpin-winter","7":"pa_autor-weiss","8":"pa_erscheinungsjahr-22242","9":"pa_region-oesterreich","10":"pa_sprache-de","12":"first","13":"instock","14":"taxable","15":"shipping-taxable","16":"purchasable","17":"product-type-simple"},"_links":{"self":[{"href":"https:\/\/pizbube.ch\/en\/wp-json\/wp\/v2\/product\/150252","targetHints":{"allow":["GET"]}}],"collection":[{"href":"https:\/\/pizbube.ch\/en\/wp-json\/wp\/v2\/product"}],"about":[{"href":"https:\/\/pizbube.ch\/en\/wp-json\/wp\/v2\/types\/product"}],"wp:featuredmedia":[{"embeddable":true,"href":"https:\/\/pizbube.ch\/en\/wp-json\/wp\/v2\/media\/29904"}],"wp:attachment":[{"href":"https:\/\/pizbube.ch\/en\/wp-json\/wp\/v2\/media?parent=150252"}],"wp:term":[{"taxonomy":"product_brand","embeddable":true,"href":"https:\/\/pizbube.ch\/en\/wp-json\/wp\/v2\/product_brand?post=150252"},{"taxonomy":"product_cat","embeddable":true,"href":"https:\/\/pizbube.ch\/en\/wp-json\/wp\/v2\/product_cat?post=150252"},{"taxonomy":"product_tag","embeddable":true,"href":"https:\/\/pizbube.ch\/en\/wp-json\/wp\/v2\/product_tag?post=150252"}],"curies":[{"name":"wp","href":"https:\/\/api.w.org\/{rel}","templated":true}]}}