{"id":150253,"date":"2021-01-15T11:01:54","date_gmt":"2021-01-15T11:01:54","guid":{"rendered":"https:\/\/codengine3.ch\/?product=import-placeholder-for-201886"},"modified":"2023-02-17T12:01:52","modified_gmt":"2023-02-17T11:01:52","slug":"schitouren-atlas-suedtirol-oesterreich-sued","status":"publish","type":"product","link":"https:\/\/pizbube.ch\/en\/shop\/schitouren-atlas-suedtirol-oesterreich-sued\/","title":{"rendered":"SCHITOUREN-ATLAS S\u00fcdtirol &amp; \u00d6sterreich S\u00fcd"},"content":{"rendered":"<p>S\u00fcdtirol, Osttirol, K\u00e4rnten<\/p>\n<p>Auswahlf\u00fchrer: Zillertal, Stubai, \u00d6tztal, Ortler, Dolomiten, Hohe Tauern,<br \/>\nKarnische Alpen, Grossglockner, Grossvenediger, Villgraten, Defereggental,<br \/>\nSesvenna, Karawanken, Sarntaler Alpen, Matscher Tal, Martelltal,<br \/>\nLangtauferstal (400 Skigipfel sind beschrieben).<br \/>\nDie lohnendsten und interessantesten Schitouren f\u00fcr Genie\u00dfer in<br \/>\nS\u00fcdtirol\/Dolomiten, Osttirol und K\u00e4rnten. Das Autorenteam setzt sich zusammen<br \/>\naus den besten Gebietskennern und anerkannten Fachleuten, welche sich f\u00fcr die<br \/>\nQualit\u00e4t der hier vorgestellten Tourenvorschl\u00e4ge verb\u00fcrgen.<br \/>\nRoutenskizzen auf Kompa\u00df-Karten, pr\u00e4zise Information, \u00dcbersichten nach<br \/>\nschitechn. Schwierigkeit, Hm und Lage, Lawinengefahrskala, viele Fotos,<br \/>\nTabellen, Quickfinder, St\u00fctzpunkte, usw.<br \/>\n3., aktualisierte und stark erweiterte Neuauflage 2009!<\/p>","protected":false},"excerpt":{"rendered":"<p>S\u00fcdtirol, Osttirol, K\u00e4rnten Auswahlf\u00fchrer: Zillertal, Stubai, \u00d6tztal, Ortler, Dolomiten, Hohe Tauern, Karnische Alpen, Grossglockner, Grossvenediger, Villgraten, Defereggental, Sesvenna, Karawanken, Sarntaler Alpen, Matscher Tal, Martelltal, Langtauferstal (400 Skigipfel sind beschrieben). Die lohnendsten und interessantesten Schitouren f\u00fcr Genie\u00dfer in S\u00fcdtirol\/Dolomiten, Osttirol und K\u00e4rnten. Das Autorenteam setzt sich zusammen aus den besten Gebietskennern und anerkannten Fachleuten, welche sich [&#8230;]\n","protected":false},"featured_media":29276,"template":"","meta":[],"product_brand":[],"product_cat":[21540],"product_tag":[],"class_list":{"0":"post-150253","1":"product","2":"type-product","3":"status-publish","4":"has-post-thumbnail","6":"product_cat-fuehrerliteratur-alpin-winter","7":"pa_autor-weiss-schall","8":"pa_erscheinungsjahr-21693","9":"pa_region-oesterreich","10":"pa_sprache-de","12":"first","13":"outofstock","14":"taxable","15":"shipping-taxable","16":"purchasable","17":"product-type-simple"},"_links":{"self":[{"href":"https:\/\/pizbube.ch\/en\/wp-json\/wp\/v2\/product\/150253","targetHints":{"allow":["GET"]}}],"collection":[{"href":"https:\/\/pizbube.ch\/en\/wp-json\/wp\/v2\/product"}],"about":[{"href":"https:\/\/pizbube.ch\/en\/wp-json\/wp\/v2\/types\/product"}],"wp:featuredmedia":[{"embeddable":true,"href":"https:\/\/pizbube.ch\/en\/wp-json\/wp\/v2\/media\/29276"}],"wp:attachment":[{"href":"https:\/\/pizbube.ch\/en\/wp-json\/wp\/v2\/media?parent=150253"}],"wp:term":[{"taxonomy":"product_brand","embeddable":true,"href":"https:\/\/pizbube.ch\/en\/wp-json\/wp\/v2\/product_brand?post=150253"},{"taxonomy":"product_cat","embeddable":true,"href":"https:\/\/pizbube.ch\/en\/wp-json\/wp\/v2\/product_cat?post=150253"},{"taxonomy":"product_tag","embeddable":true,"href":"https:\/\/pizbube.ch\/en\/wp-json\/wp\/v2\/product_tag?post=150253"}],"curies":[{"name":"wp","href":"https:\/\/api.w.org\/{rel}","templated":true}]}}