{"id":150254,"date":"2021-01-15T11:01:54","date_gmt":"2021-01-15T11:01:54","guid":{"rendered":"https:\/\/codengine3.ch\/?product=import-placeholder-for-200910"},"modified":"2024-06-20T14:14:45","modified_gmt":"2024-06-20T12:14:45","slug":"schitouren-atlas-oesterreich-west","status":"publish","type":"product","link":"https:\/\/pizbube.ch\/en\/shop\/schitouren-atlas-oesterreich-west\/","title":{"rendered":"Schitouren-Atlas \u00d6sterreich West"},"content":{"rendered":"<p>\u00dcber 400 Schitourengipfel in Salzburg, Tirol und Vorarlberg &#8211; mit ca. 600<br \/>\nTourenabfahrten<\/p>\n<p>Das neue Standardwerk f\u00fcr alle Schitouren in West-\u00d6sterreich (Salzburg, Tirol,<br \/>\nVorarlberg).<br \/>\nAuswahlf\u00fchrer: Routenskizzen auf Bundesamtkarten, pr\u00e4zise Information,<br \/>\n\u00dcbersichten nach schitechnischer Schwierigkeit, H\u00f6henmeter und Lage,<br \/>\nLawinengefahrskala, viele Fotos.<\/p>\n<p>Tennengebirge, Hochk\u00f6nig, Steinernes Meer, Loferer Steinberge, Kaisergebirge,<br \/>\nKarwendel, Wetterstein, Allg\u00e4uer Alpen, Lechtaler Alpen,<br \/>\nR\u00e4tikon, Vorarlberg, Silvretta, Arlberg, Verwall- u. Samnaungruppe, \u00d6tztaler-,<br \/>\nStubaier- u. Zillertaler Alpen,<br \/>\nTuxer Voralpen, Kitzb\u00fcheler Alpen, Hohe Tauern, n\u00f6rdl. Radst\u00e4dter Tauern.<\/p>\n<p>4. Aufl. 2014, 448 Seiten, ca. 600 Abbildungen, stabiles 4-Loch-Ringbuch-<br \/>\nSystem.<\/p>","protected":false},"excerpt":{"rendered":"<ul>\n<li><strong><a href=\"https:\/\/pizbube.ch\/wp-content\/uploads\/attachments\/a_026\/AAF3A1F29BA8469092CBB57AF37CDB6E.pdf\" target=\"_blank\" rel=\"noopener\">PDF: schitourenatlas \u00f6sterreich west_inhaltsverzeichnis<\/a><\/strong><\/li>\n<\/ul>","protected":false},"featured_media":159705,"template":"","meta":[],"product_brand":[],"product_cat":[21540],"product_tag":[],"class_list":{"0":"post-150254","1":"product","2":"type-product","3":"status-publish","4":"has-post-thumbnail","6":"product_cat-fuehrerliteratur-alpin-winter","7":"pa_autor-weiss-schall-lexer","8":"pa_erscheinungsjahr-21550","9":"pa_region-oesterreich","10":"pa_sprache-de","12":"first","13":"instock","14":"taxable","15":"shipping-taxable","16":"purchasable","17":"product-type-simple"},"_links":{"self":[{"href":"https:\/\/pizbube.ch\/en\/wp-json\/wp\/v2\/product\/150254","targetHints":{"allow":["GET"]}}],"collection":[{"href":"https:\/\/pizbube.ch\/en\/wp-json\/wp\/v2\/product"}],"about":[{"href":"https:\/\/pizbube.ch\/en\/wp-json\/wp\/v2\/types\/product"}],"wp:featuredmedia":[{"embeddable":true,"href":"https:\/\/pizbube.ch\/en\/wp-json\/wp\/v2\/media\/159705"}],"wp:attachment":[{"href":"https:\/\/pizbube.ch\/en\/wp-json\/wp\/v2\/media?parent=150254"}],"wp:term":[{"taxonomy":"product_brand","embeddable":true,"href":"https:\/\/pizbube.ch\/en\/wp-json\/wp\/v2\/product_brand?post=150254"},{"taxonomy":"product_cat","embeddable":true,"href":"https:\/\/pizbube.ch\/en\/wp-json\/wp\/v2\/product_cat?post=150254"},{"taxonomy":"product_tag","embeddable":true,"href":"https:\/\/pizbube.ch\/en\/wp-json\/wp\/v2\/product_tag?post=150254"}],"curies":[{"name":"wp","href":"https:\/\/api.w.org\/{rel}","templated":true}]}}