{"id":150255,"date":"2021-01-15T11:01:54","date_gmt":"2021-01-15T11:01:54","guid":{"rendered":"https:\/\/codengine3.ch\/?product=import-placeholder-for-200906"},"modified":"2021-01-15T11:01:59","modified_gmt":"2021-01-15T11:01:59","slug":"nord-tirol-ost-tirol-skitouren-fuers-wochenende","status":"publish","type":"product","link":"https:\/\/pizbube.ch\/en\/shop\/nord-tirol-ost-tirol-skitouren-fuers-wochenende\/","title":{"rendered":"Nord Tirol- Ost Tirol Skitouren f\u00fcrs Wochenende"},"content":{"rendered":"<p>Auswahlf\u00fchrer mit 56 Vorschl\u00e4gen<\/p>","protected":false},"excerpt":{"rendered":"<p>Auswahlf\u00fchrer mit 56 Vorschl\u00e4gen<\/p>","protected":false},"featured_media":28011,"template":"","meta":[],"product_brand":[],"product_cat":[21540],"product_tag":[],"class_list":{"0":"post-150255","1":"product","2":"type-product","3":"status-publish","4":"has-post-thumbnail","6":"product_cat-fuehrerliteratur-alpin-winter","7":"pa_autor-weiss","8":"pa_erscheinungsjahr-22295","9":"pa_region-oesterreich","10":"pa_sprache-de","12":"first","13":"instock","14":"taxable","15":"shipping-taxable","16":"purchasable","17":"product-type-simple"},"_links":{"self":[{"href":"https:\/\/pizbube.ch\/en\/wp-json\/wp\/v2\/product\/150255","targetHints":{"allow":["GET"]}}],"collection":[{"href":"https:\/\/pizbube.ch\/en\/wp-json\/wp\/v2\/product"}],"about":[{"href":"https:\/\/pizbube.ch\/en\/wp-json\/wp\/v2\/types\/product"}],"wp:featuredmedia":[{"embeddable":true,"href":"https:\/\/pizbube.ch\/en\/wp-json\/wp\/v2\/media\/28011"}],"wp:attachment":[{"href":"https:\/\/pizbube.ch\/en\/wp-json\/wp\/v2\/media?parent=150255"}],"wp:term":[{"taxonomy":"product_brand","embeddable":true,"href":"https:\/\/pizbube.ch\/en\/wp-json\/wp\/v2\/product_brand?post=150255"},{"taxonomy":"product_cat","embeddable":true,"href":"https:\/\/pizbube.ch\/en\/wp-json\/wp\/v2\/product_cat?post=150255"},{"taxonomy":"product_tag","embeddable":true,"href":"https:\/\/pizbube.ch\/en\/wp-json\/wp\/v2\/product_tag?post=150255"}],"curies":[{"name":"wp","href":"https:\/\/api.w.org\/{rel}","templated":true}]}}