{"id":150258,"date":"2021-01-15T11:01:54","date_gmt":"2021-01-15T11:01:54","guid":{"rendered":"https:\/\/codengine3.ch\/?product=import-placeholder-for-204001"},"modified":"2021-01-15T14:28:45","modified_gmt":"2021-01-15T14:28:45","slug":"tiroler-skitouren-handbuch","status":"publish","type":"product","link":"https:\/\/pizbube.ch\/en\/shop\/tiroler-skitouren-handbuch\/","title":{"rendered":"Tiroler Skitouren Handbuch"},"content":{"rendered":"<p>\n\u00dcber 160 Berge f\u00fcr Einsteiger und Profis<br \/>\nWir wollten nicht nur einen neuen Schitouren-F\u00fchrer f\u00fcr Tirol schreiben,<br \/>\nbetonen die beiden Autoren. Es sollte vielmehr ein umfassendes Handbuch<br \/>\nwerden.  <\/p>\n<p>&#8211; Mit nicht weniger als 121 herrlichen Schitouren auf insgesamt 161 Berge in<br \/>\nTirol und an der Grenze<br \/>\n&#8211; f\u00fcr Einsteiger ebenso geeignet wie f\u00fcr Profis<br \/>\n&#8211; mit stimmungsvollen Fotos, exakten Routenbeschreibungen sowie<br \/>\nKartenausschnitten zu jeder Tour<\/p>\n<p>5. Auflage 20184<br \/>\n32 Seiten, kartoniert<\/p>","protected":false},"excerpt":{"rendered":"<p>\u00dcber 160 Berge f\u00fcr Einsteiger und Profis Wir wollten nicht nur einen neuen Schitouren-F\u00fchrer f\u00fcr Tirol schreiben, betonen die beiden Autoren. Es sollte vielmehr ein umfassendes Handbuch werden. &#8211; Mit nicht weniger als 121 herrlichen Schitouren auf insgesamt 161 Berge in Tirol und an der Grenze &#8211; f\u00fcr Einsteiger ebenso geeignet wie f\u00fcr Profis &#8211; [&#8230;]\n","protected":false},"featured_media":32614,"template":"","meta":[],"product_brand":[],"product_cat":[21540],"product_tag":[],"class_list":{"0":"post-150258","1":"product","2":"type-product","3":"status-publish","4":"has-post-thumbnail","6":"product_cat-fuehrerliteratur-alpin-winter","7":"pa_autor-pokos-huettl","8":"pa_erscheinungsjahr-21546","9":"pa_region-oesterreich","10":"pa_sprache-de","12":"first","13":"instock","14":"taxable","15":"shipping-taxable","16":"purchasable","17":"product-type-simple"},"_links":{"self":[{"href":"https:\/\/pizbube.ch\/en\/wp-json\/wp\/v2\/product\/150258","targetHints":{"allow":["GET"]}}],"collection":[{"href":"https:\/\/pizbube.ch\/en\/wp-json\/wp\/v2\/product"}],"about":[{"href":"https:\/\/pizbube.ch\/en\/wp-json\/wp\/v2\/types\/product"}],"wp:featuredmedia":[{"embeddable":true,"href":"https:\/\/pizbube.ch\/en\/wp-json\/wp\/v2\/media\/32614"}],"wp:attachment":[{"href":"https:\/\/pizbube.ch\/en\/wp-json\/wp\/v2\/media?parent=150258"}],"wp:term":[{"taxonomy":"product_brand","embeddable":true,"href":"https:\/\/pizbube.ch\/en\/wp-json\/wp\/v2\/product_brand?post=150258"},{"taxonomy":"product_cat","embeddable":true,"href":"https:\/\/pizbube.ch\/en\/wp-json\/wp\/v2\/product_cat?post=150258"},{"taxonomy":"product_tag","embeddable":true,"href":"https:\/\/pizbube.ch\/en\/wp-json\/wp\/v2\/product_tag?post=150258"}],"curies":[{"name":"wp","href":"https:\/\/api.w.org\/{rel}","templated":true}]}}