{"id":150259,"date":"2021-01-15T11:01:55","date_gmt":"2021-01-15T11:01:55","guid":{"rendered":"https:\/\/codengine3.ch\/?product=import-placeholder-for-200907"},"modified":"2023-03-07T16:40:49","modified_gmt":"2023-03-07T15:40:49","slug":"freeride-map-lech-zuers-warth-125000","status":"publish","type":"product","link":"https:\/\/pizbube.ch\/en\/shop\/freeride-map-lech-zuers-warth-125000\/","title":{"rendered":"Freeride Map Lech \/ Z\u00fcrs \/ Warth 1:25&#8217;000"},"content":{"rendered":"<p>freeride maps &#8211; die Karten f\u00fcr die besten freeride-spots!<\/p>\n<p>Lech\/Z\u00fcrs\/Warth Arlberg<\/p>\n<p>insiderwissen &#8211; alle rides auf einer karte<br \/>\ndetailliert &#8211; massstab 1:25 000 liefert alle infos<br \/>\n\u00fcbersichtlich &#8211; drei schwierigkeitsgrade in drei farben<br \/>\nunzerst\u00f6rbar &#8211; gedruckt auf reiss- und wasserfestes papier<br \/>\nkomplett &#8211; basiswissen routenplanung, lawinenpr\u00e4vention und rettung auf der<br \/>\nr\u00fcckseite<\/p>\n<p>Die farblich gekennzeichneten Freeride-Korridore zeigen die Bereiche, welche<br \/>\nbefahren werden k\u00f6nnen. Sie sind in drei Schwierigkeitsstufen dargestellt.<br \/>\nDie Freeride Map basiert auf den Landeskarten der Schweizerischen Bundesamt<br \/>\nf\u00fcr Landestopografie swisstopo und des BEV \u00d6sterreich im Massstab 1:25&#8217;000 und<br \/>\nbietet alle n\u00f6tigen Gel\u00e4ndeinformationen, die f\u00fcr die Planung und Umsetzung<br \/>\nvon Freeride-Touren erforderlich sind. Die Freeride Map ist auf wasser- und<br \/>\nreissfester Folie gedruckt und dadurch praktisch unzerst\u00f6rbar.<\/p>\n<p>kompakt: Format 10&#215;15 cm passt in jede jacken-\/ hosentasche<br \/>\ninternational: alle karten sind zweisprachig deutsch\/englisch oder<br \/>\ndeutsch\/franz\u00f6sisch<\/p>","protected":false},"excerpt":{"rendered":"<p>freeride maps &#8211; die Karten f\u00fcr die besten freeride-spots! Lech\/Z\u00fcrs\/Warth Arlberg insiderwissen &#8211; alle rides auf einer karte detailliert &#8211; massstab 1:25 000 liefert alle infos \u00fcbersichtlich &#8211; drei schwierigkeitsgrade in drei farben unzerst\u00f6rbar &#8211; gedruckt auf reiss- und wasserfestes papier komplett &#8211; basiswissen routenplanung, lawinenpr\u00e4vention und rettung auf der r\u00fcckseite Die farblich gekennzeichneten Freeride-Korridore [&#8230;]\n","protected":false},"featured_media":28013,"template":"","meta":[],"product_brand":[],"product_cat":[21543],"product_tag":[],"class_list":{"0":"post-150259","1":"product","2":"type-product","3":"status-publish","4":"has-post-thumbnail","6":"product_cat-landkarten","7":"pa_autor-outdoorguide","8":"pa_erscheinungsjahr-21597","9":"pa_region-oesterreich","10":"pa_sprache-d","11":"pa_sprache-e","13":"first","14":"outofstock","15":"taxable","16":"shipping-taxable","17":"purchasable","18":"product-type-simple"},"_links":{"self":[{"href":"https:\/\/pizbube.ch\/en\/wp-json\/wp\/v2\/product\/150259","targetHints":{"allow":["GET"]}}],"collection":[{"href":"https:\/\/pizbube.ch\/en\/wp-json\/wp\/v2\/product"}],"about":[{"href":"https:\/\/pizbube.ch\/en\/wp-json\/wp\/v2\/types\/product"}],"wp:featuredmedia":[{"embeddable":true,"href":"https:\/\/pizbube.ch\/en\/wp-json\/wp\/v2\/media\/28013"}],"wp:attachment":[{"href":"https:\/\/pizbube.ch\/en\/wp-json\/wp\/v2\/media?parent=150259"}],"wp:term":[{"taxonomy":"product_brand","embeddable":true,"href":"https:\/\/pizbube.ch\/en\/wp-json\/wp\/v2\/product_brand?post=150259"},{"taxonomy":"product_cat","embeddable":true,"href":"https:\/\/pizbube.ch\/en\/wp-json\/wp\/v2\/product_cat?post=150259"},{"taxonomy":"product_tag","embeddable":true,"href":"https:\/\/pizbube.ch\/en\/wp-json\/wp\/v2\/product_tag?post=150259"}],"curies":[{"name":"wp","href":"https:\/\/api.w.org\/{rel}","templated":true}]}}