{"id":150261,"date":"2021-01-15T11:01:55","date_gmt":"2021-01-15T11:01:55","guid":{"rendered":"https:\/\/codengine3.ch\/?product=import-placeholder-for-203564"},"modified":"2021-01-15T14:24:30","modified_gmt":"2021-01-15T14:24:30","slug":"abseits-der-piste-rund-um-den-arlberg","status":"publish","type":"product","link":"https:\/\/pizbube.ch\/en\/shop\/abseits-der-piste-rund-um-den-arlberg\/","title":{"rendered":"Abseits der Piste rund um den Arlberg"},"content":{"rendered":"<p>Der Arlberg hat neben seinen 260 Pistenkilometern und mit 83 Bergbahnen<br \/>\nnat\u00fcrlich auch eine Vielzahl an herrlichen Varianten abseits der Piste zu<br \/>\nbieten. Entweder mit relativ kurzen Anstiegen oder auch in direkter Abfahrt<br \/>\nvon den diversen Bergstationen k\u00f6nnen traumhafte Gel\u00e4ndeabfahrten erreicht<br \/>\nwerden.<br \/>\nOb Tiefschneeanf\u00e4nger oder Experte, der Arlberg hat f\u00fcr jeden etwas zu bieten.<br \/>\nDieses Buch beinhaltet insgesamt 63, nicht zu stark frequentierte<br \/>\nStandardabfahrten im freien Skiraum rund um den Arlberg mit 91<br \/>\nBildbeschreibungen inclusive Heliskiing.<br \/>\nAlle in diesem Buch beschriebenen Abfahrten und Anstiege sind ohne jegliche<br \/>\nSkitourenausr\u00fcstung durchf\u00fchrbar. Insgesamt sind ca.300 Abfahrtskilometer im<br \/>\nfreien Skiraum beschrieben.<br \/>\n3. Auflg. 2009  <\/p>","protected":false},"excerpt":{"rendered":"<p>Der Arlberg hat neben seinen 260 Pistenkilometern und mit 83 Bergbahnen nat\u00fcrlich auch eine Vielzahl an herrlichen Varianten abseits der Piste zu bieten. Entweder mit relativ kurzen Anstiegen oder auch in direkter Abfahrt von den diversen Bergstationen k\u00f6nnen traumhafte Gel\u00e4ndeabfahrten erreicht werden. Ob Tiefschneeanf\u00e4nger oder Experte, der Arlberg hat f\u00fcr jeden etwas zu bieten. Dieses [&#8230;]\n","protected":false},"featured_media":31207,"template":"","meta":[],"product_brand":[],"product_cat":[21540],"product_tag":[],"class_list":{"0":"post-150261","1":"product","2":"type-product","3":"status-publish","4":"has-post-thumbnail","6":"product_cat-fuehrerliteratur-alpin-winter","7":"pa_autor-thurner","8":"pa_erscheinungsjahr-21693","9":"pa_region-oesterreich","10":"pa_sprache-de","12":"first","13":"instock","14":"taxable","15":"shipping-taxable","16":"purchasable","17":"product-type-simple"},"_links":{"self":[{"href":"https:\/\/pizbube.ch\/en\/wp-json\/wp\/v2\/product\/150261","targetHints":{"allow":["GET"]}}],"collection":[{"href":"https:\/\/pizbube.ch\/en\/wp-json\/wp\/v2\/product"}],"about":[{"href":"https:\/\/pizbube.ch\/en\/wp-json\/wp\/v2\/types\/product"}],"wp:featuredmedia":[{"embeddable":true,"href":"https:\/\/pizbube.ch\/en\/wp-json\/wp\/v2\/media\/31207"}],"wp:attachment":[{"href":"https:\/\/pizbube.ch\/en\/wp-json\/wp\/v2\/media?parent=150261"}],"wp:term":[{"taxonomy":"product_brand","embeddable":true,"href":"https:\/\/pizbube.ch\/en\/wp-json\/wp\/v2\/product_brand?post=150261"},{"taxonomy":"product_cat","embeddable":true,"href":"https:\/\/pizbube.ch\/en\/wp-json\/wp\/v2\/product_cat?post=150261"},{"taxonomy":"product_tag","embeddable":true,"href":"https:\/\/pizbube.ch\/en\/wp-json\/wp\/v2\/product_tag?post=150261"}],"curies":[{"name":"wp","href":"https:\/\/api.w.org\/{rel}","templated":true}]}}