{"id":150262,"date":"2021-01-15T11:01:55","date_gmt":"2021-01-15T11:01:55","guid":{"rendered":"https:\/\/codengine3.ch\/?product=import-placeholder-for-205933"},"modified":"2025-04-09T09:13:59","modified_gmt":"2025-04-09T07:13:59","slug":"die-schoensten-freerides-in-den-oesterreichischen-alpen","status":"publish","type":"product","link":"https:\/\/pizbube.ch\/en\/shop\/die-schoensten-freerides-in-den-oesterreichischen-alpen\/","title":{"rendered":"Die sch\u00f6nsten Freerides in den \u00d6sterreichischen Alpen"},"content":{"rendered":"<p>Das erste Freeride-Buch f\u00fcr \u00d6sterreich \u00fcberhaupt zeigt die 50 attraktivsten<br \/>\nFreeride-Touren in den \u00f6sterreichischen Alpen.<\/p>\n<p>Jede Tour wird mit allen n\u00f6tigen praktischen Informationen wie Anfahrt,<br \/>\nbenutzte Bahnen, Route, Schwierigkeit sowie informativen Karten pr\u00e4sentiert.<br \/>\nErstklassige Fotos wecken Lust auf Freeriding im frischen Powder. Eine<br \/>\nausf\u00fchrliche Einleitung ist den Gefahren der Berge, der sorgf\u00e4tigen und<br \/>\nverantwortungsbewussten Tourenplanung, den Grundlagen der Lawinenrettung und<br \/>\ndem Schutz von Natur und Wildtieren gewidmet.<\/p>","protected":false},"excerpt":{"rendered":"<ul>\n<li><a href=\"https:\/\/pizbube.ch\/wp-content\/uploads\/attachments\/a_003\/3002FCB3FEC6CA02BF39D0867BAE2FB4.pdf\" target=\"_blank\" rel=\"noopener\">PDF: Leseprobe_Die sch\u00f6nsten Freerides in den \u00d6sterreichischen Alpen<\/a><\/li>\n<\/ul>","protected":false},"featured_media":38733,"template":"","meta":[],"product_brand":[],"product_cat":[21540],"product_tag":[],"class_list":{"0":"post-150262","1":"product","2":"type-product","3":"status-publish","4":"has-post-thumbnail","6":"product_cat-fuehrerliteratur-alpin-winter","7":"pa_autor-buschor-penning-radtke","8":"pa_erscheinungsjahr-21693","9":"pa_region-oesterreich","10":"pa_sprache-de","12":"first","13":"outofstock","14":"taxable","15":"shipping-taxable","16":"purchasable","17":"product-type-simple"},"_links":{"self":[{"href":"https:\/\/pizbube.ch\/en\/wp-json\/wp\/v2\/product\/150262","targetHints":{"allow":["GET"]}}],"collection":[{"href":"https:\/\/pizbube.ch\/en\/wp-json\/wp\/v2\/product"}],"about":[{"href":"https:\/\/pizbube.ch\/en\/wp-json\/wp\/v2\/types\/product"}],"wp:featuredmedia":[{"embeddable":true,"href":"https:\/\/pizbube.ch\/en\/wp-json\/wp\/v2\/media\/38733"}],"wp:attachment":[{"href":"https:\/\/pizbube.ch\/en\/wp-json\/wp\/v2\/media?parent=150262"}],"wp:term":[{"taxonomy":"product_brand","embeddable":true,"href":"https:\/\/pizbube.ch\/en\/wp-json\/wp\/v2\/product_brand?post=150262"},{"taxonomy":"product_cat","embeddable":true,"href":"https:\/\/pizbube.ch\/en\/wp-json\/wp\/v2\/product_cat?post=150262"},{"taxonomy":"product_tag","embeddable":true,"href":"https:\/\/pizbube.ch\/en\/wp-json\/wp\/v2\/product_tag?post=150262"}],"curies":[{"name":"wp","href":"https:\/\/api.w.org\/{rel}","templated":true}]}}