{"id":150265,"date":"2021-01-15T11:01:55","date_gmt":"2021-01-15T11:01:55","guid":{"rendered":"https:\/\/codengine3.ch\/?product=import-placeholder-for-205527"},"modified":"2021-01-15T14:41:57","modified_gmt":"2021-01-15T14:41:57","slug":"wiener-hausberge-50-skitouren","status":"publish","type":"product","link":"https:\/\/pizbube.ch\/en\/shop\/wiener-hausberge-50-skitouren\/","title":{"rendered":"Wiener Hausberge &#8211; 50 Skitouren"},"content":{"rendered":"<p>Zwischen Hochkar und Wechsel.  <\/p>\n<p>In den Wiener Hausbergen \u2013 vom Wienerwald und Wechsel, von \u00d6tscher und Hochkar<br \/>\nbis zu den Fischbacher Alpen \u2013 befindet sich die Wiege des alpinen Skilaufs.<br \/>\nDie Tradition des Skibergsteigens ist hier gro\u00df. Kaum verwunderlich, dass sich<br \/>\nnicht nur der Schneeberg, der \u00f6stlichste Zweitausender der Alpen, sondern auch<br \/>\ndie zahlreichen Gipfel ringsum zu beliebten Anziehungspunkten f\u00fcr Skitou-<br \/>\nrengeher etabliert haben. Der Rother Skitourenf\u00fchrer \u00bbWiener Hausberge\u00ab stellt<br \/>\n50 abwechslungsreiche Skitouren vor.  <\/p>\n<p>Das Spektrum an Tourenm\u00f6glichkeiten ist breit: Von leichten Anf\u00e4ngerrouten bis<br \/>\nzu rassigen Rinnen und Karen, von kurzen Anstiegen und langen Abfahrten bis zu<br \/>\nhochalpinen Skibergtouren, von beliebten Strecken bis zu einsamen Spuren in<br \/>\nunber\u00fchrter Natur findet sich f\u00fcr jeden Geschmack und jede Wettersituation die<br \/>\npassende Tour.  <\/p>\n<p>Jede Tour wird mit einer zuverl\u00e4ssigen Wegbeschreibung und einem<br \/>\nTourenk\u00e4rtchen mit eingetragenem Routenverlauf vorgestellt. Eine farbige<br \/>\nSchwierigkeitsskala erleichtert die Auswahl, eine \u00fcbersichtliche<br \/>\nTourencharakteristik informiert \u00fcber Ausgangspunkt, H\u00f6henunterschied,<br \/>\nAnforderung und vieles mehr. Unerl\u00e4sslich sind die Informationen \u00fcber<br \/>\nLawinengef\u00e4hrdung, Hangausrichtung, Orientierung und g\u00fcnstiger Jahreszeit.<br \/>\nAuch Tipps zu Einkehrm\u00f6glichkeiten und f\u00fcr Varianten finden sich zu jeder<br \/>\nTour.  <\/p>\n<p>Wolfgang Ladenbauer, langj\u00e4hriger Landesleiter der Bergrettung<br \/>\nNieder\u00f6sterreich\/Wien, stellt in diesem Band seine Sammlung der 50 sch\u00f6nsten<br \/>\nSkitouren in der Umgebung Wiens vor.<\/p>\n<p>2. Auflage 2015; 144 Seiten mit 89 Farbabbildungen<br \/>\n50 Tourenk\u00e4rtchen im Ma\u00dfstab 1:50.000 und 1:75.000, zwei \u00dcbersichtskarten im<br \/>\nMa\u00dfstab 1:600.000 und 1:1.200.000  <\/p>","protected":false},"excerpt":{"rendered":"<ul>\n<li><a href=\"https:\/\/pizbube.ch\/wp-content\/uploads\/attachments\/a_015\/5D501C15A9528FAC91C8A0638F60EDD7.pdf\" target=\"_blank\" rel=\"noopener\">PDF: wiener_hausberge_inhaltsverzeichnis.pdf<\/a><\/li>\n<\/ul>","protected":false},"featured_media":34260,"template":"","meta":[],"product_brand":[],"product_cat":[21540],"product_tag":[],"class_list":{"0":"post-150265","1":"product","2":"type-product","3":"status-publish","4":"has-post-thumbnail","6":"product_cat-fuehrerliteratur-alpin-winter","7":"pa_autor-ladenbauer","8":"pa_erscheinungsjahr-21597","9":"pa_region-oesterreich","10":"pa_sprache-de","12":"first","13":"instock","14":"taxable","15":"shipping-taxable","16":"purchasable","17":"product-type-simple"},"_links":{"self":[{"href":"https:\/\/pizbube.ch\/en\/wp-json\/wp\/v2\/product\/150265","targetHints":{"allow":["GET"]}}],"collection":[{"href":"https:\/\/pizbube.ch\/en\/wp-json\/wp\/v2\/product"}],"about":[{"href":"https:\/\/pizbube.ch\/en\/wp-json\/wp\/v2\/types\/product"}],"wp:featuredmedia":[{"embeddable":true,"href":"https:\/\/pizbube.ch\/en\/wp-json\/wp\/v2\/media\/34260"}],"wp:attachment":[{"href":"https:\/\/pizbube.ch\/en\/wp-json\/wp\/v2\/media?parent=150265"}],"wp:term":[{"taxonomy":"product_brand","embeddable":true,"href":"https:\/\/pizbube.ch\/en\/wp-json\/wp\/v2\/product_brand?post=150265"},{"taxonomy":"product_cat","embeddable":true,"href":"https:\/\/pizbube.ch\/en\/wp-json\/wp\/v2\/product_cat?post=150265"},{"taxonomy":"product_tag","embeddable":true,"href":"https:\/\/pizbube.ch\/en\/wp-json\/wp\/v2\/product_tag?post=150265"}],"curies":[{"name":"wp","href":"https:\/\/api.w.org\/{rel}","templated":true}]}}