{"id":150266,"date":"2021-01-15T11:01:55","date_gmt":"2021-01-15T11:01:55","guid":{"rendered":"https:\/\/codengine3.ch\/?product=import-placeholder-for-204712"},"modified":"2021-01-15T14:35:38","modified_gmt":"2021-01-15T14:35:38","slug":"ski-extrem-guide","status":"publish","type":"product","link":"https:\/\/pizbube.ch\/en\/shop\/ski-extrem-guide\/","title":{"rendered":"Ski Extrem Guide"},"content":{"rendered":"<p>Steilw\u00e4nde und Normalanstiege auf 78 Gipfel in der Steiermark,<br \/>\nNieder\u00f6sterreich und Salzburg<\/p>\n<p>Im Pulverschnee an steilen Bergflanken, in engen Couloirs abw\u00e4rts schwingen<br \/>\nund sich zwischen Felsen den Weg nach unten suchen. Diese Tr\u00e4ume aus<br \/>\nzahlreichen Skifilmen werden als kompakter F\u00fchrer mit ausf\u00fchrlichen<br \/>\nRoutenbeschreibungen pr\u00e4sentiert.<br \/>\nSehr steile Flanken brauchen neben genauen Toureninfos auch optimale<br \/>\nVerh\u00e4ltnisse, da es diese aber nicht an jedem Tourentag gibt, haben die<br \/>\nAutoren neben der Extremroute zus\u00e4tzlich eine leichtere Skitour auf den<br \/>\ngleichen Gipfel beschrieben. Diese leichten Anstiege sind meistens auch<br \/>\nanf\u00e4ngerfreundlich und erm\u00f6glichen dem nicht ganz so versierten Skitourengeher<br \/>\nden h\u00f6chsten Punkt zu erreichen.<\/p>\n<p>Der versierte Skitourengeher bekommt mit diesem Buch einen sch\u00f6nen \u00dcberblick<br \/>\n\u00fcber die steileren Abfahrtsm\u00f6glichkeiten. Um die Auswahl besser verst\u00e4ndlich<br \/>\nzu machen, wurde das Bewertungssystem ausgeweitet. Neben der skitechnischen<br \/>\nSchwierigkeit werden auch das n\u00f6tige alpinistische K\u00f6nnen und das mit jeder<br \/>\nSteilwandbefahrung verbundene Risiko angegeben.<br \/>\nDetaillierte Routenbeschreibungen, \u00dcbersichtsbilder der zu befahrenden<br \/>\nSteilh\u00e4nge und Rinnen, Landkarten mit eingezeichneten Linien f\u00fcr den Aufstieg<br \/>\nbzw. die Abfahrt in sehr guter Qualit\u00e4t. Zus\u00e4tzlich gibt es die M\u00f6glichkeit,<br \/>\ndie Tracks der jeweiligen Routen via Internet von der Verlagswebseite als<br \/>\nDownload zu beziehen.<\/p>\n<p>336 Seiten, Format 15,4 x 22 cm, broschierte Fadenbindung, Kartenausschnitte,<br \/>\nviele Fotos<\/p>\n<p>With english version; There are also short English abstracts with the most<br \/>\nimportant information about the routes in the book.<\/p>","protected":false},"excerpt":{"rendered":"<p>Steilw\u00e4nde und Normalanstiege auf 78 Gipfel in der Steiermark, Nieder\u00f6sterreich und Salzburg Im Pulverschnee an steilen Bergflanken, in engen Couloirs abw\u00e4rts schwingen und sich zwischen Felsen den Weg nach unten suchen. Diese Tr\u00e4ume aus zahlreichen Skifilmen werden als kompakter F\u00fchrer mit ausf\u00fchrlichen Routenbeschreibungen pr\u00e4sentiert. Sehr steile Flanken brauchen neben genauen Toureninfos auch optimale Verh\u00e4ltnisse, da [&#8230;]\n","protected":false},"featured_media":33058,"template":"","meta":[],"product_brand":[],"product_cat":[21540],"product_tag":[],"class_list":{"0":"post-150266","1":"product","2":"type-product","3":"status-publish","4":"has-post-thumbnail","6":"product_cat-fuehrerliteratur-alpin-winter","7":"pa_autor-pichler-pichler-kolland","8":"pa_erscheinungsjahr-21568","9":"pa_region-oesterreich","10":"pa_sprache-de","12":"first","13":"instock","14":"taxable","15":"shipping-taxable","16":"purchasable","17":"product-type-simple"},"_links":{"self":[{"href":"https:\/\/pizbube.ch\/en\/wp-json\/wp\/v2\/product\/150266","targetHints":{"allow":["GET"]}}],"collection":[{"href":"https:\/\/pizbube.ch\/en\/wp-json\/wp\/v2\/product"}],"about":[{"href":"https:\/\/pizbube.ch\/en\/wp-json\/wp\/v2\/types\/product"}],"wp:featuredmedia":[{"embeddable":true,"href":"https:\/\/pizbube.ch\/en\/wp-json\/wp\/v2\/media\/33058"}],"wp:attachment":[{"href":"https:\/\/pizbube.ch\/en\/wp-json\/wp\/v2\/media?parent=150266"}],"wp:term":[{"taxonomy":"product_brand","embeddable":true,"href":"https:\/\/pizbube.ch\/en\/wp-json\/wp\/v2\/product_brand?post=150266"},{"taxonomy":"product_cat","embeddable":true,"href":"https:\/\/pizbube.ch\/en\/wp-json\/wp\/v2\/product_cat?post=150266"},{"taxonomy":"product_tag","embeddable":true,"href":"https:\/\/pizbube.ch\/en\/wp-json\/wp\/v2\/product_tag?post=150266"}],"curies":[{"name":"wp","href":"https:\/\/api.w.org\/{rel}","templated":true}]}}